{"id":1042,"date":"2024-01-15T11:12:02","date_gmt":"2024-01-15T16:12:02","guid":{"rendered":"https:\/\/fablabazuero.utp.ac.pa\/?page_id=1042"},"modified":"2024-01-15T11:13:25","modified_gmt":"2024-01-15T16:13:25","slug":"noticia-6","status":"publish","type":"page","link":"https:\/\/fablabazuero.utp.ac.pa\/?page_id=1042","title":{"rendered":"Noticia-6"},"content":{"rendered":"\t\t<div data-elementor-type=\"wp-page\" data-elementor-id=\"1042\" class=\"elementor elementor-1042\">\n\t\t\t\t\t\t<section class=\"elementor-section elementor-top-section elementor-element elementor-element-50957a3 elementor-section-boxed elementor-section-height-default elementor-section-height-default\" data-id=\"50957a3\" data-element_type=\"section\">\n\t\t\t\t\t\t<div class=\"elementor-container elementor-column-gap-default\">\n\t\t\t\t\t<div class=\"elementor-column elementor-col-100 elementor-top-column elementor-element elementor-element-0a301e9\" data-id=\"0a301e9\" data-element_type=\"column\">\n\t\t\t<div class=\"elementor-widget-wrap elementor-element-populated\">\n\t\t\t\t\t\t<div class=\"elementor-element elementor-element-319398d elementor-widget elementor-widget-heading\" data-id=\"319398d\" data-element_type=\"widget\" data-widget_type=\"heading.default\">\n\t\t\t\t<div class=\"elementor-widget-container\">\n\t\t\t\t\t<h2 class=\"elementor-heading-title elementor-size-default\">Sustentaci\u00f3n de tesis de pregrado en el Centro Regional de Azuero<\/h2>\t\t\t\t<\/div>\n\t\t\t\t<\/div>\n\t\t\t\t\t<\/div>\n\t\t<\/div>\n\t\t\t\t\t<\/div>\n\t\t<\/section>\n\t\t\t\t<section class=\"elementor-section elementor-top-section elementor-element elementor-element-f5942b9 elementor-section-boxed elementor-section-height-default elementor-section-height-default\" data-id=\"f5942b9\" data-element_type=\"section\">\n\t\t\t\t\t\t<div class=\"elementor-container elementor-column-gap-default\">\n\t\t\t\t\t<div class=\"elementor-column elementor-col-100 elementor-top-column elementor-element elementor-element-6009273\" data-id=\"6009273\" data-element_type=\"column\">\n\t\t\t<div class=\"elementor-widget-wrap elementor-element-populated\">\n\t\t\t\t\t\t<div class=\"elementor-element elementor-element-87aa222 elementor-widget elementor-widget-text-editor\" data-id=\"87aa222\" data-element_type=\"widget\" data-widget_type=\"text-editor.default\">\n\t\t\t\t<div class=\"elementor-widget-container\">\n\t\t\t\t\t\t\t\t\t<div class=\"group-right region-noticias-2\"><div class=\"field field-name-body field-type-text-with-summary field-label-hidden\"><div class=\"field-items\"><div class=\"field-item even\"><p>El estudiante de la Licenciatura en Ingenier\u00eda Electromec\u00e1nica Edgar V\u00e1squez sustent\u00f3 su trabajo de tesis de pregrado: \u201cDesarrollo, prototipado e implementaci\u00f3n de un sistema de control y adquisici\u00f3n de datos de bajo costo para la puesta en servicio de una m\u00e1quina de ensayos de tensi\u00f3n\u201d.<\/p><p>Este trabajo fue asesorado por el Dr. Domingo Vega y la sustentaci\u00f3n se llev\u00f3 a cabo, de forma virtual, a trav\u00e9s de la plataforma Teams, el 17 de febrero de 2023.<\/p><p>En esta tesis se presenta el trabajo que se llev\u00f3 a cabo para la rehabilitaci\u00f3n de una m\u00e1quina para ensayos de tensi\u00f3n de la Facultad de Ingenier\u00eda Mec\u00e1nica, la que se emplea para diferentes laboratorios.<\/p><\/div><\/div><\/div><\/div>\t\t\t\t\t\t\t\t<\/div>\n\t\t\t\t<\/div>\n\t\t\t\t\t<\/div>\n\t\t<\/div>\n\t\t\t\t\t<\/div>\n\t\t<\/section>\n\t\t\t\t<section class=\"elementor-section elementor-top-section elementor-element elementor-element-63beb90 elementor-section-boxed elementor-section-height-default elementor-section-height-default\" data-id=\"63beb90\" data-element_type=\"section\">\n\t\t\t\t\t\t<div class=\"elementor-container elementor-column-gap-default\">\n\t\t\t\t\t<div class=\"elementor-column elementor-col-33 elementor-top-column elementor-element elementor-element-e8645a1\" data-id=\"e8645a1\" data-element_type=\"column\">\n\t\t\t<div class=\"elementor-widget-wrap elementor-element-populated\">\n\t\t\t\t\t\t<div class=\"elementor-element elementor-element-c84ce8a elementor-widget elementor-widget-image\" data-id=\"c84ce8a\" data-element_type=\"widget\" data-widget_type=\"image.default\">\n\t\t\t\t<div class=\"elementor-widget-container\">\n\t\t\t\t\t\t\t\t\t\t\t\t\t\t\t<img fetchpriority=\"high\" decoding=\"async\" width=\"1024\" height=\"576\" src=\"https:\/\/fablabazuero.utp.ac.pa\/wp-content\/uploads\/2024\/01\/Noticia16-1024x576.jpg\" class=\"attachment-large size-large wp-image-1039\" alt=\"\" srcset=\"https:\/\/fablabazuero.utp.ac.pa\/wp-content\/uploads\/2024\/01\/Noticia16-1024x576.jpg 1024w, https:\/\/fablabazuero.utp.ac.pa\/wp-content\/uploads\/2024\/01\/Noticia16-300x169.jpg 300w, https:\/\/fablabazuero.utp.ac.pa\/wp-content\/uploads\/2024\/01\/Noticia16-768x432.jpg 768w, https:\/\/fablabazuero.utp.ac.pa\/wp-content\/uploads\/2024\/01\/Noticia16-1536x864.jpg 1536w, https:\/\/fablabazuero.utp.ac.pa\/wp-content\/uploads\/2024\/01\/Noticia16.jpg 1600w\" sizes=\"(max-width: 1024px) 100vw, 1024px\" \/>\t\t\t\t\t\t\t\t\t\t\t\t\t\t\t<\/div>\n\t\t\t\t<\/div>\n\t\t\t\t\t<\/div>\n\t\t<\/div>\n\t\t\t\t<div class=\"elementor-column elementor-col-33 elementor-top-column elementor-element elementor-element-da3f20a\" data-id=\"da3f20a\" data-element_type=\"column\">\n\t\t\t<div class=\"elementor-widget-wrap elementor-element-populated\">\n\t\t\t\t\t\t<div class=\"elementor-element elementor-element-b4dea15 elementor-widget elementor-widget-image\" data-id=\"b4dea15\" data-element_type=\"widget\" data-widget_type=\"image.default\">\n\t\t\t\t<div class=\"elementor-widget-container\">\n\t\t\t\t\t\t\t\t\t\t\t\t\t\t\t<img decoding=\"async\" width=\"1024\" height=\"576\" src=\"https:\/\/fablabazuero.utp.ac.pa\/wp-content\/uploads\/2024\/01\/Noticia17.jpg\" class=\"attachment-large size-large wp-image-1040\" alt=\"\" srcset=\"https:\/\/fablabazuero.utp.ac.pa\/wp-content\/uploads\/2024\/01\/Noticia17.jpg 1024w, https:\/\/fablabazuero.utp.ac.pa\/wp-content\/uploads\/2024\/01\/Noticia17-300x169.jpg 300w, https:\/\/fablabazuero.utp.ac.pa\/wp-content\/uploads\/2024\/01\/Noticia17-768x432.jpg 768w\" sizes=\"(max-width: 1024px) 100vw, 1024px\" \/>\t\t\t\t\t\t\t\t\t\t\t\t\t\t\t<\/div>\n\t\t\t\t<\/div>\n\t\t\t\t\t<\/div>\n\t\t<\/div>\n\t\t\t\t<div class=\"elementor-column elementor-col-33 elementor-top-column elementor-element elementor-element-4bd9daf\" data-id=\"4bd9daf\" data-element_type=\"column\">\n\t\t\t<div class=\"elementor-widget-wrap elementor-element-populated\">\n\t\t\t\t\t\t<div class=\"elementor-element elementor-element-2448b31 elementor-widget elementor-widget-image\" data-id=\"2448b31\" data-element_type=\"widget\" data-widget_type=\"image.default\">\n\t\t\t\t<div class=\"elementor-widget-container\">\n\t\t\t\t\t\t\t\t\t\t\t\t\t\t\t<img decoding=\"async\" width=\"1024\" height=\"576\" src=\"https:\/\/fablabazuero.utp.ac.pa\/wp-content\/uploads\/2024\/01\/Noticia18.jpg\" class=\"attachment-large size-large wp-image-1041\" alt=\"\" srcset=\"https:\/\/fablabazuero.utp.ac.pa\/wp-content\/uploads\/2024\/01\/Noticia18.jpg 1024w, https:\/\/fablabazuero.utp.ac.pa\/wp-content\/uploads\/2024\/01\/Noticia18-300x169.jpg 300w, https:\/\/fablabazuero.utp.ac.pa\/wp-content\/uploads\/2024\/01\/Noticia18-768x432.jpg 768w\" sizes=\"(max-width: 1024px) 100vw, 1024px\" \/>\t\t\t\t\t\t\t\t\t\t\t\t\t\t\t<\/div>\n\t\t\t\t<\/div>\n\t\t\t\t\t<\/div>\n\t\t<\/div>\n\t\t\t\t\t<\/div>\n\t\t<\/section>\n\t\t\t\t<\/div>\n\t\t","protected":false},"excerpt":{"rendered":"<p>Sustentaci\u00f3n de tesis de pregrado en el Centro Regional de Azuero El estudiante de la Licenciatura en Ingenier\u00eda Electromec\u00e1nica Edgar V\u00e1squez sustent\u00f3 su trabajo de tesis de pregrado: \u201cDesarrollo, prototipado e implementaci\u00f3n de un sistema de control y adquisici\u00f3n de datos de bajo costo para la puesta en servicio de una m\u00e1quina de ensayos de [&hellip;]<\/p>\n","protected":false},"author":1,"featured_media":0,"parent":0,"menu_order":0,"comment_status":"closed","ping_status":"closed","template":"","meta":{"saved_in_kubio":false,"footnotes":""},"class_list":["post-1042","page","type-page","status-publish","hentry"],"kubio_ai_page_context":{"short_desc":"","purpose":"general"},"_links":{"self":[{"href":"https:\/\/fablabazuero.utp.ac.pa\/index.php?rest_route=\/wp\/v2\/pages\/1042","targetHints":{"allow":["GET"]}}],"collection":[{"href":"https:\/\/fablabazuero.utp.ac.pa\/index.php?rest_route=\/wp\/v2\/pages"}],"about":[{"href":"https:\/\/fablabazuero.utp.ac.pa\/index.php?rest_route=\/wp\/v2\/types\/page"}],"author":[{"embeddable":true,"href":"https:\/\/fablabazuero.utp.ac.pa\/index.php?rest_route=\/wp\/v2\/users\/1"}],"replies":[{"embeddable":true,"href":"https:\/\/fablabazuero.utp.ac.pa\/index.php?rest_route=%2Fwp%2Fv2%2Fcomments&post=1042"}],"version-history":[{"count":4,"href":"https:\/\/fablabazuero.utp.ac.pa\/index.php?rest_route=\/wp\/v2\/pages\/1042\/revisions"}],"predecessor-version":[{"id":1047,"href":"https:\/\/fablabazuero.utp.ac.pa\/index.php?rest_route=\/wp\/v2\/pages\/1042\/revisions\/1047"}],"wp:attachment":[{"href":"https:\/\/fablabazuero.utp.ac.pa\/index.php?rest_route=%2Fwp%2Fv2%2Fmedia&parent=1042"}],"curies":[{"name":"wp","href":"https:\/\/api.w.org\/{rel}","templated":true}]}}