{"id":1059,"date":"2024-01-15T14:18:23","date_gmt":"2024-01-15T19:18:23","guid":{"rendered":"https:\/\/fablabazuero.utp.ac.pa\/?page_id=1059"},"modified":"2024-01-15T14:21:38","modified_gmt":"2024-01-15T19:21:38","slug":"noticia-7","status":"publish","type":"page","link":"https:\/\/fablabazuero.utp.ac.pa\/?page_id=1059","title":{"rendered":"Noticia-7"},"content":{"rendered":"\t\t<div data-elementor-type=\"wp-page\" data-elementor-id=\"1059\" class=\"elementor elementor-1059\">\n\t\t\t\t\t\t<section class=\"elementor-section elementor-top-section elementor-element elementor-element-e61ad65 elementor-section-boxed elementor-section-height-default elementor-section-height-default\" data-id=\"e61ad65\" data-element_type=\"section\">\n\t\t\t\t\t\t<div class=\"elementor-container elementor-column-gap-default\">\n\t\t\t\t\t<div class=\"elementor-column elementor-col-100 elementor-top-column elementor-element elementor-element-297b16d\" data-id=\"297b16d\" data-element_type=\"column\">\n\t\t\t<div class=\"elementor-widget-wrap elementor-element-populated\">\n\t\t\t\t\t\t<div class=\"elementor-element elementor-element-3b9fcfe elementor-widget elementor-widget-heading\" data-id=\"3b9fcfe\" data-element_type=\"widget\" data-widget_type=\"heading.default\">\n\t\t\t\t<div class=\"elementor-widget-container\">\n\t\t\t\t\t<h2 class=\"elementor-heading-title elementor-size-default\">Gira T\u00e9cnica: Proyecto Hillside Greenhouse-INNOVATEC 22-025<\/h2>\t\t\t\t<\/div>\n\t\t\t\t<\/div>\n\t\t\t\t\t<\/div>\n\t\t<\/div>\n\t\t\t\t\t<\/div>\n\t\t<\/section>\n\t\t\t\t<section class=\"elementor-section elementor-top-section elementor-element elementor-element-77d7125 elementor-section-boxed elementor-section-height-default elementor-section-height-default\" data-id=\"77d7125\" data-element_type=\"section\">\n\t\t\t\t\t\t<div class=\"elementor-container elementor-column-gap-default\">\n\t\t\t\t\t<div class=\"elementor-column elementor-col-100 elementor-top-column elementor-element elementor-element-a27a616\" data-id=\"a27a616\" data-element_type=\"column\">\n\t\t\t<div class=\"elementor-widget-wrap elementor-element-populated\">\n\t\t\t\t\t\t<div class=\"elementor-element elementor-element-ceaaee3 elementor-widget elementor-widget-text-editor\" data-id=\"ceaaee3\" data-element_type=\"widget\" data-widget_type=\"text-editor.default\">\n\t\t\t\t<div class=\"elementor-widget-container\">\n\t\t\t\t\t\t\t\t\t<p>Del 21 al 24 de marzo de 2023, parte del equipo que integra el proyecto Techo ajustable para invernaderos en terreno con pendiente-Hillside Greenhouse\u201d, beneficiado dentro de la convocatoria INNOVATEC 2022, realiz\u00f3 gira t\u00e9cnica en Colombia, con el objetivo de intercambio de conocimiento y conocer el proceso de modelado y simulaci\u00f3n de estructuras de agropecuaria protegida y estructuras construidas en laderas, concretamente en regiones productoras de hortalizas.<\/p>\t\t\t\t\t\t\t\t<\/div>\n\t\t\t\t<\/div>\n\t\t\t\t\t<\/div>\n\t\t<\/div>\n\t\t\t\t\t<\/div>\n\t\t<\/section>\n\t\t\t\t<section class=\"elementor-section elementor-top-section elementor-element elementor-element-3553beb elementor-section-boxed elementor-section-height-default elementor-section-height-default\" data-id=\"3553beb\" data-element_type=\"section\">\n\t\t\t\t\t\t<div class=\"elementor-container elementor-column-gap-default\">\n\t\t\t\t\t<div class=\"elementor-column elementor-col-100 elementor-top-column elementor-element elementor-element-1507f7d\" data-id=\"1507f7d\" data-element_type=\"column\">\n\t\t\t<div class=\"elementor-widget-wrap elementor-element-populated\">\n\t\t\t\t\t\t<div class=\"elementor-element elementor-element-c917ebd elementor-widget elementor-widget-image\" data-id=\"c917ebd\" data-element_type=\"widget\" data-widget_type=\"image.default\">\n\t\t\t\t<div class=\"elementor-widget-container\">\n\t\t\t\t\t\t\t\t\t\t\t\t\t\t\t<img fetchpriority=\"high\" decoding=\"async\" width=\"559\" height=\"419\" src=\"https:\/\/fablabazuero.utp.ac.pa\/wp-content\/uploads\/2024\/01\/Noticia19.png.jpg\" class=\"attachment-medium_large size-medium_large wp-image-1055\" alt=\"\" srcset=\"https:\/\/fablabazuero.utp.ac.pa\/wp-content\/uploads\/2024\/01\/Noticia19.png.jpg 559w, https:\/\/fablabazuero.utp.ac.pa\/wp-content\/uploads\/2024\/01\/Noticia19.png-300x225.jpg 300w\" sizes=\"(max-width: 559px) 100vw, 559px\" \/>\t\t\t\t\t\t\t\t\t\t\t\t\t\t\t<\/div>\n\t\t\t\t<\/div>\n\t\t\t\t\t<\/div>\n\t\t<\/div>\n\t\t\t\t\t<\/div>\n\t\t<\/section>\n\t\t\t\t<section class=\"elementor-section elementor-top-section elementor-element elementor-element-144a28c elementor-section-boxed elementor-section-height-default elementor-section-height-default\" data-id=\"144a28c\" data-element_type=\"section\">\n\t\t\t\t\t\t<div class=\"elementor-container elementor-column-gap-default\">\n\t\t\t\t\t<div class=\"elementor-column elementor-col-100 elementor-top-column elementor-element elementor-element-4f7ba96\" data-id=\"4f7ba96\" data-element_type=\"column\">\n\t\t\t<div class=\"elementor-widget-wrap elementor-element-populated\">\n\t\t\t\t\t\t<div class=\"elementor-element elementor-element-f5485b5 elementor-widget elementor-widget-text-editor\" data-id=\"f5485b5\" data-element_type=\"widget\" data-widget_type=\"text-editor.default\">\n\t\t\t\t<div class=\"elementor-widget-container\">\n\t\t\t\t\t\t\t\t\t<p>La gira t\u00e9cnica fue organizada por la Corporaci\u00f3n Colombiana de Investigaci\u00f3n Agropecuaria (Agrosavia), en donde se pudieron verificar diferentes tipos de sistemas de agricultura protegida. Se visit\u00f3 el Centro de Investigaci\u00f3n de Tabaitat\u00e1 en Mosquera, Cundinamarca, visita a cultivos en Filand\u00eda, Departamento del Quind\u00edo y en Santa Rosa de Cabal; estos \u00faltimos forman parte del denominado \u201ceje cafetero\u201d colombiano, y en donde se visitaron cooperativas y productores de hortalizas.<\/p><p>El l\u00edder del proyecto es el Dr. Anibal Fossatti y la Dra. Nacar\u00ed Mar\u00edn participa como parte del equipo, encargada del desarrollo de modelo-maqueta para la prueba del funcionamiento del dispositivo de la patente PI\/PA 92229 del 29.05.2018 (WO2018173021)<\/p><p>\u00a0<\/p>\t\t\t\t\t\t\t\t<\/div>\n\t\t\t\t<\/div>\n\t\t\t\t\t<\/div>\n\t\t<\/div>\n\t\t\t\t\t<\/div>\n\t\t<\/section>\n\t\t\t\t<section class=\"elementor-section elementor-top-section elementor-element elementor-element-8040547 elementor-section-boxed elementor-section-height-default elementor-section-height-default\" data-id=\"8040547\" data-element_type=\"section\">\n\t\t\t\t\t\t<div class=\"elementor-container elementor-column-gap-default\">\n\t\t\t\t\t<div class=\"elementor-column elementor-col-50 elementor-top-column elementor-element elementor-element-7e1bd01\" data-id=\"7e1bd01\" data-element_type=\"column\">\n\t\t\t<div class=\"elementor-widget-wrap elementor-element-populated\">\n\t\t\t\t\t\t<div class=\"elementor-element elementor-element-f6004d5 elementor-widget elementor-widget-image\" data-id=\"f6004d5\" data-element_type=\"widget\" data-widget_type=\"image.default\">\n\t\t\t\t<div class=\"elementor-widget-container\">\n\t\t\t\t\t\t\t\t\t\t\t\t\t\t\t<img decoding=\"async\" src=\"https:\/\/fablabazuero.utp.ac.pa\/wp-content\/uploads\/2024\/01\/Noticia20.png\" title=\"Noticia20\" alt=\"Noticia20\" loading=\"lazy\" \/>\t\t\t\t\t\t\t\t\t\t\t\t\t\t\t<\/div>\n\t\t\t\t<\/div>\n\t\t\t\t\t<\/div>\n\t\t<\/div>\n\t\t\t\t<div class=\"elementor-column elementor-col-50 elementor-top-column elementor-element elementor-element-d102bb2\" data-id=\"d102bb2\" data-element_type=\"column\">\n\t\t\t<div class=\"elementor-widget-wrap elementor-element-populated\">\n\t\t\t\t\t\t<div class=\"elementor-element elementor-element-3b4c664 elementor-widget elementor-widget-image\" data-id=\"3b4c664\" data-element_type=\"widget\" data-widget_type=\"image.default\">\n\t\t\t\t<div class=\"elementor-widget-container\">\n\t\t\t\t\t\t\t\t\t\t\t\t\t\t\t<img decoding=\"async\" width=\"476\" height=\"312\" src=\"https:\/\/fablabazuero.utp.ac.pa\/wp-content\/uploads\/2024\/01\/Noticia22.png\" class=\"attachment-large size-large wp-image-1058\" alt=\"\" srcset=\"https:\/\/fablabazuero.utp.ac.pa\/wp-content\/uploads\/2024\/01\/Noticia22.png 476w, https:\/\/fablabazuero.utp.ac.pa\/wp-content\/uploads\/2024\/01\/Noticia22-300x197.png 300w\" sizes=\"(max-width: 476px) 100vw, 476px\" \/>\t\t\t\t\t\t\t\t\t\t\t\t\t\t\t<\/div>\n\t\t\t\t<\/div>\n\t\t\t\t\t<\/div>\n\t\t<\/div>\n\t\t\t\t\t<\/div>\n\t\t<\/section>\n\t\t\t\t<section class=\"elementor-section elementor-top-section elementor-element elementor-element-0e1dcc0 elementor-section-boxed elementor-section-height-default elementor-section-height-default\" data-id=\"0e1dcc0\" data-element_type=\"section\">\n\t\t\t\t\t\t<div class=\"elementor-container elementor-column-gap-default\">\n\t\t\t\t\t<div class=\"elementor-column elementor-col-100 elementor-top-column elementor-element elementor-element-7711a29\" data-id=\"7711a29\" data-element_type=\"column\">\n\t\t\t<div class=\"elementor-widget-wrap elementor-element-populated\">\n\t\t\t\t\t\t<div class=\"elementor-element elementor-element-4c54b06 elementor-widget elementor-widget-image\" data-id=\"4c54b06\" data-element_type=\"widget\" data-widget_type=\"image.default\">\n\t\t\t\t<div class=\"elementor-widget-container\">\n\t\t\t\t\t\t\t\t\t\t\t\t\t\t\t<img decoding=\"async\" width=\"467\" height=\"232\" src=\"https:\/\/fablabazuero.utp.ac.pa\/wp-content\/uploads\/2024\/01\/Noticia21.png\" class=\"attachment-large size-large wp-image-1057\" alt=\"\" srcset=\"https:\/\/fablabazuero.utp.ac.pa\/wp-content\/uploads\/2024\/01\/Noticia21.png 467w, https:\/\/fablabazuero.utp.ac.pa\/wp-content\/uploads\/2024\/01\/Noticia21-300x149.png 300w\" sizes=\"(max-width: 467px) 100vw, 467px\" \/>\t\t\t\t\t\t\t\t\t\t\t\t\t\t\t<\/div>\n\t\t\t\t<\/div>\n\t\t\t\t\t<\/div>\n\t\t<\/div>\n\t\t\t\t\t<\/div>\n\t\t<\/section>\n\t\t\t\t<\/div>\n\t\t","protected":false},"excerpt":{"rendered":"<p>Gira T\u00e9cnica: Proyecto Hillside Greenhouse-INNOVATEC 22-025 Del 21 al 24 de marzo de 2023, parte del equipo que integra el proyecto Techo ajustable para invernaderos en terreno con pendiente-Hillside Greenhouse\u201d, beneficiado dentro de la convocatoria INNOVATEC 2022, realiz\u00f3 gira t\u00e9cnica en Colombia, con el objetivo de intercambio de conocimiento y conocer el proceso de modelado [&hellip;]<\/p>\n","protected":false},"author":1,"featured_media":0,"parent":0,"menu_order":0,"comment_status":"closed","ping_status":"closed","template":"","meta":{"saved_in_kubio":false,"footnotes":""},"class_list":["post-1059","page","type-page","status-publish","hentry"],"kubio_ai_page_context":{"short_desc":"","purpose":"general"},"_links":{"self":[{"href":"https:\/\/fablabazuero.utp.ac.pa\/index.php?rest_route=\/wp\/v2\/pages\/1059","targetHints":{"allow":["GET"]}}],"collection":[{"href":"https:\/\/fablabazuero.utp.ac.pa\/index.php?rest_route=\/wp\/v2\/pages"}],"about":[{"href":"https:\/\/fablabazuero.utp.ac.pa\/index.php?rest_route=\/wp\/v2\/types\/page"}],"author":[{"embeddable":true,"href":"https:\/\/fablabazuero.utp.ac.pa\/index.php?rest_route=\/wp\/v2\/users\/1"}],"replies":[{"embeddable":true,"href":"https:\/\/fablabazuero.utp.ac.pa\/index.php?rest_route=%2Fwp%2Fv2%2Fcomments&post=1059"}],"version-history":[{"count":4,"href":"https:\/\/fablabazuero.utp.ac.pa\/index.php?rest_route=\/wp\/v2\/pages\/1059\/revisions"}],"predecessor-version":[{"id":1063,"href":"https:\/\/fablabazuero.utp.ac.pa\/index.php?rest_route=\/wp\/v2\/pages\/1059\/revisions\/1063"}],"wp:attachment":[{"href":"https:\/\/fablabazuero.utp.ac.pa\/index.php?rest_route=%2Fwp%2Fv2%2Fmedia&parent=1059"}],"curies":[{"name":"wp","href":"https:\/\/api.w.org\/{rel}","templated":true}]}}