{"id":1095,"date":"2024-01-15T15:04:35","date_gmt":"2024-01-15T20:04:35","guid":{"rendered":"https:\/\/fablabazuero.utp.ac.pa\/?page_id=1095"},"modified":"2024-01-15T15:05:32","modified_gmt":"2024-01-15T20:05:32","slug":"noticia-11","status":"publish","type":"page","link":"https:\/\/fablabazuero.utp.ac.pa\/?page_id=1095","title":{"rendered":"Noticia-11"},"content":{"rendered":"\t\t<div data-elementor-type=\"wp-page\" data-elementor-id=\"1095\" class=\"elementor elementor-1095\">\n\t\t\t\t\t\t<section class=\"elementor-section elementor-top-section elementor-element elementor-element-8219250 elementor-section-boxed elementor-section-height-default elementor-section-height-default\" data-id=\"8219250\" data-element_type=\"section\">\n\t\t\t\t\t\t<div class=\"elementor-container elementor-column-gap-default\">\n\t\t\t\t\t<div class=\"elementor-column elementor-col-100 elementor-top-column elementor-element elementor-element-9591419\" data-id=\"9591419\" data-element_type=\"column\">\n\t\t\t<div class=\"elementor-widget-wrap elementor-element-populated\">\n\t\t\t\t\t\t<div class=\"elementor-element elementor-element-ccff39b elementor-widget elementor-widget-heading\" data-id=\"ccff39b\" data-element_type=\"widget\" data-widget_type=\"heading.default\">\n\t\t\t\t<div class=\"elementor-widget-container\">\n\t\t\t\t\t<h2 class=\"elementor-heading-title elementor-size-default\">UTP Azuero y la Facultad de Ingenier\u00eda Mec\u00e1nica fue beneficiada en la CONVOCATORIA P\u00daBLICA DE MAESTR\u00cdAS ACAD\u00c9MICAS CIENT\u00cdFICAS, NUEVAS, ACREDITADAS O CONSOLIDADAS 2023\n\n<\/h2>\t\t\t\t<\/div>\n\t\t\t\t<\/div>\n\t\t\t\t\t<\/div>\n\t\t<\/div>\n\t\t\t\t\t<\/div>\n\t\t<\/section>\n\t\t\t\t<section class=\"elementor-section elementor-top-section elementor-element elementor-element-0ad0a0b elementor-section-boxed elementor-section-height-default elementor-section-height-default\" data-id=\"0ad0a0b\" data-element_type=\"section\">\n\t\t\t\t\t\t<div class=\"elementor-container elementor-column-gap-default\">\n\t\t\t\t\t<div class=\"elementor-column elementor-col-100 elementor-top-column elementor-element elementor-element-89b2863\" data-id=\"89b2863\" data-element_type=\"column\">\n\t\t\t<div class=\"elementor-widget-wrap elementor-element-populated\">\n\t\t\t\t\t\t<div class=\"elementor-element elementor-element-0a2bed1 elementor-widget elementor-widget-text-editor\" data-id=\"0a2bed1\" data-element_type=\"widget\" data-widget_type=\"text-editor.default\">\n\t\t\t\t<div class=\"elementor-widget-container\">\n\t\t\t\t\t\t\t\t\t<p>El 20 de julio de se publicaron los resultados de la CONVOCATORIA P\u00daBLICA DE MAESTR\u00cdAS ACAD\u00c9MICAS CIENT\u00cdFICAS, NUEVAS, ACREDITADAS O CONSOLIDADAS 2023, se anunci\u00f3 que la propuesta: Plan de Trabajo para la Ejecuci\u00f3n de la Primera Promoci\u00f3n en Centros Regionales de la Maestr\u00eda en Ciencias de la Ingenier\u00eda Mec\u00e1nica, con c\u00f3digo PNPAC-2023-04, fue seleccionada. La coordinadora del Programa eb el Centro Regional de Azuero es la Dra. Nacar\u00ed Mar\u00edn.<\/p><p>El Programa de Maestr\u00eda en Ciencias de la Ingenier\u00eda Mec\u00e1nica (MCIM) surge con el objetivo de formar profesionales especializados en los campos de la ingenier\u00eda relacionados con las energ\u00edas renovables, ambiente, rob\u00f3tica, automatizaci\u00f3n, manufactura y materiales. Para lograr este objetivo, se apoya en el desarrollo de investigaciones que cumplan con el m\u00e9todo cient\u00edfico y que, a su vez, logren fortalecer la academia de Ingenier\u00eda Mec\u00e1nica y afines, de los Centros de Investigaci\u00f3n de la Universidad Tecnol\u00f3gica de Panam\u00e1 (UTP) y del sector productivo del pa\u00eds. Estos objetivos se encuentran alineados con la misi\u00f3n y visi\u00f3n de la UTP, que tiene el compromiso de formar y aportar profesionales en \u00e1reas cient\u00edficas, t\u00e9cnicas y de ingenier\u00eda, con formaci\u00f3n integral, pensamiento cr\u00edtico y socialmente responsables, capaces de emprender e innovar, generar conocimiento para contribuir a un desarrollo sostenible y de responder a los requerimientos del entorno. Es mediante la formaci\u00f3n de recurso humano calificado que se logran generar capacidades locales y propias en investigaci\u00f3n e innovaci\u00f3n, que permitan afrontar los cambios y avances del conocimiento, la r\u00e1pida generaci\u00f3n de innovaciones y la cuarta revoluci\u00f3n industrial.<\/p><p>En el contexto regional, en la regi\u00f3n de Azuero donde se espera desarrollar la Primera Promoci\u00f3n en Centros Regionales del Programa de Maestr\u00eda, se desarrollan actividades del sector agroindustrial e industrial, en la que se requiere del emprendimiento, la generaci\u00f3n de capacidades t\u00e9cnicas, transferencia de tecnolog\u00eda e innovaci\u00f3n, para lograr un mayor desarrollo y sostenibilidad en cada uno de los procesos productivos involucrados. En este sentido, el Programa de Maestr\u00eda pretende aportar en la l\u00ednea de generar capacidades para responder a la demanda local y del pa\u00eds.<\/p><p>Los resultados de la convocatoria se pueden consultar en la p\u00e1gina web de SENACYT:<\/p><p><a href=\"https:\/\/www.senacyt.gob.pa\/convocatoria-publica-de-maestrias-academicas-cientificas-nuevas-acreditadas-o-consolidadas-2023\/\">https:\/\/www.senacyt.gob.pa\/convocatoria-publica-de-maestrias-academicas-cientificas-nuevas-acreditadas-o-consolidadas-2023\/<\/a><\/p>\t\t\t\t\t\t\t\t<\/div>\n\t\t\t\t<\/div>\n\t\t\t\t\t<\/div>\n\t\t<\/div>\n\t\t\t\t\t<\/div>\n\t\t<\/section>\n\t\t\t\t<section class=\"elementor-section elementor-top-section elementor-element elementor-element-e28745a elementor-section-boxed elementor-section-height-default elementor-section-height-default\" data-id=\"e28745a\" data-element_type=\"section\">\n\t\t\t\t\t\t<div class=\"elementor-container elementor-column-gap-default\">\n\t\t\t\t\t<div class=\"elementor-column elementor-col-100 elementor-top-column elementor-element elementor-element-cb77088\" data-id=\"cb77088\" data-element_type=\"column\">\n\t\t\t<div class=\"elementor-widget-wrap elementor-element-populated\">\n\t\t\t\t\t\t<div class=\"elementor-element elementor-element-fe30aba elementor-widget elementor-widget-image\" data-id=\"fe30aba\" data-element_type=\"widget\" data-widget_type=\"image.default\">\n\t\t\t\t<div class=\"elementor-widget-container\">\n\t\t\t\t\t\t\t\t\t\t\t\t\t\t\t<img fetchpriority=\"high\" decoding=\"async\" width=\"792\" height=\"1024\" src=\"https:\/\/fablabazuero.utp.ac.pa\/wp-content\/uploads\/2024\/01\/Noticia29.png-792x1024.jpg\" class=\"attachment-large size-large wp-image-1094\" alt=\"\" srcset=\"https:\/\/fablabazuero.utp.ac.pa\/wp-content\/uploads\/2024\/01\/Noticia29.png-792x1024.jpg 792w, https:\/\/fablabazuero.utp.ac.pa\/wp-content\/uploads\/2024\/01\/Noticia29.png-232x300.jpg 232w, https:\/\/fablabazuero.utp.ac.pa\/wp-content\/uploads\/2024\/01\/Noticia29.png-768x993.jpg 768w, https:\/\/fablabazuero.utp.ac.pa\/wp-content\/uploads\/2024\/01\/Noticia29.png.jpg 944w\" sizes=\"(max-width: 792px) 100vw, 792px\" \/>\t\t\t\t\t\t\t\t\t\t\t\t\t\t\t<\/div>\n\t\t\t\t<\/div>\n\t\t\t\t\t<\/div>\n\t\t<\/div>\n\t\t\t\t\t<\/div>\n\t\t<\/section>\n\t\t\t\t<\/div>\n\t\t","protected":false},"excerpt":{"rendered":"<p>UTP Azuero y la Facultad de Ingenier\u00eda Mec\u00e1nica fue beneficiada en la CONVOCATORIA P\u00daBLICA DE MAESTR\u00cdAS ACAD\u00c9MICAS CIENT\u00cdFICAS, NUEVAS, ACREDITADAS O CONSOLIDADAS 2023 El 20 de julio de se publicaron los resultados de la CONVOCATORIA P\u00daBLICA DE MAESTR\u00cdAS ACAD\u00c9MICAS CIENT\u00cdFICAS, NUEVAS, ACREDITADAS O CONSOLIDADAS 2023, se anunci\u00f3 que la propuesta: Plan de Trabajo para la [&hellip;]<\/p>\n","protected":false},"author":1,"featured_media":0,"parent":0,"menu_order":0,"comment_status":"closed","ping_status":"closed","template":"","meta":{"saved_in_kubio":false,"footnotes":""},"class_list":["post-1095","page","type-page","status-publish","hentry"],"kubio_ai_page_context":{"short_desc":"","purpose":"general"},"_links":{"self":[{"href":"https:\/\/fablabazuero.utp.ac.pa\/index.php?rest_route=\/wp\/v2\/pages\/1095","targetHints":{"allow":["GET"]}}],"collection":[{"href":"https:\/\/fablabazuero.utp.ac.pa\/index.php?rest_route=\/wp\/v2\/pages"}],"about":[{"href":"https:\/\/fablabazuero.utp.ac.pa\/index.php?rest_route=\/wp\/v2\/types\/page"}],"author":[{"embeddable":true,"href":"https:\/\/fablabazuero.utp.ac.pa\/index.php?rest_route=\/wp\/v2\/users\/1"}],"replies":[{"embeddable":true,"href":"https:\/\/fablabazuero.utp.ac.pa\/index.php?rest_route=%2Fwp%2Fv2%2Fcomments&post=1095"}],"version-history":[{"count":4,"href":"https:\/\/fablabazuero.utp.ac.pa\/index.php?rest_route=\/wp\/v2\/pages\/1095\/revisions"}],"predecessor-version":[{"id":1099,"href":"https:\/\/fablabazuero.utp.ac.pa\/index.php?rest_route=\/wp\/v2\/pages\/1095\/revisions\/1099"}],"wp:attachment":[{"href":"https:\/\/fablabazuero.utp.ac.pa\/index.php?rest_route=%2Fwp%2Fv2%2Fmedia&parent=1095"}],"curies":[{"name":"wp","href":"https:\/\/api.w.org\/{rel}","templated":true}]}}