{"id":1104,"date":"2024-01-15T15:07:31","date_gmt":"2024-01-15T20:07:31","guid":{"rendered":"https:\/\/fablabazuero.utp.ac.pa\/?page_id=1104"},"modified":"2024-01-15T15:08:15","modified_gmt":"2024-01-15T20:08:15","slug":"noticia-12","status":"publish","type":"page","link":"https:\/\/fablabazuero.utp.ac.pa\/?page_id=1104","title":{"rendered":"Noticia-12"},"content":{"rendered":"\t\t<div data-elementor-type=\"wp-page\" data-elementor-id=\"1104\" class=\"elementor elementor-1104\">\n\t\t\t\t\t\t<section class=\"elementor-section elementor-top-section elementor-element elementor-element-b5e20ca elementor-section-boxed elementor-section-height-default elementor-section-height-default\" data-id=\"b5e20ca\" data-element_type=\"section\">\n\t\t\t\t\t\t<div class=\"elementor-container elementor-column-gap-default\">\n\t\t\t\t\t<div class=\"elementor-column elementor-col-100 elementor-top-column elementor-element elementor-element-6046454\" data-id=\"6046454\" data-element_type=\"column\">\n\t\t\t<div class=\"elementor-widget-wrap elementor-element-populated\">\n\t\t\t\t\t\t<div class=\"elementor-element elementor-element-e77a3c6 elementor-widget elementor-widget-heading\" data-id=\"e77a3c6\" data-element_type=\"widget\" data-widget_type=\"heading.default\">\n\t\t\t\t<div class=\"elementor-widget-container\">\n\t\t\t\t\t<h2 class=\"elementor-heading-title elementor-size-default\">Docentes e investigadores de la UTP Azuero fueron beneficiados en la CONVOCATORIA P\u00daBLICA DE FOMENTO A I+D (FID) 2023\n\n<\/h2>\t\t\t\t<\/div>\n\t\t\t\t<\/div>\n\t\t\t\t\t<\/div>\n\t\t<\/div>\n\t\t\t\t\t<\/div>\n\t\t<\/section>\n\t\t\t\t<section class=\"elementor-section elementor-top-section elementor-element elementor-element-3cfdaf1 elementor-section-boxed elementor-section-height-default elementor-section-height-default\" data-id=\"3cfdaf1\" data-element_type=\"section\">\n\t\t\t\t\t\t<div class=\"elementor-container elementor-column-gap-default\">\n\t\t\t\t\t<div class=\"elementor-column elementor-col-100 elementor-top-column elementor-element elementor-element-b8c84da\" data-id=\"b8c84da\" data-element_type=\"column\">\n\t\t\t<div class=\"elementor-widget-wrap elementor-element-populated\">\n\t\t\t\t\t\t<div class=\"elementor-element elementor-element-6771d7c elementor-widget elementor-widget-text-editor\" data-id=\"6771d7c\" data-element_type=\"widget\" data-widget_type=\"text-editor.default\">\n\t\t\t\t<div class=\"elementor-widget-container\">\n\t\t\t\t\t\t\t\t\t<p>El 20 de julio de se publicaron los resultados de la <a href=\"https:\/\/www.senacyt.gob.pa\/convocatoria-publica-de-fomento-a-id-fid-2023\/\">CONVOCATORIA P\u00daBLICA DE FOMENTO A I+D (FID) 2023<\/a>, donde el Dr. Edwin Collado, Dra. Yessica S\u00e1ez, Dra. Nacar\u00ed Mar\u00edn, Ing. Francisco Canto y Lic. Eny Serrano fueron beneficiados con apoyo econ\u00f3mico para la ejecuci\u00f3n del proyecto \u201cFID23-078: SIMA: Sistema basado en IoT e Inteligencia Artificial para el monitoreo inteligente de contaminaci\u00f3n de aire en Panam\u00e1\u201d. Este proyecto se desarrolla en conjunto con personal de los centros CINEMI, CITT, FABLAB Azuero, Ministerio de Ambiente y Worcester Polytechnic Institute, USA. Este proyecto busca desarrollar un sistema basado en IoT e Inteligencia Artificial para no solo medir en tiempo real los niveles de contaminaci\u00f3n, sino tambi\u00e9n procesarlos, estudiarlos e interpretarlos para detectar patrones de comportamiento con t\u00e9cnicas estad\u00edsticas que permitan predecir posibles afectaciones ambientales en el futuro.<\/p>\t\t\t\t\t\t\t\t<\/div>\n\t\t\t\t<\/div>\n\t\t\t\t\t<\/div>\n\t\t<\/div>\n\t\t\t\t\t<\/div>\n\t\t<\/section>\n\t\t\t\t<section class=\"elementor-section elementor-top-section elementor-element elementor-element-1cca77b elementor-section-boxed elementor-section-height-default elementor-section-height-default\" data-id=\"1cca77b\" data-element_type=\"section\">\n\t\t\t\t\t\t<div class=\"elementor-container elementor-column-gap-default\">\n\t\t\t\t\t<div class=\"elementor-column elementor-col-100 elementor-top-column elementor-element elementor-element-ac723cd\" data-id=\"ac723cd\" data-element_type=\"column\">\n\t\t\t<div class=\"elementor-widget-wrap elementor-element-populated\">\n\t\t\t\t\t\t<div class=\"elementor-element elementor-element-8f7d427 elementor-widget elementor-widget-image\" data-id=\"8f7d427\" data-element_type=\"widget\" data-widget_type=\"image.default\">\n\t\t\t\t<div class=\"elementor-widget-container\">\n\t\t\t\t\t\t\t\t\t\t\t\t\t\t\t<img fetchpriority=\"high\" decoding=\"async\" width=\"768\" height=\"1075\" src=\"https:\/\/fablabazuero.utp.ac.pa\/wp-content\/uploads\/2024\/01\/Noticia31-768x1075.png\" class=\"attachment-medium_large size-medium_large wp-image-1103\" alt=\"\" srcset=\"https:\/\/fablabazuero.utp.ac.pa\/wp-content\/uploads\/2024\/01\/Noticia31-768x1075.png 768w, https:\/\/fablabazuero.utp.ac.pa\/wp-content\/uploads\/2024\/01\/Noticia31-214x300.png 214w, https:\/\/fablabazuero.utp.ac.pa\/wp-content\/uploads\/2024\/01\/Noticia31-731x1024.png 731w, https:\/\/fablabazuero.utp.ac.pa\/wp-content\/uploads\/2024\/01\/Noticia31.png 905w\" sizes=\"(max-width: 768px) 100vw, 768px\" \/>\t\t\t\t\t\t\t\t\t\t\t\t\t\t\t<\/div>\n\t\t\t\t<\/div>\n\t\t\t\t\t<\/div>\n\t\t<\/div>\n\t\t\t\t\t<\/div>\n\t\t<\/section>\n\t\t\t\t<\/div>\n\t\t","protected":false},"excerpt":{"rendered":"<p>Docentes e investigadores de la UTP Azuero fueron beneficiados en la CONVOCATORIA P\u00daBLICA DE FOMENTO A I+D (FID) 2023 El 20 de julio de se publicaron los resultados de la CONVOCATORIA P\u00daBLICA DE FOMENTO A I+D (FID) 2023, donde el Dr. Edwin Collado, Dra. Yessica S\u00e1ez, Dra. Nacar\u00ed Mar\u00edn, Ing. Francisco Canto y Lic. Eny [&hellip;]<\/p>\n","protected":false},"author":1,"featured_media":0,"parent":0,"menu_order":0,"comment_status":"closed","ping_status":"closed","template":"","meta":{"saved_in_kubio":false,"footnotes":""},"class_list":["post-1104","page","type-page","status-publish","hentry"],"kubio_ai_page_context":{"short_desc":"","purpose":"general"},"_links":{"self":[{"href":"https:\/\/fablabazuero.utp.ac.pa\/index.php?rest_route=\/wp\/v2\/pages\/1104","targetHints":{"allow":["GET"]}}],"collection":[{"href":"https:\/\/fablabazuero.utp.ac.pa\/index.php?rest_route=\/wp\/v2\/pages"}],"about":[{"href":"https:\/\/fablabazuero.utp.ac.pa\/index.php?rest_route=\/wp\/v2\/types\/page"}],"author":[{"embeddable":true,"href":"https:\/\/fablabazuero.utp.ac.pa\/index.php?rest_route=\/wp\/v2\/users\/1"}],"replies":[{"embeddable":true,"href":"https:\/\/fablabazuero.utp.ac.pa\/index.php?rest_route=%2Fwp%2Fv2%2Fcomments&post=1104"}],"version-history":[{"count":4,"href":"https:\/\/fablabazuero.utp.ac.pa\/index.php?rest_route=\/wp\/v2\/pages\/1104\/revisions"}],"predecessor-version":[{"id":1109,"href":"https:\/\/fablabazuero.utp.ac.pa\/index.php?rest_route=\/wp\/v2\/pages\/1104\/revisions\/1109"}],"wp:attachment":[{"href":"https:\/\/fablabazuero.utp.ac.pa\/index.php?rest_route=%2Fwp%2Fv2%2Fmedia&parent=1104"}],"curies":[{"name":"wp","href":"https:\/\/api.w.org\/{rel}","templated":true}]}}