{"id":112,"date":"2021-05-03T13:29:32","date_gmt":"2021-05-03T13:29:32","guid":{"rendered":"http:\/\/fablabazuero.utp.ac.pa\/?page_id=112"},"modified":"2025-01-30T13:06:33","modified_gmt":"2025-01-30T18:06:33","slug":"services","status":"publish","type":"page","link":"https:\/\/fablabazuero.utp.ac.pa\/?page_id=112","title":{"rendered":"Services"},"content":{"rendered":"\t\t<div data-elementor-type=\"wp-page\" data-elementor-id=\"112\" class=\"elementor elementor-112\">\n\t\t\t\t\t\t<section class=\"elementor-section elementor-top-section elementor-element elementor-element-e2f32d0 elementor-section-boxed elementor-section-height-default elementor-section-height-default\" data-id=\"e2f32d0\" data-element_type=\"section\" data-settings=\"{&quot;background_background&quot;:&quot;classic&quot;}\">\n\t\t\t\t\t\t\t<div class=\"elementor-background-overlay\"><\/div>\n\t\t\t\t\t\t\t<div class=\"elementor-container elementor-column-gap-no\">\n\t\t\t\t\t<div class=\"elementor-column elementor-col-100 elementor-top-column elementor-element elementor-element-9f0c1c0\" data-id=\"9f0c1c0\" data-element_type=\"column\">\n\t\t\t<div class=\"elementor-widget-wrap elementor-element-populated\">\n\t\t\t\t\t\t<div class=\"elementor-element elementor-element-be5daf8 elementor-widget-divider--view-line elementor-widget elementor-widget-divider\" data-id=\"be5daf8\" data-element_type=\"widget\" data-widget_type=\"divider.default\">\n\t\t\t\t<div class=\"elementor-widget-container\">\n\t\t\t\t\t\t\t<div class=\"elementor-divider\">\n\t\t\t<span class=\"elementor-divider-separator\">\n\t\t\t\t\t\t<\/span>\n\t\t<\/div>\n\t\t\t\t\t\t<\/div>\n\t\t\t\t<\/div>\n\t\t\t\t<div class=\"elementor-element elementor-element-de0c9bf elementor-widget elementor-widget-heading\" data-id=\"de0c9bf\" data-element_type=\"widget\" data-widget_type=\"heading.default\">\n\t\t\t\t<div class=\"elementor-widget-container\">\n\t\t\t\t\t<h3 class=\"elementor-heading-title elementor-size-default\">DESCRIPCI\u00d3N<\/h3>\t\t\t\t<\/div>\n\t\t\t\t<\/div>\n\t\t\t\t\t<\/div>\n\t\t<\/div>\n\t\t\t\t\t<\/div>\n\t\t<\/section>\n\t\t\t\t<section class=\"elementor-section elementor-top-section elementor-element elementor-element-96f9f39 elementor-section-boxed elementor-section-height-default elementor-section-height-default\" data-id=\"96f9f39\" data-element_type=\"section\" data-settings=\"{&quot;background_background&quot;:&quot;gradient&quot;}\">\n\t\t\t\t\t\t<div class=\"elementor-container elementor-column-gap-no\">\n\t\t\t\t\t<div class=\"elementor-column elementor-col-100 elementor-top-column elementor-element elementor-element-3e9565e\" data-id=\"3e9565e\" data-element_type=\"column\">\n\t\t\t<div class=\"elementor-widget-wrap elementor-element-populated\">\n\t\t\t\t\t\t<div class=\"elementor-element elementor-element-82f980d elementor-widget elementor-widget-text-editor\" data-id=\"82f980d\" data-element_type=\"widget\" data-widget_type=\"text-editor.default\">\n\t\t\t\t<div class=\"elementor-widget-container\">\n\t\t\t\t\t\t\t\t\t<p><em>\u00a0<\/em><\/p><p><em>Con el objetivo de promover la cultura de fabricaci\u00f3n y la generaci\u00f3n de capacidades para que se fabrique o construya \u201ccasi de todo\u201d, este proyecto pretende llevarse a cabo en el Centro Regional de Azuero, de la Universidad Tecnol\u00f3gica de Panam\u00e1, considerando que en la actualidad no existen iniciativas similares en la regi\u00f3n.<\/em><\/p><p><em>El FABLAB UTP Azuero contar\u00e1 con m\u00e1quinas de control num\u00e9rico computarizado (CNC), que incluyen fresadora, torno, router y cortadora l\u00e1ser, as\u00ed como impresoras 3D y una estaci\u00f3n de soldadura blanda. El personal que formar\u00e1 parte del FABLAB UTP Azuero estar\u00e1 capacitado para brindar asesor\u00edas t\u00e9cnicas en las \u00e1reas de dise\u00f1o digital y de manufactura de piezas, as\u00ed mismo para brindar capacitaciones en el uso de las diferentes estaciones de trabajo del laboratorio.<\/em><\/p><p><em>El FABLAB UTP Azuero pretende contribuir al desarrollo de la Regi\u00f3n, apoyando a quienes desean crear e innovar, favoreciendo iniciativas de emprendimiento a nivel local y regional, mediante la formaci\u00f3n, capacitaci\u00f3n, generaci\u00f3n de capacidades y la asesor\u00eda t\u00e9cnica. Este objetivo es c\u00f3nsono con la misi\u00f3n y visi\u00f3n de la Universidad Tecnol\u00f3gica de Panam\u00e1.<\/em><\/p><p><em>\u00a0<\/em><\/p>\t\t\t\t\t\t\t\t<\/div>\n\t\t\t\t<\/div>\n\t\t\t\t\t<\/div>\n\t\t<\/div>\n\t\t\t\t\t<\/div>\n\t\t<\/section>\n\t\t\t\t<section class=\"elementor-section elementor-top-section elementor-element elementor-element-4935071 elementor-section-boxed elementor-section-height-default elementor-section-height-default\" data-id=\"4935071\" data-element_type=\"section\" data-settings=\"{&quot;background_background&quot;:&quot;gradient&quot;}\">\n\t\t\t\t\t\t<div class=\"elementor-container elementor-column-gap-default\">\n\t\t\t\t\t<div class=\"elementor-column elementor-col-50 elementor-top-column elementor-element elementor-element-0828b2b\" data-id=\"0828b2b\" data-element_type=\"column\">\n\t\t\t<div class=\"elementor-widget-wrap elementor-element-populated\">\n\t\t\t\t\t\t<div class=\"elementor-element elementor-element-84faf3c elementor-widget elementor-widget-image\" data-id=\"84faf3c\" data-element_type=\"widget\" data-widget_type=\"image.default\">\n\t\t\t\t<div class=\"elementor-widget-container\">\n\t\t\t\t\t\t\t\t\t\t\t\t\t\t\t<img decoding=\"async\" width=\"150\" height=\"150\" src=\"https:\/\/fablabazuero.utp.ac.pa\/wp-content\/uploads\/2022\/03\/vision-fablab-150x150.png\" class=\"attachment-thumbnail size-thumbnail wp-image-671\" alt=\"\" srcset=\"https:\/\/fablabazuero.utp.ac.pa\/wp-content\/uploads\/2022\/03\/vision-fablab-150x150.png 150w, https:\/\/fablabazuero.utp.ac.pa\/wp-content\/uploads\/2022\/03\/vision-fablab.png 240w\" sizes=\"(max-width: 150px) 100vw, 150px\" \/>\t\t\t\t\t\t\t\t\t\t\t\t\t\t\t<\/div>\n\t\t\t\t<\/div>\n\t\t\t\t<div class=\"elementor-element elementor-element-90a9dc2 elementor-widget elementor-widget-heading\" data-id=\"90a9dc2\" data-element_type=\"widget\" data-widget_type=\"heading.default\">\n\t\t\t\t<div class=\"elementor-widget-container\">\n\t\t\t\t\t<h2 class=\"elementor-heading-title elementor-size-default\">Misi\u00f3n<\/h2>\t\t\t\t<\/div>\n\t\t\t\t<\/div>\n\t\t\t\t<div class=\"elementor-element elementor-element-9c9703f elementor-widget elementor-widget-text-editor\" data-id=\"9c9703f\" data-element_type=\"widget\" data-widget_type=\"text-editor.default\">\n\t\t\t\t<div class=\"elementor-widget-container\">\n\t\t\t\t\t\t\t\t\t<p><em>Colaborar y favorecer la creatividad propiciando el uso de herramientas de fabricaci\u00f3n digital en la comunidad Verag\u00fcense.<\/em><\/p>\t\t\t\t\t\t\t\t<\/div>\n\t\t\t\t<\/div>\n\t\t\t\t\t<\/div>\n\t\t<\/div>\n\t\t\t\t<div class=\"elementor-column elementor-col-50 elementor-top-column elementor-element elementor-element-47091c0\" data-id=\"47091c0\" data-element_type=\"column\">\n\t\t\t<div class=\"elementor-widget-wrap elementor-element-populated\">\n\t\t\t\t\t\t<div class=\"elementor-element elementor-element-1fae011 elementor-widget elementor-widget-image\" data-id=\"1fae011\" data-element_type=\"widget\" data-widget_type=\"image.default\">\n\t\t\t\t<div class=\"elementor-widget-container\">\n\t\t\t\t\t\t\t\t\t\t\t\t\t\t\t<img decoding=\"async\" width=\"150\" height=\"150\" src=\"https:\/\/fablabazuero.utp.ac.pa\/wp-content\/uploads\/2022\/03\/vision-fablab-1-150x150.png\" class=\"attachment-thumbnail size-thumbnail wp-image-672\" alt=\"\" srcset=\"https:\/\/fablabazuero.utp.ac.pa\/wp-content\/uploads\/2022\/03\/vision-fablab-1-150x150.png 150w, https:\/\/fablabazuero.utp.ac.pa\/wp-content\/uploads\/2022\/03\/vision-fablab-1.png 240w\" sizes=\"(max-width: 150px) 100vw, 150px\" \/>\t\t\t\t\t\t\t\t\t\t\t\t\t\t\t<\/div>\n\t\t\t\t<\/div>\n\t\t\t\t<div class=\"elementor-element elementor-element-eefab67 elementor-widget elementor-widget-heading\" data-id=\"eefab67\" data-element_type=\"widget\" data-widget_type=\"heading.default\">\n\t\t\t\t<div class=\"elementor-widget-container\">\n\t\t\t\t\t<h2 class=\"elementor-heading-title elementor-size-default\">Visi\u00f3n<\/h2>\t\t\t\t<\/div>\n\t\t\t\t<\/div>\n\t\t\t\t<div class=\"elementor-element elementor-element-e18e237 elementor-widget elementor-widget-text-editor\" data-id=\"e18e237\" data-element_type=\"widget\" data-widget_type=\"text-editor.default\">\n\t\t\t\t<div class=\"elementor-widget-container\">\n\t\t\t\t\t\t\t\t\t<p><em>Ser el punto donde convergen creativos, emprendedores generando beneficios sociales y econ\u00f3micos a la regi\u00f3n.<\/em><\/p>\t\t\t\t\t\t\t\t<\/div>\n\t\t\t\t<\/div>\n\t\t\t\t\t<\/div>\n\t\t<\/div>\n\t\t\t\t\t<\/div>\n\t\t<\/section>\n\t\t\t\t<section class=\"elementor-section elementor-top-section elementor-element elementor-element-e4f7e69 elementor-section-boxed elementor-section-height-default elementor-section-height-default\" data-id=\"e4f7e69\" data-element_type=\"section\" data-settings=\"{&quot;background_background&quot;:&quot;gradient&quot;}\">\n\t\t\t\t\t\t<div class=\"elementor-container elementor-column-gap-default\">\n\t\t\t\t\t<div class=\"elementor-column elementor-col-100 elementor-top-column elementor-element elementor-element-13f8c59\" data-id=\"13f8c59\" data-element_type=\"column\">\n\t\t\t<div class=\"elementor-widget-wrap elementor-element-populated\">\n\t\t\t\t\t\t<div class=\"elementor-element elementor-element-f724c9e elementor-widget elementor-widget-image\" data-id=\"f724c9e\" data-element_type=\"widget\" data-widget_type=\"image.default\">\n\t\t\t\t<div class=\"elementor-widget-container\">\n\t\t\t\t\t\t\t\t\t\t\t\t\t\t\t<img decoding=\"async\" width=\"150\" height=\"150\" src=\"https:\/\/fablabazuero.utp.ac.pa\/wp-content\/uploads\/2022\/03\/mision-fablab-150x150.png\" class=\"attachment-thumbnail size-thumbnail wp-image-670\" alt=\"\" srcset=\"https:\/\/fablabazuero.utp.ac.pa\/wp-content\/uploads\/2022\/03\/mision-fablab-150x150.png 150w, https:\/\/fablabazuero.utp.ac.pa\/wp-content\/uploads\/2022\/03\/mision-fablab.png 240w\" sizes=\"(max-width: 150px) 100vw, 150px\" \/>\t\t\t\t\t\t\t\t\t\t\t\t\t\t\t<\/div>\n\t\t\t\t<\/div>\n\t\t\t\t<div class=\"elementor-element elementor-element-8d8a151 elementor-widget elementor-widget-heading\" data-id=\"8d8a151\" data-element_type=\"widget\" data-widget_type=\"heading.default\">\n\t\t\t\t<div class=\"elementor-widget-container\">\n\t\t\t\t\t<h2 class=\"elementor-heading-title elementor-size-default\">Objetivos<\/h2>\t\t\t\t<\/div>\n\t\t\t\t<\/div>\n\t\t\t\t<div class=\"elementor-element elementor-element-1c269cf elementor-widget elementor-widget-text-editor\" data-id=\"1c269cf\" data-element_type=\"widget\" data-widget_type=\"text-editor.default\">\n\t\t\t\t<div class=\"elementor-widget-container\">\n\t\t\t\t\t\t\t\t\t<p>OBJETIVO GENERAL:<\/p>\t\t\t\t\t\t\t\t<\/div>\n\t\t\t\t<\/div>\n\t\t\t\t<div class=\"elementor-element elementor-element-3f27bfb elementor-widget elementor-widget-text-editor\" data-id=\"3f27bfb\" data-element_type=\"widget\" data-widget_type=\"text-editor.default\">\n\t\t\t\t<div class=\"elementor-widget-container\">\n\t\t\t\t\t\t\t\t\t<p><em>Potenciar y democratizar la cultura de fabricaci\u00f3n digital y cultura maker en la comunidad de la Regi\u00f3n de Azuero y aleda\u00f1as, de forma tal que se generen capacidades de producci\u00f3n tendientes a la soluci\u00f3n de problemas reales y locales de impacto regional.<\/em><\/p>\t\t\t\t\t\t\t\t<\/div>\n\t\t\t\t<\/div>\n\t\t\t\t<div class=\"elementor-element elementor-element-a6d68c7 elementor-widget elementor-widget-text-editor\" data-id=\"a6d68c7\" data-element_type=\"widget\" data-widget_type=\"text-editor.default\">\n\t\t\t\t<div class=\"elementor-widget-container\">\n\t\t\t\t\t\t\t\t\t<p>OBJETIVO ESPEC\u00cdFICOS:<\/p>\t\t\t\t\t\t\t\t<\/div>\n\t\t\t\t<\/div>\n\t\t\t\t<div class=\"elementor-element elementor-element-aedcfde elementor-widget elementor-widget-text-editor\" data-id=\"aedcfde\" data-element_type=\"widget\" data-widget_type=\"text-editor.default\">\n\t\t\t\t<div class=\"elementor-widget-container\">\n\t\t\t\t\t\t\t\t\t<p><em>Propiciar la innovaci\u00f3n y la invenci\u00f3n para estimular la creatividad e iniciativa empresarial local.<\/em><\/p><p><em>Ofrecer a la comunidad FabLab Azuero, la posibilidad de desarrollar destrezas y habilidades en el uso de los equipos del laboratorio<\/em><\/p><p><em>Pertenecer a una comunidad global de makers.<\/em><\/p>\t\t\t\t\t\t\t\t<\/div>\n\t\t\t\t<\/div>\n\t\t\t\t\t<\/div>\n\t\t<\/div>\n\t\t\t\t\t<\/div>\n\t\t<\/section>\n\t\t\t\t<\/div>\n\t\t","protected":false},"excerpt":{"rendered":"<p>DESCRIPCI\u00d3N \u00a0 Con el objetivo de promover la cultura de fabricaci\u00f3n y la generaci\u00f3n de capacidades para que se fabrique o construya \u201ccasi de todo\u201d, este proyecto pretende llevarse a cabo en el Centro Regional de Azuero, de la Universidad Tecnol\u00f3gica de Panam\u00e1, considerando que en la actualidad no existen iniciativas similares en la regi\u00f3n. [&hellip;]<\/p>\n","protected":false},"author":1,"featured_media":0,"parent":0,"menu_order":0,"comment_status":"closed","ping_status":"closed","template":"","meta":{"saved_in_kubio":false,"footnotes":""},"class_list":["post-112","page","type-page","status-publish","hentry"],"kubio_ai_page_context":{"short_desc":"","purpose":"general"},"_links":{"self":[{"href":"https:\/\/fablabazuero.utp.ac.pa\/index.php?rest_route=\/wp\/v2\/pages\/112","targetHints":{"allow":["GET"]}}],"collection":[{"href":"https:\/\/fablabazuero.utp.ac.pa\/index.php?rest_route=\/wp\/v2\/pages"}],"about":[{"href":"https:\/\/fablabazuero.utp.ac.pa\/index.php?rest_route=\/wp\/v2\/types\/page"}],"author":[{"embeddable":true,"href":"https:\/\/fablabazuero.utp.ac.pa\/index.php?rest_route=\/wp\/v2\/users\/1"}],"replies":[{"embeddable":true,"href":"https:\/\/fablabazuero.utp.ac.pa\/index.php?rest_route=%2Fwp%2Fv2%2Fcomments&post=112"}],"version-history":[{"count":35,"href":"https:\/\/fablabazuero.utp.ac.pa\/index.php?rest_route=\/wp\/v2\/pages\/112\/revisions"}],"predecessor-version":[{"id":1690,"href":"https:\/\/fablabazuero.utp.ac.pa\/index.php?rest_route=\/wp\/v2\/pages\/112\/revisions\/1690"}],"wp:attachment":[{"href":"https:\/\/fablabazuero.utp.ac.pa\/index.php?rest_route=%2Fwp%2Fv2%2Fmedia&parent=112"}],"curies":[{"name":"wp","href":"https:\/\/api.w.org\/{rel}","templated":true}]}}