{"id":113,"date":"2021-05-03T13:29:33","date_gmt":"2021-05-03T13:29:33","guid":{"rendered":"http:\/\/fablabazuero.utp.ac.pa\/?page_id=113"},"modified":"2025-01-29T09:28:46","modified_gmt":"2025-01-29T14:28:46","slug":"about-2","status":"publish","type":"page","link":"https:\/\/fablabazuero.utp.ac.pa\/?page_id=113","title":{"rendered":"About"},"content":{"rendered":"\t\t<div data-elementor-type=\"wp-page\" data-elementor-id=\"113\" class=\"elementor elementor-113\">\n\t\t\t\t\t\t<section class=\"elementor-section elementor-top-section elementor-element elementor-element-f42a8d4 elementor-section-full_width elementor-section-height-default elementor-section-height-default\" data-id=\"f42a8d4\" data-element_type=\"section\" data-settings=\"{&quot;background_background&quot;:&quot;classic&quot;}\">\n\t\t\t\t\t\t<div class=\"elementor-container elementor-column-gap-default\">\n\t\t\t\t\t<div class=\"elementor-column elementor-col-100 elementor-top-column elementor-element elementor-element-7fe9634\" data-id=\"7fe9634\" data-element_type=\"column\">\n\t\t\t<div class=\"elementor-widget-wrap elementor-element-populated\">\n\t\t\t\t\t\t<div class=\"elementor-element elementor-element-735be69 elementor-widget elementor-widget-heading\" data-id=\"735be69\" data-element_type=\"widget\" data-widget_type=\"heading.default\">\n\t\t\t\t<div class=\"elementor-widget-container\">\n\t\t\t\t\t<h2 class=\"elementor-heading-title elementor-size-default\"><b>DIRECTORES<\/b><\/h2>\t\t\t\t<\/div>\n\t\t\t\t<\/div>\n\t\t\t\t\t<\/div>\n\t\t<\/div>\n\t\t\t\t\t<\/div>\n\t\t<\/section>\n\t\t\t\t<section class=\"elementor-section elementor-top-section elementor-element elementor-element-ffaa60d elementor-section-boxed elementor-section-height-default elementor-section-height-default\" data-id=\"ffaa60d\" data-element_type=\"section\">\n\t\t\t\t\t\t<div class=\"elementor-container elementor-column-gap-default\">\n\t\t\t\t\t<div class=\"elementor-column elementor-col-50 elementor-top-column elementor-element elementor-element-47803e0\" data-id=\"47803e0\" data-element_type=\"column\" data-settings=\"{&quot;background_background&quot;:&quot;gradient&quot;}\">\n\t\t\t<div class=\"elementor-widget-wrap elementor-element-populated\">\n\t\t\t\t\t\t<div class=\"elementor-element elementor-element-713e59e elementor-widget elementor-widget-heading\" data-id=\"713e59e\" data-element_type=\"widget\" data-widget_type=\"heading.default\">\n\t\t\t\t<div class=\"elementor-widget-container\">\n\t\t\t\t\t<h2 class=\"elementor-heading-title elementor-size-default\"><b>DRA. NACAR\u00cd MAR\u00cdN<\/b><\/h2>\t\t\t\t<\/div>\n\t\t\t\t<\/div>\n\t\t\t\t<div class=\"elementor-element elementor-element-1cfad7c elementor-widget elementor-widget-image\" data-id=\"1cfad7c\" data-element_type=\"widget\" data-widget_type=\"image.default\">\n\t\t\t\t<div class=\"elementor-widget-container\">\n\t\t\t\t\t\t\t\t\t\t\t\t\t\t\t<img fetchpriority=\"high\" decoding=\"async\" width=\"1024\" height=\"1024\" src=\"https:\/\/fablabazuero.utp.ac.pa\/wp-content\/uploads\/2024\/05\/394-1024x1024.png\" class=\"attachment-large size-large wp-image-1257\" alt=\"\" srcset=\"https:\/\/fablabazuero.utp.ac.pa\/wp-content\/uploads\/2024\/05\/394-1024x1024.png 1024w, https:\/\/fablabazuero.utp.ac.pa\/wp-content\/uploads\/2024\/05\/394-300x300.png 300w, https:\/\/fablabazuero.utp.ac.pa\/wp-content\/uploads\/2024\/05\/394-150x150.png 150w, https:\/\/fablabazuero.utp.ac.pa\/wp-content\/uploads\/2024\/05\/394-768x768.png 768w, https:\/\/fablabazuero.utp.ac.pa\/wp-content\/uploads\/2024\/05\/394.png 1080w\" sizes=\"(max-width: 1024px) 100vw, 1024px\" \/>\t\t\t\t\t\t\t\t\t\t\t\t\t\t\t<\/div>\n\t\t\t\t<\/div>\n\t\t\t\t<div class=\"elementor-element elementor-element-9748837 elementor-widget elementor-widget-text-editor\" data-id=\"9748837\" data-element_type=\"widget\" data-widget_type=\"text-editor.default\">\n\t\t\t\t<div class=\"elementor-widget-container\">\n\t\t\t\t\t\t\t\t\t<ul><li>Ingeniera Mec\u00e1nica<\/li><li>Doctorado en Ingenier\u00eda Mec\u00e1nica y en Organizaci\u00f3n Industrial.<\/li><li>Docente tiempo completo &#8211;\u00a0 Facultad de Ingenier\u00eda de Mec\u00e1nica, Centro Regional de Azuero.<\/li><\/ul>\t\t\t\t\t\t\t\t<\/div>\n\t\t\t\t<\/div>\n\t\t\t\t\t<\/div>\n\t\t<\/div>\n\t\t\t\t<div class=\"elementor-column elementor-col-50 elementor-top-column elementor-element elementor-element-2722593\" data-id=\"2722593\" data-element_type=\"column\">\n\t\t\t<div class=\"elementor-widget-wrap elementor-element-populated\">\n\t\t\t\t\t\t<div class=\"elementor-element elementor-element-72e691f elementor-widget elementor-widget-heading\" data-id=\"72e691f\" data-element_type=\"widget\" data-widget_type=\"heading.default\">\n\t\t\t\t<div class=\"elementor-widget-container\">\n\t\t\t\t\t<h2 class=\"elementor-heading-title elementor-size-default\"><b>DR. DOMINGO VEGA<\/b><\/h2>\t\t\t\t<\/div>\n\t\t\t\t<\/div>\n\t\t\t\t<div class=\"elementor-element elementor-element-2ff1964 elementor-widget elementor-widget-image\" data-id=\"2ff1964\" data-element_type=\"widget\" data-widget_type=\"image.default\">\n\t\t\t\t<div class=\"elementor-widget-container\">\n\t\t\t\t\t\t\t\t\t\t\t\t\t\t\t<img decoding=\"async\" width=\"1024\" height=\"1024\" src=\"https:\/\/fablabazuero.utp.ac.pa\/wp-content\/uploads\/2024\/05\/395-1024x1024.png\" class=\"attachment-large size-large wp-image-1258\" alt=\"\" srcset=\"https:\/\/fablabazuero.utp.ac.pa\/wp-content\/uploads\/2024\/05\/395-1024x1024.png 1024w, https:\/\/fablabazuero.utp.ac.pa\/wp-content\/uploads\/2024\/05\/395-300x300.png 300w, https:\/\/fablabazuero.utp.ac.pa\/wp-content\/uploads\/2024\/05\/395-150x150.png 150w, https:\/\/fablabazuero.utp.ac.pa\/wp-content\/uploads\/2024\/05\/395-768x768.png 768w, https:\/\/fablabazuero.utp.ac.pa\/wp-content\/uploads\/2024\/05\/395.png 1080w\" sizes=\"(max-width: 1024px) 100vw, 1024px\" \/>\t\t\t\t\t\t\t\t\t\t\t\t\t\t\t<\/div>\n\t\t\t\t<\/div>\n\t\t\t\t<div class=\"elementor-element elementor-element-ca25c22 elementor-widget elementor-widget-text-editor\" data-id=\"ca25c22\" data-element_type=\"widget\" data-widget_type=\"text-editor.default\">\n\t\t\t\t<div class=\"elementor-widget-container\">\n\t\t\t\t\t\t\t\t\t<ul><li>Licenciado en Tecnolog\u00eda Mec\u00e1nica Industrial\u00a0\u00a0<\/li><li>Doctorado en Ingenier\u00eda Industrial\u00a0<\/li><li>Docente tiempo completo- Facultad de Ingenier\u00eda Mec\u00e1nica, Centro Regional de Azuero<\/li><\/ul>\t\t\t\t\t\t\t\t<\/div>\n\t\t\t\t<\/div>\n\t\t\t\t\t<\/div>\n\t\t<\/div>\n\t\t\t\t\t<\/div>\n\t\t<\/section>\n\t\t\t\t<section class=\"elementor-section elementor-top-section elementor-element elementor-element-6d15627 elementor-section-boxed elementor-section-height-default elementor-section-height-default\" data-id=\"6d15627\" data-element_type=\"section\" data-settings=\"{&quot;background_background&quot;:&quot;classic&quot;}\">\n\t\t\t\t\t\t<div class=\"elementor-container elementor-column-gap-default\">\n\t\t\t\t\t<div class=\"elementor-column elementor-col-100 elementor-top-column elementor-element elementor-element-96687af\" data-id=\"96687af\" data-element_type=\"column\">\n\t\t\t<div class=\"elementor-widget-wrap elementor-element-populated\">\n\t\t\t\t\t\t<div class=\"elementor-element elementor-element-f17cd8c elementor-widget elementor-widget-heading\" data-id=\"f17cd8c\" data-element_type=\"widget\" data-widget_type=\"heading.default\">\n\t\t\t\t<div class=\"elementor-widget-container\">\n\t\t\t\t\t<h1 class=\"elementor-heading-title elementor-size-default\"><b>COLABORADORES<\/b><\/h1>\t\t\t\t<\/div>\n\t\t\t\t<\/div>\n\t\t\t\t\t<\/div>\n\t\t<\/div>\n\t\t\t\t\t<\/div>\n\t\t<\/section>\n\t\t\t\t<section class=\"elementor-section elementor-top-section elementor-element elementor-element-f8c8c64 elementor-section-boxed elementor-section-height-default elementor-section-height-default\" data-id=\"f8c8c64\" data-element_type=\"section\">\n\t\t\t\t\t\t<div class=\"elementor-container elementor-column-gap-default\">\n\t\t\t\t\t<div class=\"elementor-column elementor-col-33 elementor-top-column elementor-element elementor-element-873973d\" data-id=\"873973d\" data-element_type=\"column\">\n\t\t\t<div class=\"elementor-widget-wrap elementor-element-populated\">\n\t\t\t\t\t\t<div class=\"elementor-element elementor-element-437ff56 elementor-widget elementor-widget-heading\" data-id=\"437ff56\" data-element_type=\"widget\" data-widget_type=\"heading.default\">\n\t\t\t\t<div class=\"elementor-widget-container\">\n\t\t\t\t\t<h3 class=\"elementor-heading-title elementor-size-default\">Nelson Garc\u00eda <\/h3>\t\t\t\t<\/div>\n\t\t\t\t<\/div>\n\t\t\t\t<div class=\"elementor-element elementor-element-2a717f8 elementor-widget elementor-widget-image\" data-id=\"2a717f8\" data-element_type=\"widget\" data-widget_type=\"image.default\">\n\t\t\t\t<div class=\"elementor-widget-container\">\n\t\t\t\t\t\t\t\t\t\t\t\t\t\t\t<img decoding=\"async\" width=\"300\" height=\"300\" src=\"https:\/\/fablabazuero.utp.ac.pa\/wp-content\/uploads\/2024\/05\/396-300x300.png\" class=\"attachment-medium size-medium wp-image-1259\" alt=\"\" srcset=\"https:\/\/fablabazuero.utp.ac.pa\/wp-content\/uploads\/2024\/05\/396-300x300.png 300w, https:\/\/fablabazuero.utp.ac.pa\/wp-content\/uploads\/2024\/05\/396-1024x1024.png 1024w, https:\/\/fablabazuero.utp.ac.pa\/wp-content\/uploads\/2024\/05\/396-150x150.png 150w, https:\/\/fablabazuero.utp.ac.pa\/wp-content\/uploads\/2024\/05\/396-768x768.png 768w, https:\/\/fablabazuero.utp.ac.pa\/wp-content\/uploads\/2024\/05\/396.png 1080w\" sizes=\"(max-width: 300px) 100vw, 300px\" \/>\t\t\t\t\t\t\t\t\t\t\t\t\t\t\t<\/div>\n\t\t\t\t<\/div>\n\t\t\t\t<div class=\"elementor-element elementor-element-835a96c elementor-widget elementor-widget-text-editor\" data-id=\"835a96c\" data-element_type=\"widget\" data-widget_type=\"text-editor.default\">\n\t\t\t\t<div class=\"elementor-widget-container\">\n\t\t\t\t\t\t\t\t\t<ul><li style=\"color: #000000; font-family: 'Times New Roman'; font-size: medium; font-style: normal; font-weight: 400;\">Estudiante de IV A\u00f1o de la Licenciatura en Ingenier\u00eda en Sistema<\/li><li style=\"color: #000000; font-family: 'Times New Roman'; font-size: medium; font-style: normal; font-weight: 400;\"><span style=\"background-color: var(--ast-global-color-4);\">\u00c1rea de Inter\u00e9s: Fabricaci\u00f3n en general, Rob\u00f3tica, Programaci\u00f3n y circuitos electr\u00f3nicos.<\/span><\/li><\/ul>\t\t\t\t\t\t\t\t<\/div>\n\t\t\t\t<\/div>\n\t\t\t\t\t<\/div>\n\t\t<\/div>\n\t\t\t\t<div class=\"elementor-column elementor-col-33 elementor-top-column elementor-element elementor-element-fb82ca6\" data-id=\"fb82ca6\" data-element_type=\"column\">\n\t\t\t<div class=\"elementor-widget-wrap elementor-element-populated\">\n\t\t\t\t\t\t<div class=\"elementor-element elementor-element-be729b9 elementor-widget elementor-widget-heading\" data-id=\"be729b9\" data-element_type=\"widget\" data-widget_type=\"heading.default\">\n\t\t\t\t<div class=\"elementor-widget-container\">\n\t\t\t\t\t<h3 class=\"elementor-heading-title elementor-size-default\">Abdiel C\u00f3rdoba <\/h3>\t\t\t\t<\/div>\n\t\t\t\t<\/div>\n\t\t\t\t<div class=\"elementor-element elementor-element-90eed9a elementor-widget elementor-widget-image\" data-id=\"90eed9a\" data-element_type=\"widget\" data-widget_type=\"image.default\">\n\t\t\t\t<div class=\"elementor-widget-container\">\n\t\t\t\t\t\t\t\t\t\t\t\t\t\t\t<img loading=\"lazy\" decoding=\"async\" width=\"300\" height=\"300\" src=\"https:\/\/fablabazuero.utp.ac.pa\/wp-content\/uploads\/2024\/05\/397-300x300.png\" class=\"attachment-medium size-medium wp-image-1260\" alt=\"\" srcset=\"https:\/\/fablabazuero.utp.ac.pa\/wp-content\/uploads\/2024\/05\/397-300x300.png 300w, https:\/\/fablabazuero.utp.ac.pa\/wp-content\/uploads\/2024\/05\/397-1024x1024.png 1024w, https:\/\/fablabazuero.utp.ac.pa\/wp-content\/uploads\/2024\/05\/397-150x150.png 150w, https:\/\/fablabazuero.utp.ac.pa\/wp-content\/uploads\/2024\/05\/397-768x768.png 768w, https:\/\/fablabazuero.utp.ac.pa\/wp-content\/uploads\/2024\/05\/397.png 1080w\" sizes=\"(max-width: 300px) 100vw, 300px\" \/>\t\t\t\t\t\t\t\t\t\t\t\t\t\t\t<\/div>\n\t\t\t\t<\/div>\n\t\t\t\t<div class=\"elementor-element elementor-element-74fb8ab elementor-widget elementor-widget-text-editor\" data-id=\"74fb8ab\" data-element_type=\"widget\" data-widget_type=\"text-editor.default\">\n\t\t\t\t<div class=\"elementor-widget-container\">\n\t\t\t\t\t\t\t\t\t<ul><li style=\"color: #000000; font-family: 'Times New Roman'; font-size: medium; font-style: normal; font-weight: 400;\">Estudiante de II A\u00f1o de la Licenciatura en Mec\u00e1nica Industrial<\/li><li style=\"color: #000000; font-family: 'Times New Roman'; font-size: medium; font-style: normal; font-weight: 400;\"><span style=\"background-color: var(--ast-global-color-4);\">\u00c1rea de Inter\u00e9s: Fabricaci\u00f3n en general, corte l\u00e1ser, corte de vinil y bordado.<\/span><\/li><\/ul>\t\t\t\t\t\t\t\t<\/div>\n\t\t\t\t<\/div>\n\t\t\t\t\t<\/div>\n\t\t<\/div>\n\t\t\t\t<div class=\"elementor-column elementor-col-33 elementor-top-column elementor-element elementor-element-2046840\" data-id=\"2046840\" data-element_type=\"column\">\n\t\t\t<div class=\"elementor-widget-wrap elementor-element-populated\">\n\t\t\t\t\t\t<div class=\"elementor-element elementor-element-eedb073 elementor-widget elementor-widget-heading\" data-id=\"eedb073\" data-element_type=\"widget\" data-widget_type=\"heading.default\">\n\t\t\t\t<div class=\"elementor-widget-container\">\n\t\t\t\t\t<h3 class=\"elementor-heading-title elementor-size-default\">Samuel Bultr\u00f3n<\/h3>\t\t\t\t<\/div>\n\t\t\t\t<\/div>\n\t\t\t\t<div class=\"elementor-element elementor-element-5bdfb32 elementor-widget elementor-widget-image\" data-id=\"5bdfb32\" data-element_type=\"widget\" data-widget_type=\"image.default\">\n\t\t\t\t<div class=\"elementor-widget-container\">\n\t\t\t\t\t\t\t\t\t\t\t\t\t\t\t<img loading=\"lazy\" decoding=\"async\" width=\"300\" height=\"300\" src=\"https:\/\/fablabazuero.utp.ac.pa\/wp-content\/uploads\/2024\/05\/398-300x300.png\" class=\"attachment-medium size-medium wp-image-1261\" alt=\"\" srcset=\"https:\/\/fablabazuero.utp.ac.pa\/wp-content\/uploads\/2024\/05\/398-300x300.png 300w, https:\/\/fablabazuero.utp.ac.pa\/wp-content\/uploads\/2024\/05\/398-1024x1024.png 1024w, https:\/\/fablabazuero.utp.ac.pa\/wp-content\/uploads\/2024\/05\/398-150x150.png 150w, https:\/\/fablabazuero.utp.ac.pa\/wp-content\/uploads\/2024\/05\/398-768x768.png 768w, https:\/\/fablabazuero.utp.ac.pa\/wp-content\/uploads\/2024\/05\/398.png 1080w\" sizes=\"(max-width: 300px) 100vw, 300px\" \/>\t\t\t\t\t\t\t\t\t\t\t\t\t\t\t<\/div>\n\t\t\t\t<\/div>\n\t\t\t\t<div class=\"elementor-element elementor-element-2f8f333 elementor-widget elementor-widget-text-editor\" data-id=\"2f8f333\" data-element_type=\"widget\" data-widget_type=\"text-editor.default\">\n\t\t\t\t<div class=\"elementor-widget-container\">\n\t\t\t\t\t\t\t\t\t<ul><li style=\"color: #000000; font-family: 'Times New Roman'; font-size: medium; font-style: normal; font-weight: 400;\">Estudiante de II A\u00f1o de la Licenciatura en Mec\u00e1nica Industrial<\/li><li style=\"color: #000000; font-family: 'Times New Roman'; font-size: medium; font-style: normal; font-weight: 400;\"><span style=\"background-color: var(--ast-global-color-4);\">\u00c1rea de Inter\u00e9s: Fabricaci\u00f3n en general, dise\u00f1o 3D, corte de vinil y circuitos electr\u00f3nicos.<\/span><\/li><\/ul>\t\t\t\t\t\t\t\t<\/div>\n\t\t\t\t<\/div>\n\t\t\t\t\t<\/div>\n\t\t<\/div>\n\t\t\t\t\t<\/div>\n\t\t<\/section>\n\t\t\t\t<section class=\"elementor-section elementor-top-section elementor-element elementor-element-5494fa3 elementor-section-boxed elementor-section-height-default elementor-section-height-default\" data-id=\"5494fa3\" data-element_type=\"section\" data-settings=\"{&quot;background_background&quot;:&quot;classic&quot;}\">\n\t\t\t\t\t\t<div class=\"elementor-container elementor-column-gap-default\">\n\t\t\t\t\t<div class=\"elementor-column elementor-col-100 elementor-top-column elementor-element elementor-element-2ba74f9\" data-id=\"2ba74f9\" data-element_type=\"column\">\n\t\t\t<div class=\"elementor-widget-wrap elementor-element-populated\">\n\t\t\t\t\t\t<div class=\"elementor-element elementor-element-4569327 elementor-widget elementor-widget-heading\" data-id=\"4569327\" data-element_type=\"widget\" data-widget_type=\"heading.default\">\n\t\t\t\t<div class=\"elementor-widget-container\">\n\t\t\t\t\t<h1 class=\"elementor-heading-title elementor-size-default\"><b>EGRESADOS<\/b><\/h1>\t\t\t\t<\/div>\n\t\t\t\t<\/div>\n\t\t\t\t\t<\/div>\n\t\t<\/div>\n\t\t\t\t\t<\/div>\n\t\t<\/section>\n\t\t\t\t<section class=\"elementor-section elementor-top-section elementor-element elementor-element-89faf7c elementor-section-boxed elementor-section-height-default elementor-section-height-default\" data-id=\"89faf7c\" data-element_type=\"section\">\n\t\t\t\t\t\t<div class=\"elementor-container elementor-column-gap-default\">\n\t\t\t\t\t<div class=\"elementor-column elementor-col-100 elementor-top-column elementor-element elementor-element-0e34483\" data-id=\"0e34483\" data-element_type=\"column\">\n\t\t\t<div class=\"elementor-widget-wrap elementor-element-populated\">\n\t\t\t\t\t\t<div class=\"elementor-element elementor-element-8a31bc4 elementor-widget elementor-widget-heading\" data-id=\"8a31bc4\" data-element_type=\"widget\" data-widget_type=\"heading.default\">\n\t\t\t\t<div class=\"elementor-widget-container\">\n\t\t\t\t\t<h2 class=\"elementor-heading-title elementor-size-default\"><b>Virna Montenegro<\/b><\/h2>\t\t\t\t<\/div>\n\t\t\t\t<\/div>\n\t\t\t\t<div class=\"elementor-element elementor-element-4747d3f elementor-widget elementor-widget-image\" data-id=\"4747d3f\" data-element_type=\"widget\" data-widget_type=\"image.default\">\n\t\t\t\t<div class=\"elementor-widget-container\">\n\t\t\t\t\t\t\t\t\t\t\t\t\t\t\t<img loading=\"lazy\" decoding=\"async\" width=\"300\" height=\"300\" src=\"https:\/\/fablabazuero.utp.ac.pa\/wp-content\/uploads\/2024\/05\/Fotos-carnet-2-300x300.png\" class=\"attachment-medium size-medium wp-image-1268\" alt=\"\" srcset=\"https:\/\/fablabazuero.utp.ac.pa\/wp-content\/uploads\/2024\/05\/Fotos-carnet-2-300x300.png 300w, https:\/\/fablabazuero.utp.ac.pa\/wp-content\/uploads\/2024\/05\/Fotos-carnet-2-1024x1024.png 1024w, https:\/\/fablabazuero.utp.ac.pa\/wp-content\/uploads\/2024\/05\/Fotos-carnet-2-150x150.png 150w, https:\/\/fablabazuero.utp.ac.pa\/wp-content\/uploads\/2024\/05\/Fotos-carnet-2-768x768.png 768w, https:\/\/fablabazuero.utp.ac.pa\/wp-content\/uploads\/2024\/05\/Fotos-carnet-2.png 1080w\" sizes=\"(max-width: 300px) 100vw, 300px\" \/>\t\t\t\t\t\t\t\t\t\t\t\t\t\t\t<\/div>\n\t\t\t\t<\/div>\n\t\t\t\t<div class=\"elementor-element elementor-element-fc5c959 elementor-widget elementor-widget-text-editor\" data-id=\"fc5c959\" data-element_type=\"widget\" data-widget_type=\"text-editor.default\">\n\t\t\t\t<div class=\"elementor-widget-container\">\n\t\t\t\t\t\t\t\t\t<ul><li><div>Estudiante de IV A\u00f1o de la Licenciatura en Mec\u00e1nica Industrial<\/div><\/li><li><div>\u00c1rea de Inter\u00e9s: Fabricaci\u00f3n en general, corte l\u00e1ser, corte de vinil y bordado.<\/div><\/li><\/ul>\t\t\t\t\t\t\t\t<\/div>\n\t\t\t\t<\/div>\n\t\t\t\t\t<\/div>\n\t\t<\/div>\n\t\t\t\t\t<\/div>\n\t\t<\/section>\n\t\t\t\t<\/div>\n\t\t","protected":false},"excerpt":{"rendered":"","protected":false},"author":1,"featured_media":0,"parent":0,"menu_order":0,"comment_status":"closed","ping_status":"closed","template":"","meta":{"saved_in_kubio":true,"footnotes":""},"class_list":["post-113","page","type-page","status-publish","hentry"],"kubio_ai_page_context":{"short_desc":"","purpose":"general"},"_links":{"self":[{"href":"https:\/\/fablabazuero.utp.ac.pa\/index.php?rest_route=\/wp\/v2\/pages\/113","targetHints":{"allow":["GET"]}}],"collection":[{"href":"https:\/\/fablabazuero.utp.ac.pa\/index.php?rest_route=\/wp\/v2\/pages"}],"about":[{"href":"https:\/\/fablabazuero.utp.ac.pa\/index.php?rest_route=\/wp\/v2\/types\/page"}],"author":[{"embeddable":true,"href":"https:\/\/fablabazuero.utp.ac.pa\/index.php?rest_route=\/wp\/v2\/users\/1"}],"replies":[{"embeddable":true,"href":"https:\/\/fablabazuero.utp.ac.pa\/index.php?rest_route=%2Fwp%2Fv2%2Fcomments&post=113"}],"version-history":[{"count":71,"href":"https:\/\/fablabazuero.utp.ac.pa\/index.php?rest_route=\/wp\/v2\/pages\/113\/revisions"}],"predecessor-version":[{"id":1554,"href":"https:\/\/fablabazuero.utp.ac.pa\/index.php?rest_route=\/wp\/v2\/pages\/113\/revisions\/1554"}],"wp:attachment":[{"href":"https:\/\/fablabazuero.utp.ac.pa\/index.php?rest_route=%2Fwp%2Fv2%2Fmedia&parent=113"}],"curies":[{"name":"wp","href":"https:\/\/api.w.org\/{rel}","templated":true}]}}