{"id":114,"date":"2021-05-03T13:29:33","date_gmt":"2021-05-03T18:29:33","guid":{"rendered":"http:\/\/fablabazuero.utp.ac.pa\/?page_id=114"},"modified":"2025-01-29T11:33:24","modified_gmt":"2025-01-29T16:33:24","slug":"contact","status":"publish","type":"page","link":"https:\/\/fablabazuero.utp.ac.pa\/?page_id=114","title":{"rendered":"Contact"},"content":{"rendered":"\t\t<div data-elementor-type=\"wp-page\" data-elementor-id=\"114\" class=\"elementor elementor-114\">\n\t\t\t\t\t\t<section class=\"elementor-section elementor-top-section elementor-element elementor-element-4955350 elementor-section-boxed elementor-section-height-default elementor-section-height-default\" data-id=\"4955350\" data-element_type=\"section\" data-settings=\"{&quot;background_background&quot;:&quot;classic&quot;}\">\n\t\t\t\t\t\t\t<div class=\"elementor-background-overlay\"><\/div>\n\t\t\t\t\t\t\t<div class=\"elementor-container elementor-column-gap-no\">\n\t\t\t\t\t<div class=\"elementor-column elementor-col-100 elementor-top-column elementor-element elementor-element-589aaa5\" data-id=\"589aaa5\" data-element_type=\"column\">\n\t\t\t<div class=\"elementor-widget-wrap elementor-element-populated\">\n\t\t\t\t\t\t<div class=\"elementor-element elementor-element-37741e4 elementor-widget-divider--view-line elementor-widget elementor-widget-divider\" data-id=\"37741e4\" data-element_type=\"widget\" data-widget_type=\"divider.default\">\n\t\t\t\t<div class=\"elementor-widget-container\">\n\t\t\t\t\t\t\t<div class=\"elementor-divider\">\n\t\t\t<span class=\"elementor-divider-separator\">\n\t\t\t\t\t\t<\/span>\n\t\t<\/div>\n\t\t\t\t\t\t<\/div>\n\t\t\t\t<\/div>\n\t\t\t\t<div class=\"elementor-element elementor-element-ba92ffa elementor-widget elementor-widget-heading\" data-id=\"ba92ffa\" data-element_type=\"widget\" data-widget_type=\"heading.default\">\n\t\t\t\t<div class=\"elementor-widget-container\">\n\t\t\t\t\t<h3 class=\"elementor-heading-title elementor-size-default\">SERVICIOS<\/h3>\t\t\t\t<\/div>\n\t\t\t\t<\/div>\n\t\t\t\t\t<\/div>\n\t\t<\/div>\n\t\t\t\t\t<\/div>\n\t\t<\/section>\n\t\t\t\t<section class=\"elementor-section elementor-top-section elementor-element elementor-element-3c7492a elementor-section-content-top elementor-section-boxed elementor-section-height-default elementor-section-height-default\" data-id=\"3c7492a\" data-element_type=\"section\" data-settings=\"{&quot;background_background&quot;:&quot;classic&quot;}\">\n\t\t\t\t\t\t<div class=\"elementor-container elementor-column-gap-no\">\n\t\t\t\t\t<div class=\"elementor-column elementor-col-100 elementor-top-column elementor-element elementor-element-6b640f9\" data-id=\"6b640f9\" data-element_type=\"column\">\n\t\t\t<div class=\"elementor-widget-wrap elementor-element-populated\">\n\t\t\t\t\t\t<div class=\"elementor-element elementor-element-3f74cde elementor-widget elementor-widget-heading\" data-id=\"3f74cde\" data-element_type=\"widget\" data-widget_type=\"heading.default\">\n\t\t\t\t<div class=\"elementor-widget-container\">\n\t\t\t\t\t<h4 class=\"elementor-heading-title elementor-size-default\">Oferta (actividades, servicios y caracter\u00edsticas)<\/h4>\t\t\t\t<\/div>\n\t\t\t\t<\/div>\n\t\t\t\t<div class=\"elementor-element elementor-element-919aefa elementor-widget elementor-widget-text-editor\" data-id=\"919aefa\" data-element_type=\"widget\" data-widget_type=\"text-editor.default\">\n\t\t\t\t<div class=\"elementor-widget-container\">\n\t\t\t\t\t\t\t\t\t<p><em>Membres\u00edas p\u00fablicas, cursos de certificaci\u00f3n para el uso de equipos, talleres de inscripci\u00f3n abiertos, cursos para estudiantes, profesionales y p\u00fablico en general en las diferentes \u00e1reas del FABLAB UTP Azuero (Impresi\u00f3n 3D, corte de vinil, corte l\u00e1ser, corte CNC y electr\u00f3nica), talleres de fabricaci\u00f3n para ni\u00f1os y adolescentes (FABZOO, temporada de verano, Summercamp, Programa After-School Maker, alquiler de estaciones de trabajo por hora, asesor\u00eda t\u00e9cnica en proyectos de investigaci\u00f3n y al p\u00fablico en general, entre otros que surjan de la colaboraci\u00f3n entre los miembros de la red fablab regional y mundial.<\/em><\/p>\t\t\t\t\t\t\t\t<\/div>\n\t\t\t\t<\/div>\n\t\t\t\t\t<\/div>\n\t\t<\/div>\n\t\t\t\t\t<\/div>\n\t\t<\/section>\n\t\t\t\t<section class=\"elementor-section elementor-top-section elementor-element elementor-element-ca822d4 elementor-section-boxed elementor-section-height-default elementor-section-height-default\" data-id=\"ca822d4\" data-element_type=\"section\">\n\t\t\t\t\t\t<div class=\"elementor-container elementor-column-gap-default\">\n\t\t\t\t\t<div class=\"elementor-column elementor-col-50 elementor-top-column elementor-element elementor-element-de556b6\" data-id=\"de556b6\" data-element_type=\"column\">\n\t\t\t<div class=\"elementor-widget-wrap elementor-element-populated\">\n\t\t\t\t\t\t<div class=\"elementor-element elementor-element-d477a4f elementor-widget elementor-widget-text-editor\" data-id=\"d477a4f\" data-element_type=\"widget\" data-widget_type=\"text-editor.default\">\n\t\t\t\t<div class=\"elementor-widget-container\">\n\t\t\t\t\t\t\t\t\t<p>\u00a0<\/p><p>\u00a0<\/p><p><em>En el FABLAB UTP Azuero se ofrecen servicios de:<\/em><\/p><ul><li><em>Corte y grabado laser en cualquier material.<\/em><\/li><li><em>Corte de art\u00edculos promocionales.<\/em><\/li><li><em>Corte de papeler\u00eda personalizada.<\/em><\/li><li><em>Impresi\u00f3n 3D.<\/em><\/li><li><em>Dise\u00f1o e impresi\u00f3n de envases.<\/em><\/li><li><em>Placas y trofeos.<\/em><\/li><li><em>Maquetas.<\/em><\/li><li><em>Impresi\u00f3n de objetos y prototipos.<\/em><\/li><li><em>Impresi\u00f3n de maquetas.<\/em><\/li><li><em>Curso de dise\u00f1o, Software DigiLab y otros.<\/em><\/li><\/ul>\t\t\t\t\t\t\t\t<\/div>\n\t\t\t\t<\/div>\n\t\t\t\t\t<\/div>\n\t\t<\/div>\n\t\t\t\t<div class=\"elementor-column elementor-col-50 elementor-top-column elementor-element elementor-element-ef0486b\" data-id=\"ef0486b\" data-element_type=\"column\">\n\t\t\t<div class=\"elementor-widget-wrap elementor-element-populated\">\n\t\t\t\t\t\t<div class=\"elementor-element elementor-element-1688e2c elementor-arrows-position-inside elementor-pagination-position-outside elementor-widget elementor-widget-image-carousel\" data-id=\"1688e2c\" data-element_type=\"widget\" data-settings=\"{&quot;slides_to_show&quot;:&quot;1&quot;,&quot;navigation&quot;:&quot;both&quot;,&quot;autoplay&quot;:&quot;yes&quot;,&quot;pause_on_hover&quot;:&quot;yes&quot;,&quot;pause_on_interaction&quot;:&quot;yes&quot;,&quot;autoplay_speed&quot;:5000,&quot;infinite&quot;:&quot;yes&quot;,&quot;effect&quot;:&quot;slide&quot;,&quot;speed&quot;:500}\" data-widget_type=\"image-carousel.default\">\n\t\t\t\t<div class=\"elementor-widget-container\">\n\t\t\t\t\t\t\t<div class=\"elementor-image-carousel-wrapper swiper\" role=\"region\" aria-roledescription=\"carousel\" aria-label=\"Carrusel de im\u00e1genes\" dir=\"ltr\">\n\t\t\t<div class=\"elementor-image-carousel swiper-wrapper\" aria-live=\"off\">\n\t\t\t\t\t\t\t\t<div class=\"swiper-slide\" role=\"group\" aria-roledescription=\"slide\" aria-label=\"1 de 20\"><figure class=\"swiper-slide-inner\"><img decoding=\"async\" class=\"swiper-slide-image\" src=\"https:\/\/fablabazuero.utp.ac.pa\/wp-content\/uploads\/2024\/10\/WhatsApp-Image-2024-10-09-at-7.06.21-PM-1-768x1024.jpeg\" alt=\"WhatsApp Image 2024-10-09 at 7.06.21 PM (1)\" \/><\/figure><\/div><div class=\"swiper-slide\" role=\"group\" aria-roledescription=\"slide\" aria-label=\"2 de 20\"><figure class=\"swiper-slide-inner\"><img decoding=\"async\" class=\"swiper-slide-image\" src=\"https:\/\/fablabazuero.utp.ac.pa\/wp-content\/uploads\/2024\/10\/WhatsApp-Image-2024-10-09-at-7.06.17-PM-768x1024.jpeg\" alt=\"WhatsApp Image 2024-10-09 at 7.06.17 PM\" \/><\/figure><\/div><div class=\"swiper-slide\" role=\"group\" aria-roledescription=\"slide\" aria-label=\"3 de 20\"><figure class=\"swiper-slide-inner\"><img decoding=\"async\" class=\"swiper-slide-image\" src=\"https:\/\/fablabazuero.utp.ac.pa\/wp-content\/uploads\/2024\/10\/WhatsApp-Image-2024-10-09-at-7.06.21-PM-997x1024.jpeg\" alt=\"WhatsApp Image 2024-10-09 at 7.06.21 PM\" \/><\/figure><\/div><div class=\"swiper-slide\" role=\"group\" aria-roledescription=\"slide\" aria-label=\"4 de 20\"><figure class=\"swiper-slide-inner\"><img decoding=\"async\" class=\"swiper-slide-image\" src=\"https:\/\/fablabazuero.utp.ac.pa\/wp-content\/uploads\/2024\/10\/WhatsApp-Image-2024-10-09-at-7.06.14-PM-1-768x1024.jpeg\" alt=\"WhatsApp Image 2024-10-09 at 7.06.14 PM (1)\" \/><\/figure><\/div><div class=\"swiper-slide\" role=\"group\" aria-roledescription=\"slide\" aria-label=\"5 de 20\"><figure class=\"swiper-slide-inner\"><img decoding=\"async\" class=\"swiper-slide-image\" src=\"https:\/\/fablabazuero.utp.ac.pa\/wp-content\/uploads\/2024\/10\/WhatsApp-Image-2024-10-09-at-7.06.20-PM-1-768x1024.jpeg\" alt=\"WhatsApp Image 2024-10-09 at 7.06.20 PM (1)\" \/><\/figure><\/div><div class=\"swiper-slide\" role=\"group\" aria-roledescription=\"slide\" aria-label=\"6 de 20\"><figure class=\"swiper-slide-inner\"><img decoding=\"async\" class=\"swiper-slide-image\" src=\"https:\/\/fablabazuero.utp.ac.pa\/wp-content\/uploads\/2024\/10\/WhatsApp-Image-2024-10-09-at-7.06.20-PM-768x1024.jpeg\" alt=\"WhatsApp Image 2024-10-09 at 7.06.20 PM\" \/><\/figure><\/div><div class=\"swiper-slide\" role=\"group\" aria-roledescription=\"slide\" aria-label=\"7 de 20\"><figure class=\"swiper-slide-inner\"><img decoding=\"async\" class=\"swiper-slide-image\" src=\"https:\/\/fablabazuero.utp.ac.pa\/wp-content\/uploads\/2024\/10\/WhatsApp-Image-2024-10-09-at-7.06.18-PM-768x1024.jpeg\" alt=\"WhatsApp Image 2024-10-09 at 7.06.18 PM\" \/><\/figure><\/div><div class=\"swiper-slide\" role=\"group\" aria-roledescription=\"slide\" aria-label=\"8 de 20\"><figure class=\"swiper-slide-inner\"><img decoding=\"async\" class=\"swiper-slide-image\" src=\"https:\/\/fablabazuero.utp.ac.pa\/wp-content\/uploads\/2024\/10\/WhatsApp-Image-2024-10-09-at-7.06.18-PM-1-768x1024.jpeg\" alt=\"WhatsApp Image 2024-10-09 at 7.06.18 PM (1)\" \/><\/figure><\/div><div class=\"swiper-slide\" role=\"group\" aria-roledescription=\"slide\" aria-label=\"9 de 20\"><figure class=\"swiper-slide-inner\"><img decoding=\"async\" class=\"swiper-slide-image\" src=\"https:\/\/fablabazuero.utp.ac.pa\/wp-content\/uploads\/2024\/10\/WhatsApp-Image-2024-10-09-at-7.06.19-PM-3-1024x576.jpeg\" alt=\"WhatsApp Image 2024-10-09 at 7.06.19 PM (3)\" \/><\/figure><\/div><div class=\"swiper-slide\" role=\"group\" aria-roledescription=\"slide\" aria-label=\"10 de 20\"><figure class=\"swiper-slide-inner\"><img decoding=\"async\" class=\"swiper-slide-image\" src=\"https:\/\/fablabazuero.utp.ac.pa\/wp-content\/uploads\/2024\/10\/WhatsApp-Image-2024-10-09-at-7.06.18-PM-4-768x1024.jpeg\" alt=\"WhatsApp Image 2024-10-09 at 7.06.18 PM (4)\" \/><\/figure><\/div><div class=\"swiper-slide\" role=\"group\" aria-roledescription=\"slide\" aria-label=\"11 de 20\"><figure class=\"swiper-slide-inner\"><img decoding=\"async\" class=\"swiper-slide-image\" src=\"https:\/\/fablabazuero.utp.ac.pa\/wp-content\/uploads\/2024\/10\/WhatsApp-Image-2024-10-09-at-7.06.14-PM-768x1024.jpeg\" alt=\"WhatsApp Image 2024-10-09 at 7.06.14 PM\" \/><\/figure><\/div><div class=\"swiper-slide\" role=\"group\" aria-roledescription=\"slide\" aria-label=\"12 de 20\"><figure class=\"swiper-slide-inner\"><img decoding=\"async\" class=\"swiper-slide-image\" src=\"https:\/\/fablabazuero.utp.ac.pa\/wp-content\/uploads\/2024\/10\/WhatsApp-Image-2024-10-09-at-7.06.19-PM-768x1024.jpeg\" alt=\"WhatsApp Image 2024-10-09 at 7.06.19 PM\" \/><\/figure><\/div><div class=\"swiper-slide\" role=\"group\" aria-roledescription=\"slide\" aria-label=\"13 de 20\"><figure class=\"swiper-slide-inner\"><img decoding=\"async\" class=\"swiper-slide-image\" src=\"https:\/\/fablabazuero.utp.ac.pa\/wp-content\/uploads\/2024\/10\/WhatsApp-Image-2024-10-09-at-7.06.19-PM-2-768x1024.jpeg\" alt=\"WhatsApp Image 2024-10-09 at 7.06.19 PM (2)\" \/><\/figure><\/div><div class=\"swiper-slide\" role=\"group\" aria-roledescription=\"slide\" aria-label=\"14 de 20\"><figure class=\"swiper-slide-inner\"><img decoding=\"async\" class=\"swiper-slide-image\" src=\"https:\/\/fablabazuero.utp.ac.pa\/wp-content\/uploads\/2024\/10\/WhatsApp-Image-2024-10-09-at-7.06.20-PM-2-768x1024.jpeg\" alt=\"WhatsApp Image 2024-10-09 at 7.06.20 PM (2)\" \/><\/figure><\/div><div class=\"swiper-slide\" role=\"group\" aria-roledescription=\"slide\" aria-label=\"15 de 20\"><figure class=\"swiper-slide-inner\"><img decoding=\"async\" class=\"swiper-slide-image\" src=\"https:\/\/fablabazuero.utp.ac.pa\/wp-content\/uploads\/2024\/10\/WhatsApp-Image-2024-10-09-at-7.06.18-PM-3-768x1024.jpeg\" alt=\"WhatsApp Image 2024-10-09 at 7.06.18 PM (3)\" \/><\/figure><\/div><div class=\"swiper-slide\" role=\"group\" aria-roledescription=\"slide\" aria-label=\"16 de 20\"><figure class=\"swiper-slide-inner\"><img decoding=\"async\" class=\"swiper-slide-image\" src=\"https:\/\/fablabazuero.utp.ac.pa\/wp-content\/uploads\/2024\/10\/WhatsApp-Image-2024-10-09-at-7.06.18-PM-2-1024x768.jpeg\" alt=\"WhatsApp Image 2024-10-09 at 7.06.18 PM (2)\" \/><\/figure><\/div><div class=\"swiper-slide\" role=\"group\" aria-roledescription=\"slide\" aria-label=\"17 de 20\"><figure class=\"swiper-slide-inner\"><img decoding=\"async\" class=\"swiper-slide-image\" src=\"https:\/\/fablabazuero.utp.ac.pa\/wp-content\/uploads\/2024\/10\/WhatsApp-Image-2024-10-09-at-7.06.17-PM-3-768x1024.jpeg\" alt=\"WhatsApp Image 2024-10-09 at 7.06.17 PM (3)\" \/><\/figure><\/div><div class=\"swiper-slide\" role=\"group\" aria-roledescription=\"slide\" aria-label=\"18 de 20\"><figure class=\"swiper-slide-inner\"><img decoding=\"async\" class=\"swiper-slide-image\" src=\"https:\/\/fablabazuero.utp.ac.pa\/wp-content\/uploads\/2024\/10\/WhatsApp-Image-2024-10-09-at-7.06.17-PM-2-768x1024.jpeg\" alt=\"WhatsApp Image 2024-10-09 at 7.06.17 PM (2)\" \/><\/figure><\/div><div class=\"swiper-slide\" role=\"group\" aria-roledescription=\"slide\" aria-label=\"19 de 20\"><figure class=\"swiper-slide-inner\"><img decoding=\"async\" class=\"swiper-slide-image\" src=\"https:\/\/fablabazuero.utp.ac.pa\/wp-content\/uploads\/2024\/10\/WhatsApp-Image-2024-10-09-at-7.06.20-PM-3-1024x768.jpeg\" alt=\"WhatsApp Image 2024-10-09 at 7.06.20 PM (3)\" \/><\/figure><\/div><div class=\"swiper-slide\" role=\"group\" aria-roledescription=\"slide\" aria-label=\"20 de 20\"><figure class=\"swiper-slide-inner\"><img decoding=\"async\" class=\"swiper-slide-image\" src=\"https:\/\/fablabazuero.utp.ac.pa\/wp-content\/uploads\/2024\/10\/WhatsApp-Image-2024-10-09-at-7.06.19-PM-1-1024x768.jpeg\" alt=\"WhatsApp Image 2024-10-09 at 7.06.19 PM (1)\" \/><\/figure><\/div>\t\t\t<\/div>\n\t\t\t\t\t\t\t\t\t\t\t\t<div class=\"elementor-swiper-button elementor-swiper-button-prev\" role=\"button\" tabindex=\"0\">\n\t\t\t\t\t\t<i aria-hidden=\"true\" class=\"eicon-chevron-left\"><\/i>\t\t\t\t\t<\/div>\n\t\t\t\t\t<div class=\"elementor-swiper-button elementor-swiper-button-next\" role=\"button\" tabindex=\"0\">\n\t\t\t\t\t\t<i aria-hidden=\"true\" class=\"eicon-chevron-right\"><\/i>\t\t\t\t\t<\/div>\n\t\t\t\t\n\t\t\t\t\t\t\t\t\t<div class=\"swiper-pagination\"><\/div>\n\t\t\t\t\t\t\t\t\t<\/div>\n\t\t\t\t\t\t<\/div>\n\t\t\t\t<\/div>\n\t\t\t\t\t<\/div>\n\t\t<\/div>\n\t\t\t\t\t<\/div>\n\t\t<\/section>\n\t\t\t\t<section class=\"elementor-section elementor-top-section elementor-element elementor-element-3a10085 elementor-section-boxed elementor-section-height-default elementor-section-height-default\" data-id=\"3a10085\" data-element_type=\"section\">\n\t\t\t\t\t\t<div class=\"elementor-container elementor-column-gap-default\">\n\t\t\t\t\t<div class=\"elementor-column elementor-col-100 elementor-top-column elementor-element elementor-element-731cdc3\" data-id=\"731cdc3\" data-element_type=\"column\">\n\t\t\t<div class=\"elementor-widget-wrap elementor-element-populated\">\n\t\t\t\t\t\t<div class=\"elementor-element elementor-element-2569454 elementor-widget elementor-widget-heading\" data-id=\"2569454\" data-element_type=\"widget\" data-widget_type=\"heading.default\">\n\t\t\t\t<div class=\"elementor-widget-container\">\n\t\t\t\t\t<h2 class=\"elementor-heading-title elementor-size-default\">DIAGRAMA DE SERVICIOS<\/h2>\t\t\t\t<\/div>\n\t\t\t\t<\/div>\n\t\t\t\t<div class=\"elementor-element elementor-element-5ac1a9e elementor-widget elementor-widget-image\" data-id=\"5ac1a9e\" data-element_type=\"widget\" data-widget_type=\"image.default\">\n\t\t\t\t<div class=\"elementor-widget-container\">\n\t\t\t\t\t\t\t\t\t\t\t\t\t\t\t<img fetchpriority=\"high\" decoding=\"async\" width=\"1024\" height=\"341\" src=\"https:\/\/fablabazuero.utp.ac.pa\/wp-content\/uploads\/2022\/03\/Diagrama-de-servicios-1.png\" class=\"attachment-large size-large wp-image-654\" alt=\"\" srcset=\"https:\/\/fablabazuero.utp.ac.pa\/wp-content\/uploads\/2022\/03\/Diagrama-de-servicios-1.png 1024w, https:\/\/fablabazuero.utp.ac.pa\/wp-content\/uploads\/2022\/03\/Diagrama-de-servicios-1-300x100.png 300w, https:\/\/fablabazuero.utp.ac.pa\/wp-content\/uploads\/2022\/03\/Diagrama-de-servicios-1-768x256.png 768w\" sizes=\"(max-width: 1024px) 100vw, 1024px\" \/>\t\t\t\t\t\t\t\t\t\t\t\t\t\t\t<\/div>\n\t\t\t\t<\/div>\n\t\t\t\t\t<\/div>\n\t\t<\/div>\n\t\t\t\t\t<\/div>\n\t\t<\/section>\n\t\t\t\t<section class=\"elementor-section elementor-top-section elementor-element elementor-element-a097681 elementor-section-boxed elementor-section-height-default elementor-section-height-default\" data-id=\"a097681\" data-element_type=\"section\">\n\t\t\t\t\t\t<div class=\"elementor-container elementor-column-gap-default\">\n\t\t\t\t\t<div class=\"elementor-column elementor-col-100 elementor-top-column elementor-element elementor-element-5c00943\" data-id=\"5c00943\" data-element_type=\"column\">\n\t\t\t<div class=\"elementor-widget-wrap elementor-element-populated\">\n\t\t\t\t\t\t<div class=\"elementor-element elementor-element-567f175 elementor-widget elementor-widget-video\" data-id=\"567f175\" data-element_type=\"widget\" data-settings=\"{&quot;video_type&quot;:&quot;hosted&quot;,&quot;controls&quot;:&quot;yes&quot;}\" data-widget_type=\"video.default\">\n\t\t\t\t<div class=\"elementor-widget-container\">\n\t\t\t\t\t\t\t<div class=\"e-hosted-video elementor-wrapper elementor-open-inline\">\n\t\t\t\t\t<video class=\"elementor-video\" src=\"http:\/\/fablabazuero.utp.ac.pa\/wp-content\/uploads\/2024\/10\/Fablab-480_Fast6.mp4\" controls=\"\" preload=\"metadata\" controlsList=\"nodownload\"><\/video>\n\t\t\t\t<\/div>\n\t\t\t\t\t\t<\/div>\n\t\t\t\t<\/div>\n\t\t\t\t\t<\/div>\n\t\t<\/div>\n\t\t\t\t\t<\/div>\n\t\t<\/section>\n\t\t\t\t<\/div>\n\t\t","protected":false},"excerpt":{"rendered":"<p>SERVICIOS Oferta (actividades, servicios y caracter\u00edsticas) Membres\u00edas p\u00fablicas, cursos de certificaci\u00f3n para el uso de equipos, talleres de inscripci\u00f3n abiertos, cursos para estudiantes, profesionales y p\u00fablico en general en las diferentes \u00e1reas del FABLAB UTP Azuero (Impresi\u00f3n 3D, corte de vinil, corte l\u00e1ser, corte CNC y electr\u00f3nica), talleres de fabricaci\u00f3n para ni\u00f1os y adolescentes (FABZOO, [&hellip;]<\/p>\n","protected":false},"author":1,"featured_media":0,"parent":0,"menu_order":0,"comment_status":"closed","ping_status":"closed","template":"","meta":{"saved_in_kubio":false,"footnotes":""},"class_list":["post-114","page","type-page","status-publish","hentry"],"kubio_ai_page_context":{"short_desc":"","purpose":"general"},"_links":{"self":[{"href":"https:\/\/fablabazuero.utp.ac.pa\/index.php?rest_route=\/wp\/v2\/pages\/114","targetHints":{"allow":["GET"]}}],"collection":[{"href":"https:\/\/fablabazuero.utp.ac.pa\/index.php?rest_route=\/wp\/v2\/pages"}],"about":[{"href":"https:\/\/fablabazuero.utp.ac.pa\/index.php?rest_route=\/wp\/v2\/types\/page"}],"author":[{"embeddable":true,"href":"https:\/\/fablabazuero.utp.ac.pa\/index.php?rest_route=\/wp\/v2\/users\/1"}],"replies":[{"embeddable":true,"href":"https:\/\/fablabazuero.utp.ac.pa\/index.php?rest_route=%2Fwp%2Fv2%2Fcomments&post=114"}],"version-history":[{"count":52,"href":"https:\/\/fablabazuero.utp.ac.pa\/index.php?rest_route=\/wp\/v2\/pages\/114\/revisions"}],"predecessor-version":[{"id":1585,"href":"https:\/\/fablabazuero.utp.ac.pa\/index.php?rest_route=\/wp\/v2\/pages\/114\/revisions\/1585"}],"wp:attachment":[{"href":"https:\/\/fablabazuero.utp.ac.pa\/index.php?rest_route=%2Fwp%2Fv2%2Fmedia&parent=114"}],"curies":[{"name":"wp","href":"https:\/\/api.w.org\/{rel}","templated":true}]}}