{"id":1236,"date":"2024-05-14T10:54:12","date_gmt":"2024-05-14T15:54:12","guid":{"rendered":"https:\/\/fablabazuero.utp.ac.pa\/?page_id=1236"},"modified":"2024-05-14T11:00:33","modified_gmt":"2024-05-14T16:00:33","slug":"noticia-12-2","status":"publish","type":"page","link":"https:\/\/fablabazuero.utp.ac.pa\/?page_id=1236","title":{"rendered":"Noticia 12"},"content":{"rendered":"\t\t<div data-elementor-type=\"wp-page\" data-elementor-id=\"1236\" class=\"elementor elementor-1236\">\n\t\t\t\t\t\t<section class=\"elementor-section elementor-top-section elementor-element elementor-element-6472be2 elementor-section-boxed elementor-section-height-default elementor-section-height-default\" data-id=\"6472be2\" data-element_type=\"section\">\n\t\t\t\t\t\t<div class=\"elementor-container elementor-column-gap-default\">\n\t\t\t\t\t<div class=\"elementor-column elementor-col-100 elementor-top-column elementor-element elementor-element-742a2a4\" data-id=\"742a2a4\" data-element_type=\"column\">\n\t\t\t<div class=\"elementor-widget-wrap elementor-element-populated\">\n\t\t\t\t\t\t<div class=\"elementor-element elementor-element-1cfe521 elementor-widget elementor-widget-heading\" data-id=\"1cfe521\" data-element_type=\"widget\" data-widget_type=\"heading.default\">\n\t\t\t\t<div class=\"elementor-widget-container\">\n\t\t\t\t\t<h2 class=\"elementor-heading-title elementor-size-default\">Visita de seguimiento de SENACYT a proyectos con financiamiento que se desarrollan dentro del Centro Regional de Azuero <\/h2>\t\t\t\t<\/div>\n\t\t\t\t<\/div>\n\t\t\t\t\t<\/div>\n\t\t<\/div>\n\t\t\t\t\t<\/div>\n\t\t<\/section>\n\t\t\t\t<section class=\"elementor-section elementor-top-section elementor-element elementor-element-50f5ed1 elementor-section-boxed elementor-section-height-default elementor-section-height-default\" data-id=\"50f5ed1\" data-element_type=\"section\">\n\t\t\t\t\t\t<div class=\"elementor-container elementor-column-gap-default\">\n\t\t\t\t\t<div class=\"elementor-column elementor-col-100 elementor-top-column elementor-element elementor-element-3a6d075\" data-id=\"3a6d075\" data-element_type=\"column\">\n\t\t\t<div class=\"elementor-widget-wrap elementor-element-populated\">\n\t\t\t\t\t\t<div class=\"elementor-element elementor-element-d5d38f7 elementor-widget elementor-widget-text-editor\" data-id=\"d5d38f7\" data-element_type=\"widget\" data-widget_type=\"text-editor.default\">\n\t\t\t\t<div class=\"elementor-widget-container\">\n\t\t\t\t\t\t\t\t\t<p>El mi\u00e9rcoles 5 de abril, se tuvo la visita de Paola Rivera, Coordinadora de Planes y Programas de la Direcci\u00f3n de Innovaci\u00f3n Empresarial, como parte del seguimiento al proyecto: \u201cAdquisici\u00f3n de equipos para el FabLab UTP Azuero (Universidad Tecnol\u00f3gica de Panam\u00e1)\u201d del\u202fCONTRATO DE SUBSIDIO ECON\u00d3MICO DINE168-2022. Este proyecto se encuentra en la primera fase, en la que se realizan las gestiones para la habilitaci\u00f3n del espacio, que incluye el refuerzo del suelo, y la compra de dos equipos, una fresadora CNC de 4 ejes para tallado de madera y pl\u00e1stico y una fresadora CNC 3 ejes para mecanizado met\u00e1lico. La adquisici\u00f3n de estos equipos permitir\u00e1 ofertar a comunidad en general y universitaria un servicio requerido como complemento y potenciaci\u00f3n de sus capacidades, as\u00ed como complementar y potenciar la capacidad productiva y de desarrollo tecnol\u00f3gico del FabLab UTP Azuero como puntal de desarrollo local y regional.\u00a0<\/p>\t\t\t\t\t\t\t\t<\/div>\n\t\t\t\t<\/div>\n\t\t\t\t\t<\/div>\n\t\t<\/div>\n\t\t\t\t\t<\/div>\n\t\t<\/section>\n\t\t\t\t<section class=\"elementor-section elementor-top-section elementor-element elementor-element-effb6a1 elementor-section-boxed elementor-section-height-default elementor-section-height-default\" data-id=\"effb6a1\" data-element_type=\"section\">\n\t\t\t\t\t\t<div class=\"elementor-container elementor-column-gap-default\">\n\t\t\t\t\t<div class=\"elementor-column elementor-col-50 elementor-top-column elementor-element elementor-element-ead362d\" data-id=\"ead362d\" data-element_type=\"column\">\n\t\t\t<div class=\"elementor-widget-wrap elementor-element-populated\">\n\t\t\t\t\t\t<div class=\"elementor-element elementor-element-ba0b1ab elementor-widget elementor-widget-image\" data-id=\"ba0b1ab\" data-element_type=\"widget\" data-widget_type=\"image.default\">\n\t\t\t\t<div class=\"elementor-widget-container\">\n\t\t\t\t\t\t\t\t\t\t\t\t\t\t\t<img fetchpriority=\"high\" decoding=\"async\" width=\"647\" height=\"486\" src=\"https:\/\/fablabazuero.utp.ac.pa\/wp-content\/uploads\/2024\/05\/SENACYT.jpg\" class=\"attachment-large size-large wp-image-1237\" alt=\"\" srcset=\"https:\/\/fablabazuero.utp.ac.pa\/wp-content\/uploads\/2024\/05\/SENACYT.jpg 647w, https:\/\/fablabazuero.utp.ac.pa\/wp-content\/uploads\/2024\/05\/SENACYT-300x225.jpg 300w\" sizes=\"(max-width: 647px) 100vw, 647px\" \/>\t\t\t\t\t\t\t\t\t\t\t\t\t\t\t<\/div>\n\t\t\t\t<\/div>\n\t\t\t\t\t<\/div>\n\t\t<\/div>\n\t\t\t\t<div class=\"elementor-column elementor-col-50 elementor-top-column elementor-element elementor-element-ea2295d\" data-id=\"ea2295d\" data-element_type=\"column\">\n\t\t\t<div class=\"elementor-widget-wrap elementor-element-populated\">\n\t\t\t\t\t\t<div class=\"elementor-element elementor-element-8feb04c elementor-widget elementor-widget-image\" data-id=\"8feb04c\" data-element_type=\"widget\" data-widget_type=\"image.default\">\n\t\t\t\t<div class=\"elementor-widget-container\">\n\t\t\t\t\t\t\t\t\t\t\t\t\t\t\t<img decoding=\"async\" width=\"640\" height=\"478\" src=\"https:\/\/fablabazuero.utp.ac.pa\/wp-content\/uploads\/2024\/05\/SENACYT2.jpg\" class=\"attachment-large size-large wp-image-1238\" alt=\"\" srcset=\"https:\/\/fablabazuero.utp.ac.pa\/wp-content\/uploads\/2024\/05\/SENACYT2.jpg 640w, https:\/\/fablabazuero.utp.ac.pa\/wp-content\/uploads\/2024\/05\/SENACYT2-300x224.jpg 300w\" sizes=\"(max-width: 640px) 100vw, 640px\" \/>\t\t\t\t\t\t\t\t\t\t\t\t\t\t\t<\/div>\n\t\t\t\t<\/div>\n\t\t\t\t\t<\/div>\n\t\t<\/div>\n\t\t\t\t\t<\/div>\n\t\t<\/section>\n\t\t\t\t<section class=\"elementor-section elementor-top-section elementor-element elementor-element-3533fd8 elementor-section-boxed elementor-section-height-default elementor-section-height-default\" data-id=\"3533fd8\" data-element_type=\"section\">\n\t\t\t\t\t\t<div class=\"elementor-container elementor-column-gap-default\">\n\t\t\t\t\t<div class=\"elementor-column elementor-col-100 elementor-top-column elementor-element elementor-element-3259ba6\" data-id=\"3259ba6\" data-element_type=\"column\">\n\t\t\t<div class=\"elementor-widget-wrap elementor-element-populated\">\n\t\t\t\t\t\t<div class=\"elementor-element elementor-element-6bfc64a elementor-widget elementor-widget-text-editor\" data-id=\"6bfc64a\" data-element_type=\"widget\" data-widget_type=\"text-editor.default\">\n\t\t\t\t<div class=\"elementor-widget-container\">\n\t\t\t\t\t\t\t\t\t<p>As\u00ed mismo, se presentaron los avances del proyecto: INNOVATEC22-025: \u201cTecho ajustable para invernaderos en el terreno con pendiente-(Hillside Greenhouse)\u201d, proyecto financiado por SENACYT y cuyo investigador principal es el Dr. Anibal Fossatti. En este proyecto la Dra. Nacar\u00ed Mar\u00edn y el FABLAB UTP Azuero participan en este proyecto, encargados de la creaci\u00f3n de un modelo \u2013 maqueta del dispositivo, desde el punto de vista mec\u00e1nico. En la reuni\u00f3n se presentaron los avances del modelo.\u00a0<\/p>\t\t\t\t\t\t\t\t<\/div>\n\t\t\t\t<\/div>\n\t\t\t\t\t<\/div>\n\t\t<\/div>\n\t\t\t\t\t<\/div>\n\t\t<\/section>\n\t\t\t\t<section class=\"elementor-section elementor-top-section elementor-element elementor-element-dd032d0 elementor-section-boxed elementor-section-height-default elementor-section-height-default\" data-id=\"dd032d0\" data-element_type=\"section\">\n\t\t\t\t\t\t<div class=\"elementor-container elementor-column-gap-default\">\n\t\t\t\t\t<div class=\"elementor-column elementor-col-50 elementor-top-column elementor-element elementor-element-6c9169b\" data-id=\"6c9169b\" data-element_type=\"column\">\n\t\t\t<div class=\"elementor-widget-wrap elementor-element-populated\">\n\t\t\t\t\t\t<div class=\"elementor-element elementor-element-69585b3 elementor-widget elementor-widget-image\" data-id=\"69585b3\" data-element_type=\"widget\" data-widget_type=\"image.default\">\n\t\t\t\t<div class=\"elementor-widget-container\">\n\t\t\t\t\t\t\t\t\t\t\t\t\t\t\t<img decoding=\"async\" width=\"657\" height=\"494\" src=\"https:\/\/fablabazuero.utp.ac.pa\/wp-content\/uploads\/2024\/05\/SENACYT3.jpg\" class=\"attachment-large size-large wp-image-1239\" alt=\"\" srcset=\"https:\/\/fablabazuero.utp.ac.pa\/wp-content\/uploads\/2024\/05\/SENACYT3.jpg 657w, https:\/\/fablabazuero.utp.ac.pa\/wp-content\/uploads\/2024\/05\/SENACYT3-300x226.jpg 300w\" sizes=\"(max-width: 657px) 100vw, 657px\" \/>\t\t\t\t\t\t\t\t\t\t\t\t\t\t\t<\/div>\n\t\t\t\t<\/div>\n\t\t\t\t\t<\/div>\n\t\t<\/div>\n\t\t\t\t<div class=\"elementor-column elementor-col-50 elementor-top-column elementor-element elementor-element-c7b60ee\" data-id=\"c7b60ee\" data-element_type=\"column\">\n\t\t\t<div class=\"elementor-widget-wrap elementor-element-populated\">\n\t\t\t\t\t\t<div class=\"elementor-element elementor-element-0d8f7ab elementor-widget elementor-widget-image\" data-id=\"0d8f7ab\" data-element_type=\"widget\" data-widget_type=\"image.default\">\n\t\t\t\t<div class=\"elementor-widget-container\">\n\t\t\t\t\t\t\t\t\t\t\t\t\t\t\t<img loading=\"lazy\" decoding=\"async\" width=\"663\" height=\"496\" src=\"https:\/\/fablabazuero.utp.ac.pa\/wp-content\/uploads\/2024\/05\/SENACYT4.jpg\" class=\"attachment-large size-large wp-image-1240\" alt=\"\" srcset=\"https:\/\/fablabazuero.utp.ac.pa\/wp-content\/uploads\/2024\/05\/SENACYT4.jpg 663w, https:\/\/fablabazuero.utp.ac.pa\/wp-content\/uploads\/2024\/05\/SENACYT4-300x224.jpg 300w\" sizes=\"(max-width: 663px) 100vw, 663px\" \/>\t\t\t\t\t\t\t\t\t\t\t\t\t\t\t<\/div>\n\t\t\t\t<\/div>\n\t\t\t\t\t<\/div>\n\t\t<\/div>\n\t\t\t\t\t<\/div>\n\t\t<\/section>\n\t\t\t\t<section class=\"elementor-section elementor-top-section elementor-element elementor-element-5f719a8 elementor-section-boxed elementor-section-height-default elementor-section-height-default\" data-id=\"5f719a8\" data-element_type=\"section\">\n\t\t\t\t\t\t<div class=\"elementor-container elementor-column-gap-default\">\n\t\t\t\t\t<div class=\"elementor-column elementor-col-100 elementor-top-column elementor-element elementor-element-288978f\" data-id=\"288978f\" data-element_type=\"column\">\n\t\t\t<div class=\"elementor-widget-wrap elementor-element-populated\">\n\t\t\t\t\t\t<div class=\"elementor-element elementor-element-60b8b39 elementor-widget elementor-widget-image\" data-id=\"60b8b39\" data-element_type=\"widget\" data-widget_type=\"image.default\">\n\t\t\t\t<div class=\"elementor-widget-container\">\n\t\t\t\t\t\t\t\t\t\t\t\t\t\t\t<img loading=\"lazy\" decoding=\"async\" width=\"309\" height=\"412\" src=\"https:\/\/fablabazuero.utp.ac.pa\/wp-content\/uploads\/2024\/05\/SENACYT5.jpg\" class=\"attachment-medium_large size-medium_large wp-image-1241\" alt=\"\" srcset=\"https:\/\/fablabazuero.utp.ac.pa\/wp-content\/uploads\/2024\/05\/SENACYT5.jpg 309w, https:\/\/fablabazuero.utp.ac.pa\/wp-content\/uploads\/2024\/05\/SENACYT5-225x300.jpg 225w\" sizes=\"(max-width: 309px) 100vw, 309px\" \/>\t\t\t\t\t\t\t\t\t\t\t\t\t\t\t<\/div>\n\t\t\t\t<\/div>\n\t\t\t\t\t<\/div>\n\t\t<\/div>\n\t\t\t\t\t<\/div>\n\t\t<\/section>\n\t\t\t\t<\/div>\n\t\t","protected":false},"excerpt":{"rendered":"<p>Visita de seguimiento de SENACYT a proyectos con financiamiento que se desarrollan dentro del Centro Regional de Azuero El mi\u00e9rcoles 5 de abril, se tuvo la visita de Paola Rivera, Coordinadora de Planes y Programas de la Direcci\u00f3n de Innovaci\u00f3n Empresarial, como parte del seguimiento al proyecto: \u201cAdquisici\u00f3n de equipos para el FabLab UTP Azuero [&hellip;]<\/p>\n","protected":false},"author":2,"featured_media":0,"parent":0,"menu_order":0,"comment_status":"closed","ping_status":"closed","template":"","meta":{"saved_in_kubio":false,"footnotes":""},"class_list":["post-1236","page","type-page","status-publish","hentry"],"kubio_ai_page_context":{"short_desc":"","purpose":"general"},"_links":{"self":[{"href":"https:\/\/fablabazuero.utp.ac.pa\/index.php?rest_route=\/wp\/v2\/pages\/1236","targetHints":{"allow":["GET"]}}],"collection":[{"href":"https:\/\/fablabazuero.utp.ac.pa\/index.php?rest_route=\/wp\/v2\/pages"}],"about":[{"href":"https:\/\/fablabazuero.utp.ac.pa\/index.php?rest_route=\/wp\/v2\/types\/page"}],"author":[{"embeddable":true,"href":"https:\/\/fablabazuero.utp.ac.pa\/index.php?rest_route=\/wp\/v2\/users\/2"}],"replies":[{"embeddable":true,"href":"https:\/\/fablabazuero.utp.ac.pa\/index.php?rest_route=%2Fwp%2Fv2%2Fcomments&post=1236"}],"version-history":[{"count":3,"href":"https:\/\/fablabazuero.utp.ac.pa\/index.php?rest_route=\/wp\/v2\/pages\/1236\/revisions"}],"predecessor-version":[{"id":1244,"href":"https:\/\/fablabazuero.utp.ac.pa\/index.php?rest_route=\/wp\/v2\/pages\/1236\/revisions\/1244"}],"wp:attachment":[{"href":"https:\/\/fablabazuero.utp.ac.pa\/index.php?rest_route=%2Fwp%2Fv2%2Fmedia&parent=1236"}],"curies":[{"name":"wp","href":"https:\/\/api.w.org\/{rel}","templated":true}]}}