{"id":1357,"date":"2024-10-22T14:59:51","date_gmt":"2024-10-22T19:59:51","guid":{"rendered":"https:\/\/fablabazuero.utp.ac.pa\/?page_id=1357"},"modified":"2024-10-22T15:00:00","modified_gmt":"2024-10-22T20:00:00","slug":"elementor-1357","status":"publish","type":"page","link":"https:\/\/fablabazuero.utp.ac.pa\/?page_id=1357","title":{"rendered":"Elementor #1357"},"content":{"rendered":"\t\t<div data-elementor-type=\"wp-page\" data-elementor-id=\"1357\" class=\"elementor elementor-1357\">\n\t\t\t\t\t\t<section class=\"elementor-section elementor-top-section elementor-element elementor-element-3d2c6f4 elementor-section-boxed elementor-section-height-default elementor-section-height-default\" data-id=\"3d2c6f4\" data-element_type=\"section\">\n\t\t\t\t\t\t<div class=\"elementor-container elementor-column-gap-default\">\n\t\t\t\t\t<div class=\"elementor-column elementor-col-100 elementor-top-column elementor-element elementor-element-f87dc0d\" data-id=\"f87dc0d\" data-element_type=\"column\">\n\t\t\t<div class=\"elementor-widget-wrap elementor-element-populated\">\n\t\t\t\t\t\t<div class=\"elementor-element elementor-element-9ca42cb elementor-widget elementor-widget-heading\" data-id=\"9ca42cb\" data-element_type=\"widget\" data-widget_type=\"heading.default\">\n\t\t\t\t<div class=\"elementor-widget-container\">\n\t\t\t\t\t<h2 class=\"elementor-heading-title elementor-size-default\">UTP firma convenio con INFOPLAZAS AIP<\/h2>\t\t\t\t<\/div>\n\t\t\t\t<\/div>\n\t\t\t\t\t<\/div>\n\t\t<\/div>\n\t\t\t\t\t<\/div>\n\t\t<\/section>\n\t\t\t\t<section class=\"elementor-section elementor-top-section elementor-element elementor-element-75512ca elementor-section-boxed elementor-section-height-default elementor-section-height-default\" data-id=\"75512ca\" data-element_type=\"section\">\n\t\t\t\t\t\t<div class=\"elementor-container elementor-column-gap-default\">\n\t\t\t\t\t<div class=\"elementor-column elementor-col-33 elementor-top-column elementor-element elementor-element-e0c2bcb\" data-id=\"e0c2bcb\" data-element_type=\"column\">\n\t\t\t<div class=\"elementor-widget-wrap elementor-element-populated\">\n\t\t\t\t\t\t<div class=\"elementor-element elementor-element-dd19a27 elementor-widget elementor-widget-image\" data-id=\"dd19a27\" data-element_type=\"widget\" data-widget_type=\"image.default\">\n\t\t\t\t<div class=\"elementor-widget-container\">\n\t\t\t\t\t\t\t\t\t\t\t\t\t\t\t<img fetchpriority=\"high\" decoding=\"async\" width=\"1024\" height=\"508\" src=\"https:\/\/fablabazuero.utp.ac.pa\/wp-content\/uploads\/2024\/10\/7-1.jpg\" class=\"attachment-large size-large wp-image-1361\" alt=\"\" srcset=\"https:\/\/fablabazuero.utp.ac.pa\/wp-content\/uploads\/2024\/10\/7-1.jpg 1024w, https:\/\/fablabazuero.utp.ac.pa\/wp-content\/uploads\/2024\/10\/7-1-300x149.jpg 300w, https:\/\/fablabazuero.utp.ac.pa\/wp-content\/uploads\/2024\/10\/7-1-768x381.jpg 768w\" sizes=\"(max-width: 1024px) 100vw, 1024px\" \/>\t\t\t\t\t\t\t\t\t\t\t\t\t\t\t<\/div>\n\t\t\t\t<\/div>\n\t\t\t\t\t<\/div>\n\t\t<\/div>\n\t\t\t\t<div class=\"elementor-column elementor-col-33 elementor-top-column elementor-element elementor-element-f8d17ed\" data-id=\"f8d17ed\" data-element_type=\"column\">\n\t\t\t<div class=\"elementor-widget-wrap elementor-element-populated\">\n\t\t\t\t\t\t<div class=\"elementor-element elementor-element-df69874 elementor-widget elementor-widget-image\" data-id=\"df69874\" data-element_type=\"widget\" data-widget_type=\"image.default\">\n\t\t\t\t<div class=\"elementor-widget-container\">\n\t\t\t\t\t\t\t\t\t\t\t\t\t\t\t<img decoding=\"async\" width=\"1024\" height=\"474\" src=\"https:\/\/fablabazuero.utp.ac.pa\/wp-content\/uploads\/2024\/10\/7-2.jpg\" class=\"attachment-large size-large wp-image-1360\" alt=\"\" srcset=\"https:\/\/fablabazuero.utp.ac.pa\/wp-content\/uploads\/2024\/10\/7-2.jpg 1024w, https:\/\/fablabazuero.utp.ac.pa\/wp-content\/uploads\/2024\/10\/7-2-300x139.jpg 300w, https:\/\/fablabazuero.utp.ac.pa\/wp-content\/uploads\/2024\/10\/7-2-768x356.jpg 768w\" sizes=\"(max-width: 1024px) 100vw, 1024px\" \/>\t\t\t\t\t\t\t\t\t\t\t\t\t\t\t<\/div>\n\t\t\t\t<\/div>\n\t\t\t\t\t<\/div>\n\t\t<\/div>\n\t\t\t\t<div class=\"elementor-column elementor-col-33 elementor-top-column elementor-element elementor-element-c83b6da\" data-id=\"c83b6da\" data-element_type=\"column\">\n\t\t\t<div class=\"elementor-widget-wrap elementor-element-populated\">\n\t\t\t\t\t\t<div class=\"elementor-element elementor-element-3babc83 elementor-widget elementor-widget-image\" data-id=\"3babc83\" data-element_type=\"widget\" data-widget_type=\"image.default\">\n\t\t\t\t<div class=\"elementor-widget-container\">\n\t\t\t\t\t\t\t\t\t\t\t\t\t\t\t<img decoding=\"async\" width=\"1024\" height=\"516\" src=\"https:\/\/fablabazuero.utp.ac.pa\/wp-content\/uploads\/2024\/10\/7-3.jpg\" class=\"attachment-large size-large wp-image-1359\" alt=\"\" srcset=\"https:\/\/fablabazuero.utp.ac.pa\/wp-content\/uploads\/2024\/10\/7-3.jpg 1024w, https:\/\/fablabazuero.utp.ac.pa\/wp-content\/uploads\/2024\/10\/7-3-300x151.jpg 300w, https:\/\/fablabazuero.utp.ac.pa\/wp-content\/uploads\/2024\/10\/7-3-768x387.jpg 768w\" sizes=\"(max-width: 1024px) 100vw, 1024px\" \/>\t\t\t\t\t\t\t\t\t\t\t\t\t\t\t<\/div>\n\t\t\t\t<\/div>\n\t\t\t\t\t<\/div>\n\t\t<\/div>\n\t\t\t\t\t<\/div>\n\t\t<\/section>\n\t\t\t\t<section class=\"elementor-section elementor-top-section elementor-element elementor-element-6f9d1a2 elementor-section-boxed elementor-section-height-default elementor-section-height-default\" data-id=\"6f9d1a2\" data-element_type=\"section\">\n\t\t\t\t\t\t<div class=\"elementor-container elementor-column-gap-default\">\n\t\t\t\t\t<div class=\"elementor-column elementor-col-100 elementor-top-column elementor-element elementor-element-820028a\" data-id=\"820028a\" data-element_type=\"column\">\n\t\t\t<div class=\"elementor-widget-wrap elementor-element-populated\">\n\t\t\t\t\t\t<div class=\"elementor-element elementor-element-a80fca8 elementor-widget elementor-widget-text-editor\" data-id=\"a80fca8\" data-element_type=\"widget\" data-widget_type=\"text-editor.default\">\n\t\t\t\t<div class=\"elementor-widget-container\">\n\t\t\t\t\t\t\t\t\t<p>El Ing. H\u00e9ctor Montemayor \u00c1., Rector de la Universidad Tecnol\u00f3gica de Panam\u00e1 (UTP)\u00a0y el Ing. Luis Cisneros, Director\u00a0de la Asociaci\u00f3n de Inter\u00e9s P\u00fablico INFOPLAZAS AIP, firmaron el 31 de agosto de 2020, el convenio de Colaboraci\u00f3n\u00a0que contempla instalar un Centro Fab-Lab en los Centros Regionales de Azuero y Chiriqu\u00ed, para el desarrollo del Programa Nacional de Fabricaci\u00f3n Digital y Cultural Maker; y el establecimiento de una INFOPLAZA en el Centro Regional de Chiriqu\u00ed, cuyo objetivo es promover, entre los moradores de la comunidad y todos los grupos de inter\u00e9s, el conocimiento y las herramientas tecnol\u00f3gicas que le permitan el acceso a la informaci\u00f3n.<\/p><p>El Rector de la UTP, durante su intervenci\u00f3n, expres\u00f3\u00a0que esta firma representa un apoyo significativo en cuanto a\u00a0transferencia del conocimiento y\u00a0desarrollo de los\u00a0Centros Regionales.<\/p><p>El Programa Nacional de Fabricaci\u00f3n Digital y Cultura Maker tiene como objetivo principal establecer espacios de fabricaci\u00f3n asociados a la Red Global de FabLab del Massachusetts Institute of Technology (MIT), el Programa Fab Lab (acr\u00f3nimo del ingl\u00e9s Fabrication Laboratory) es un espacio de producci\u00f3n de objetos f\u00edsicos a escala personal o local que agrupa m\u00e1quinas controladas por ordenadores, capaces de fabricar casi cualquier cosa que imaginemos.\u00a0Los FabLabs se mueven alrededor de dos movimientos socios tecnol\u00f3gicos: la autoproducci\u00f3n y el libre flujo de informaci\u00f3n y conocimiento.\u00a0La misi\u00f3n de los FabLabs es ser una red global de laboratorios locales que favorezcan la creatividad, proporcionando a los individuos el acceso a herramientas de fabricaci\u00f3n digital.<\/p><p>El Ingeniero Cisneros, Director\u00a0de la Asociaci\u00f3n de Inter\u00e9s P\u00fablico INFOPLAZAS AIP, se\u00f1al\u00f3 que a trav\u00e9s de este convenio se proveer\u00e1 el acceso a la acad\u00e9mica, la investigaci\u00f3n y la empresa, de tecnolog\u00eda de fabricaci\u00f3n para desarrollar prototipos en im\u00e1genes 3D y dem\u00e1s, lo que ir\u00e1\u00a0acompa\u00f1ado de recursos educativos de desarrollo profesional para todas las \u00e1reas.<\/p><p>La instalaci\u00f3n de una Infoplaza en el Centro Regional de Chiriqu\u00ed permitir\u00e1 y facilitar\u00e1 el acceso de la mayor cantidad posible de personas al conocimiento, la utilizaci\u00f3n y el aprovechamiento de la tecnolog\u00eda de Internet y otros servicios conexos de informaci\u00f3n, con el fin de que la misma se constituya en una herramienta pr\u00e1ctica para la maximizaci\u00f3n del potencial productivo de la regi\u00f3n y de superaci\u00f3n acad\u00e9mica y profesional de la poblaci\u00f3n en general.<\/p><p>El Programa de Studio Fab tambi\u00e9n proveer\u00e1 acceso a los estudiantes, docentes e investigadores, a las tecnolog\u00edas de fabricaci\u00f3n asistida por computadora (impresi\u00f3n tridimensional, formado en vac\u00edo, corte con l\u00e1ser, rob\u00f3tica, mecanizado Control Num\u00e9rico Computarizado (CNC), y fabricaci\u00f3n de tarjetas impresas) y aumentar\u00e1\u00a0la empleabilidad con experiencias pr\u00e1cticas para estudiantes en carreras tecnol\u00f3gicas e impulsar\u00e1 el emprendimiento y el desarrollo de\u00a0prototipos, as\u00ed como permitir el acceso a recursos educativos y de desarrollo profesional en \u00e1reas relacionadas.<\/p>\t\t\t\t\t\t\t\t<\/div>\n\t\t\t\t<\/div>\n\t\t\t\t\t<\/div>\n\t\t<\/div>\n\t\t\t\t\t<\/div>\n\t\t<\/section>\n\t\t\t\t<\/div>\n\t\t","protected":false},"excerpt":{"rendered":"<p>UTP firma convenio con INFOPLAZAS AIP El Ing. H\u00e9ctor Montemayor \u00c1., Rector de la Universidad Tecnol\u00f3gica de Panam\u00e1 (UTP)\u00a0y el Ing. Luis Cisneros, Director\u00a0de la Asociaci\u00f3n de Inter\u00e9s P\u00fablico INFOPLAZAS AIP, firmaron el 31 de agosto de 2020, el convenio de Colaboraci\u00f3n\u00a0que contempla instalar un Centro Fab-Lab en los Centros Regionales de Azuero y Chiriqu\u00ed, [&hellip;]<\/p>\n","protected":false},"author":1,"featured_media":0,"parent":0,"menu_order":0,"comment_status":"closed","ping_status":"closed","template":"","meta":{"saved_in_kubio":false,"footnotes":""},"class_list":["post-1357","page","type-page","status-publish","hentry"],"kubio_ai_page_context":{"short_desc":"","purpose":"general"},"_links":{"self":[{"href":"https:\/\/fablabazuero.utp.ac.pa\/index.php?rest_route=\/wp\/v2\/pages\/1357","targetHints":{"allow":["GET"]}}],"collection":[{"href":"https:\/\/fablabazuero.utp.ac.pa\/index.php?rest_route=\/wp\/v2\/pages"}],"about":[{"href":"https:\/\/fablabazuero.utp.ac.pa\/index.php?rest_route=\/wp\/v2\/types\/page"}],"author":[{"embeddable":true,"href":"https:\/\/fablabazuero.utp.ac.pa\/index.php?rest_route=\/wp\/v2\/users\/1"}],"replies":[{"embeddable":true,"href":"https:\/\/fablabazuero.utp.ac.pa\/index.php?rest_route=%2Fwp%2Fv2%2Fcomments&post=1357"}],"version-history":[{"count":4,"href":"https:\/\/fablabazuero.utp.ac.pa\/index.php?rest_route=\/wp\/v2\/pages\/1357\/revisions"}],"predecessor-version":[{"id":1364,"href":"https:\/\/fablabazuero.utp.ac.pa\/index.php?rest_route=\/wp\/v2\/pages\/1357\/revisions\/1364"}],"wp:attachment":[{"href":"https:\/\/fablabazuero.utp.ac.pa\/index.php?rest_route=%2Fwp%2Fv2%2Fmedia&parent=1357"}],"curies":[{"name":"wp","href":"https:\/\/api.w.org\/{rel}","templated":true}]}}