{"id":1375,"date":"2024-10-22T15:06:31","date_gmt":"2024-10-22T20:06:31","guid":{"rendered":"https:\/\/fablabazuero.utp.ac.pa\/?page_id=1375"},"modified":"2024-10-22T15:09:24","modified_gmt":"2024-10-22T20:09:24","slug":"elementor-1375","status":"publish","type":"page","link":"https:\/\/fablabazuero.utp.ac.pa\/?page_id=1375","title":{"rendered":"Elementor #1375"},"content":{"rendered":"\t\t<div data-elementor-type=\"wp-page\" data-elementor-id=\"1375\" class=\"elementor elementor-1375\">\n\t\t\t\t\t\t<section class=\"elementor-section elementor-top-section elementor-element elementor-element-018d5f6 elementor-section-boxed elementor-section-height-default elementor-section-height-default\" data-id=\"018d5f6\" data-element_type=\"section\">\n\t\t\t\t\t\t<div class=\"elementor-container elementor-column-gap-default\">\n\t\t\t\t\t<div class=\"elementor-column elementor-col-100 elementor-top-column elementor-element elementor-element-00b319f\" data-id=\"00b319f\" data-element_type=\"column\">\n\t\t\t<div class=\"elementor-widget-wrap elementor-element-populated\">\n\t\t\t\t\t\t<div class=\"elementor-element elementor-element-51d8b2a elementor-widget elementor-widget-heading\" data-id=\"51d8b2a\" data-element_type=\"widget\" data-widget_type=\"heading.default\">\n\t\t\t\t<div class=\"elementor-widget-container\">\n\t\t\t\t\t<h2 class=\"elementor-heading-title elementor-size-default\">UTP Azuero participa en Encuentro de la Red de Fablabs de Am\u00e9rica Latina y el Caribe<\/h2>\t\t\t\t<\/div>\n\t\t\t\t<\/div>\n\t\t\t\t\t<\/div>\n\t\t<\/div>\n\t\t\t\t\t<\/div>\n\t\t<\/section>\n\t\t\t\t<section class=\"elementor-section elementor-top-section elementor-element elementor-element-8dae525 elementor-section-boxed elementor-section-height-default elementor-section-height-default\" data-id=\"8dae525\" data-element_type=\"section\">\n\t\t\t\t\t\t<div class=\"elementor-container elementor-column-gap-default\">\n\t\t\t\t\t<div class=\"elementor-column elementor-col-100 elementor-top-column elementor-element elementor-element-d5eb033\" data-id=\"d5eb033\" data-element_type=\"column\">\n\t\t\t<div class=\"elementor-widget-wrap elementor-element-populated\">\n\t\t\t\t\t\t<div class=\"elementor-element elementor-element-b885ca1 elementor-widget elementor-widget-image\" data-id=\"b885ca1\" data-element_type=\"widget\" data-widget_type=\"image.default\">\n\t\t\t\t<div class=\"elementor-widget-container\">\n\t\t\t\t\t\t\t\t\t\t\t\t\t\t\t<img fetchpriority=\"high\" decoding=\"async\" width=\"768\" height=\"576\" src=\"https:\/\/fablabazuero.utp.ac.pa\/wp-content\/uploads\/2024\/10\/fablab_fest1-768x576.jpeg\" class=\"attachment-medium_large size-medium_large wp-image-1380\" alt=\"\" srcset=\"https:\/\/fablabazuero.utp.ac.pa\/wp-content\/uploads\/2024\/10\/fablab_fest1-768x576.jpeg 768w, https:\/\/fablabazuero.utp.ac.pa\/wp-content\/uploads\/2024\/10\/fablab_fest1-300x225.jpeg 300w, https:\/\/fablabazuero.utp.ac.pa\/wp-content\/uploads\/2024\/10\/fablab_fest1-1024x768.jpeg 1024w, https:\/\/fablabazuero.utp.ac.pa\/wp-content\/uploads\/2024\/10\/fablab_fest1-1536x1152.jpeg 1536w, https:\/\/fablabazuero.utp.ac.pa\/wp-content\/uploads\/2024\/10\/fablab_fest1.jpeg 1600w\" sizes=\"(max-width: 768px) 100vw, 768px\" \/>\t\t\t\t\t\t\t\t\t\t\t\t\t\t\t<\/div>\n\t\t\t\t<\/div>\n\t\t\t\t\t<\/div>\n\t\t<\/div>\n\t\t\t\t\t<\/div>\n\t\t<\/section>\n\t\t\t\t<section class=\"elementor-section elementor-top-section elementor-element elementor-element-f36571a elementor-section-boxed elementor-section-height-default elementor-section-height-default\" data-id=\"f36571a\" data-element_type=\"section\">\n\t\t\t\t\t\t<div class=\"elementor-container elementor-column-gap-default\">\n\t\t\t\t\t<div class=\"elementor-column elementor-col-100 elementor-top-column elementor-element elementor-element-74990de\" data-id=\"74990de\" data-element_type=\"column\">\n\t\t\t<div class=\"elementor-widget-wrap elementor-element-populated\">\n\t\t\t\t\t\t<div class=\"elementor-element elementor-element-a5bb1a4 elementor-widget elementor-widget-text-editor\" data-id=\"a5bb1a4\" data-element_type=\"widget\" data-widget_type=\"text-editor.default\">\n\t\t\t\t<div class=\"elementor-widget-container\">\n\t\t\t\t\t\t\t\t\t<p>Los doctores Domingo Vega y Nacar\u00ed Mar\u00edn, docentes e investigadores del Centro Regional de la Universidad Tecnol\u00f3gica de Panam\u00e1 (UTP), en Azuero y responsables del Fab Lab en este Centro, participaron enel Encuentro de la Red de Fablabs de Am\u00e9rica Latina y el Caribe que se realiz\u00f3 en Panam\u00e1 del 17 al 19 de noviembre de 2021.<\/p><p>En este encuentro los responsables\u00a0 del Fab Lab de la Universidad de Panam\u00e1, en Veraguas; del\u00a0Fab Lab de la Universidad de Panam\u00e1 en la Facultad de Arquitectura; del Fab Lab del Centro Regional de la UTP en Chiriqu\u00ed; y el del\u00a0Fab Lab de la UTP, en Azuero, todos miembros de la Red de Fablabs de INFOPLAZAS AIP, conversaron sobre estrategias de colaboraci\u00f3n que pueden impulsar en beneficio del pa\u00eds.<\/p>\t\t\t\t\t\t\t\t<\/div>\n\t\t\t\t<\/div>\n\t\t\t\t\t<\/div>\n\t\t<\/div>\n\t\t\t\t\t<\/div>\n\t\t<\/section>\n\t\t\t\t<section class=\"elementor-section elementor-top-section elementor-element elementor-element-ad86fef elementor-section-boxed elementor-section-height-default elementor-section-height-default\" data-id=\"ad86fef\" data-element_type=\"section\">\n\t\t\t\t\t\t<div class=\"elementor-container elementor-column-gap-default\">\n\t\t\t\t\t<div class=\"elementor-column elementor-col-50 elementor-top-column elementor-element elementor-element-adc7794\" data-id=\"adc7794\" data-element_type=\"column\">\n\t\t\t<div class=\"elementor-widget-wrap elementor-element-populated\">\n\t\t\t\t\t\t<div class=\"elementor-element elementor-element-290d062 elementor-widget elementor-widget-image\" data-id=\"290d062\" data-element_type=\"widget\" data-widget_type=\"image.default\">\n\t\t\t\t<div class=\"elementor-widget-container\">\n\t\t\t\t\t\t\t\t\t\t\t\t\t\t\t<img decoding=\"async\" width=\"1024\" height=\"768\" src=\"https:\/\/fablabazuero.utp.ac.pa\/wp-content\/uploads\/2024\/10\/fablab_fest2.jpeg\" class=\"attachment-large size-large wp-image-1379\" alt=\"\" srcset=\"https:\/\/fablabazuero.utp.ac.pa\/wp-content\/uploads\/2024\/10\/fablab_fest2.jpeg 1024w, https:\/\/fablabazuero.utp.ac.pa\/wp-content\/uploads\/2024\/10\/fablab_fest2-300x225.jpeg 300w, https:\/\/fablabazuero.utp.ac.pa\/wp-content\/uploads\/2024\/10\/fablab_fest2-768x576.jpeg 768w\" sizes=\"(max-width: 1024px) 100vw, 1024px\" \/>\t\t\t\t\t\t\t\t\t\t\t\t\t\t\t<\/div>\n\t\t\t\t<\/div>\n\t\t\t\t\t<\/div>\n\t\t<\/div>\n\t\t\t\t<div class=\"elementor-column elementor-col-50 elementor-top-column elementor-element elementor-element-7a675ef\" data-id=\"7a675ef\" data-element_type=\"column\">\n\t\t\t<div class=\"elementor-widget-wrap elementor-element-populated\">\n\t\t\t\t\t\t<div class=\"elementor-element elementor-element-437635d elementor-widget elementor-widget-image\" data-id=\"437635d\" data-element_type=\"widget\" data-widget_type=\"image.default\">\n\t\t\t\t<div class=\"elementor-widget-container\">\n\t\t\t\t\t\t\t\t\t\t\t\t\t\t\t<img decoding=\"async\" width=\"1024\" height=\"771\" src=\"https:\/\/fablabazuero.utp.ac.pa\/wp-content\/uploads\/2024\/10\/fablab_fest3.jpeg\" class=\"attachment-large size-large wp-image-1378\" alt=\"\" srcset=\"https:\/\/fablabazuero.utp.ac.pa\/wp-content\/uploads\/2024\/10\/fablab_fest3.jpeg 1024w, https:\/\/fablabazuero.utp.ac.pa\/wp-content\/uploads\/2024\/10\/fablab_fest3-300x226.jpeg 300w, https:\/\/fablabazuero.utp.ac.pa\/wp-content\/uploads\/2024\/10\/fablab_fest3-768x578.jpeg 768w\" sizes=\"(max-width: 1024px) 100vw, 1024px\" \/>\t\t\t\t\t\t\t\t\t\t\t\t\t\t\t<\/div>\n\t\t\t\t<\/div>\n\t\t\t\t\t<\/div>\n\t\t<\/div>\n\t\t\t\t\t<\/div>\n\t\t<\/section>\n\t\t\t\t<\/div>\n\t\t","protected":false},"excerpt":{"rendered":"<p>UTP Azuero participa en Encuentro de la Red de Fablabs de Am\u00e9rica Latina y el Caribe Los doctores Domingo Vega y Nacar\u00ed Mar\u00edn, docentes e investigadores del Centro Regional de la Universidad Tecnol\u00f3gica de Panam\u00e1 (UTP), en Azuero y responsables del Fab Lab en este Centro, participaron enel Encuentro de la Red de Fablabs de [&hellip;]<\/p>\n","protected":false},"author":1,"featured_media":0,"parent":0,"menu_order":0,"comment_status":"closed","ping_status":"closed","template":"","meta":{"saved_in_kubio":false,"footnotes":""},"class_list":["post-1375","page","type-page","status-publish","hentry"],"kubio_ai_page_context":{"short_desc":"","purpose":"general"},"_links":{"self":[{"href":"https:\/\/fablabazuero.utp.ac.pa\/index.php?rest_route=\/wp\/v2\/pages\/1375","targetHints":{"allow":["GET"]}}],"collection":[{"href":"https:\/\/fablabazuero.utp.ac.pa\/index.php?rest_route=\/wp\/v2\/pages"}],"about":[{"href":"https:\/\/fablabazuero.utp.ac.pa\/index.php?rest_route=\/wp\/v2\/types\/page"}],"author":[{"embeddable":true,"href":"https:\/\/fablabazuero.utp.ac.pa\/index.php?rest_route=\/wp\/v2\/users\/1"}],"replies":[{"embeddable":true,"href":"https:\/\/fablabazuero.utp.ac.pa\/index.php?rest_route=%2Fwp%2Fv2%2Fcomments&post=1375"}],"version-history":[{"count":4,"href":"https:\/\/fablabazuero.utp.ac.pa\/index.php?rest_route=\/wp\/v2\/pages\/1375\/revisions"}],"predecessor-version":[{"id":1383,"href":"https:\/\/fablabazuero.utp.ac.pa\/index.php?rest_route=\/wp\/v2\/pages\/1375\/revisions\/1383"}],"wp:attachment":[{"href":"https:\/\/fablabazuero.utp.ac.pa\/index.php?rest_route=%2Fwp%2Fv2%2Fmedia&parent=1375"}],"curies":[{"name":"wp","href":"https:\/\/api.w.org\/{rel}","templated":true}]}}