{"id":1387,"date":"2024-10-22T15:11:38","date_gmt":"2024-10-22T20:11:38","guid":{"rendered":"https:\/\/fablabazuero.utp.ac.pa\/?page_id=1387"},"modified":"2024-10-22T15:12:54","modified_gmt":"2024-10-22T20:12:54","slug":"elementor-1387","status":"publish","type":"page","link":"https:\/\/fablabazuero.utp.ac.pa\/?page_id=1387","title":{"rendered":"Elementor #1387"},"content":{"rendered":"\t\t<div data-elementor-type=\"wp-page\" data-elementor-id=\"1387\" class=\"elementor elementor-1387\">\n\t\t\t\t\t\t<section class=\"elementor-section elementor-top-section elementor-element elementor-element-caedf18 elementor-section-boxed elementor-section-height-default elementor-section-height-default\" data-id=\"caedf18\" data-element_type=\"section\">\n\t\t\t\t\t\t<div class=\"elementor-container elementor-column-gap-default\">\n\t\t\t\t\t<div class=\"elementor-column elementor-col-100 elementor-top-column elementor-element elementor-element-a60bf8d\" data-id=\"a60bf8d\" data-element_type=\"column\">\n\t\t\t<div class=\"elementor-widget-wrap elementor-element-populated\">\n\t\t\t\t\t\t<div class=\"elementor-element elementor-element-366484b elementor-widget elementor-widget-heading\" data-id=\"366484b\" data-element_type=\"widget\" data-widget_type=\"heading.default\">\n\t\t\t\t<div class=\"elementor-widget-container\">\n\t\t\t\t\t<h2 class=\"elementor-heading-title elementor-size-default\">Docente de Universidad de Catalu\u00f1a, visita Centro Regional de Azuero<\/h2>\t\t\t\t<\/div>\n\t\t\t\t<\/div>\n\t\t\t\t\t<\/div>\n\t\t<\/div>\n\t\t\t\t\t<\/div>\n\t\t<\/section>\n\t\t\t\t<section class=\"elementor-section elementor-top-section elementor-element elementor-element-73c49ba elementor-section-boxed elementor-section-height-default elementor-section-height-default\" data-id=\"73c49ba\" data-element_type=\"section\">\n\t\t\t\t\t\t<div class=\"elementor-container elementor-column-gap-default\">\n\t\t\t\t\t<div class=\"elementor-column elementor-col-100 elementor-top-column elementor-element elementor-element-1325d7e\" data-id=\"1325d7e\" data-element_type=\"column\">\n\t\t\t<div class=\"elementor-widget-wrap elementor-element-populated\">\n\t\t\t\t\t\t<div class=\"elementor-element elementor-element-008c38c elementor-widget elementor-widget-text-editor\" data-id=\"008c38c\" data-element_type=\"widget\" data-widget_type=\"text-editor.default\">\n\t\t\t\t<div class=\"elementor-widget-container\">\n\t\t\t\t\t\t\t\t\t<p>El 16 de marzo de 2022, el Centro Regional de la\u00a0<strong>Universidad Tecnol\u00f3gica de Panam\u00e1 (UTP), en Azuero<\/strong>, recibi\u00f3 la visita del Dr. Lluis Gil Espert, profesor de la Universidad Polit\u00e9cnica de Catalu\u00f1a.<\/p><p>Durante su visita, el Dr. Gil Espert realiz\u00f3 una presentaci\u00f3n de los trabajos de investigaci\u00f3n que lleva a cabo en el \u00e1rea de la aplicaci\u00f3n de materiales compuestos. As\u00ed mismo, docentes, investigadores y administrativos del Centro Regional de Azuero tuvieron la oportunidad de hacer preguntas y explorar oportunidades de colaboraci\u00f3n internacional.<\/p><p>El Dr. Espert realiz\u00f3 un recorrido en el FABLAB UTP Azuero e intercambi\u00f3 experiencias con estudiantes y docentes miembros de dicho laboratorio.<\/p>\t\t\t\t\t\t\t\t<\/div>\n\t\t\t\t<\/div>\n\t\t\t\t\t<\/div>\n\t\t<\/div>\n\t\t\t\t\t<\/div>\n\t\t<\/section>\n\t\t\t\t<section class=\"elementor-section elementor-top-section elementor-element elementor-element-f92b13d elementor-section-boxed elementor-section-height-default elementor-section-height-default\" data-id=\"f92b13d\" data-element_type=\"section\">\n\t\t\t\t\t\t<div class=\"elementor-container elementor-column-gap-default\">\n\t\t\t\t\t<div class=\"elementor-column elementor-col-50 elementor-top-column elementor-element elementor-element-d1fcba5\" data-id=\"d1fcba5\" data-element_type=\"column\">\n\t\t\t<div class=\"elementor-widget-wrap elementor-element-populated\">\n\t\t\t\t\t\t<div class=\"elementor-element elementor-element-c6a61cb elementor-widget elementor-widget-image\" data-id=\"c6a61cb\" data-element_type=\"widget\" data-widget_type=\"image.default\">\n\t\t\t\t<div class=\"elementor-widget-container\">\n\t\t\t\t\t\t\t\t\t\t\t\t\t\t\t<img fetchpriority=\"high\" decoding=\"async\" width=\"1024\" height=\"768\" src=\"https:\/\/fablabazuero.utp.ac.pa\/wp-content\/uploads\/2024\/10\/visitafablab.jpg\" class=\"attachment-large size-large wp-image-1390\" alt=\"\" srcset=\"https:\/\/fablabazuero.utp.ac.pa\/wp-content\/uploads\/2024\/10\/visitafablab.jpg 1024w, https:\/\/fablabazuero.utp.ac.pa\/wp-content\/uploads\/2024\/10\/visitafablab-300x225.jpg 300w, https:\/\/fablabazuero.utp.ac.pa\/wp-content\/uploads\/2024\/10\/visitafablab-768x576.jpg 768w\" sizes=\"(max-width: 1024px) 100vw, 1024px\" \/>\t\t\t\t\t\t\t\t\t\t\t\t\t\t\t<\/div>\n\t\t\t\t<\/div>\n\t\t\t\t\t<\/div>\n\t\t<\/div>\n\t\t\t\t<div class=\"elementor-column elementor-col-50 elementor-top-column elementor-element elementor-element-6727c49\" data-id=\"6727c49\" data-element_type=\"column\">\n\t\t\t<div class=\"elementor-widget-wrap elementor-element-populated\">\n\t\t\t\t\t\t<div class=\"elementor-element elementor-element-df7a620 elementor-widget elementor-widget-image\" data-id=\"df7a620\" data-element_type=\"widget\" data-widget_type=\"image.default\">\n\t\t\t\t<div class=\"elementor-widget-container\">\n\t\t\t\t\t\t\t\t\t\t\t\t\t\t\t<img decoding=\"async\" width=\"1024\" height=\"683\" src=\"https:\/\/fablabazuero.utp.ac.pa\/wp-content\/uploads\/2024\/10\/docentes_investigadores_administrativos_3.jpg\" class=\"attachment-large size-large wp-image-1389\" alt=\"\" srcset=\"https:\/\/fablabazuero.utp.ac.pa\/wp-content\/uploads\/2024\/10\/docentes_investigadores_administrativos_3.jpg 1024w, https:\/\/fablabazuero.utp.ac.pa\/wp-content\/uploads\/2024\/10\/docentes_investigadores_administrativos_3-300x200.jpg 300w, https:\/\/fablabazuero.utp.ac.pa\/wp-content\/uploads\/2024\/10\/docentes_investigadores_administrativos_3-768x512.jpg 768w\" sizes=\"(max-width: 1024px) 100vw, 1024px\" \/>\t\t\t\t\t\t\t\t\t\t\t\t\t\t\t<\/div>\n\t\t\t\t<\/div>\n\t\t\t\t\t<\/div>\n\t\t<\/div>\n\t\t\t\t\t<\/div>\n\t\t<\/section>\n\t\t\t\t<\/div>\n\t\t","protected":false},"excerpt":{"rendered":"<p>Docente de Universidad de Catalu\u00f1a, visita Centro Regional de Azuero El 16 de marzo de 2022, el Centro Regional de la\u00a0Universidad Tecnol\u00f3gica de Panam\u00e1 (UTP), en Azuero, recibi\u00f3 la visita del Dr. Lluis Gil Espert, profesor de la Universidad Polit\u00e9cnica de Catalu\u00f1a. Durante su visita, el Dr. Gil Espert realiz\u00f3 una presentaci\u00f3n de los trabajos [&hellip;]<\/p>\n","protected":false},"author":1,"featured_media":0,"parent":0,"menu_order":0,"comment_status":"closed","ping_status":"closed","template":"","meta":{"saved_in_kubio":false,"footnotes":""},"class_list":["post-1387","page","type-page","status-publish","hentry"],"kubio_ai_page_context":{"short_desc":"","purpose":"general"},"_links":{"self":[{"href":"https:\/\/fablabazuero.utp.ac.pa\/index.php?rest_route=\/wp\/v2\/pages\/1387","targetHints":{"allow":["GET"]}}],"collection":[{"href":"https:\/\/fablabazuero.utp.ac.pa\/index.php?rest_route=\/wp\/v2\/pages"}],"about":[{"href":"https:\/\/fablabazuero.utp.ac.pa\/index.php?rest_route=\/wp\/v2\/types\/page"}],"author":[{"embeddable":true,"href":"https:\/\/fablabazuero.utp.ac.pa\/index.php?rest_route=\/wp\/v2\/users\/1"}],"replies":[{"embeddable":true,"href":"https:\/\/fablabazuero.utp.ac.pa\/index.php?rest_route=%2Fwp%2Fv2%2Fcomments&post=1387"}],"version-history":[{"count":4,"href":"https:\/\/fablabazuero.utp.ac.pa\/index.php?rest_route=\/wp\/v2\/pages\/1387\/revisions"}],"predecessor-version":[{"id":1393,"href":"https:\/\/fablabazuero.utp.ac.pa\/index.php?rest_route=\/wp\/v2\/pages\/1387\/revisions\/1393"}],"wp:attachment":[{"href":"https:\/\/fablabazuero.utp.ac.pa\/index.php?rest_route=%2Fwp%2Fv2%2Fmedia&parent=1387"}],"curies":[{"name":"wp","href":"https:\/\/api.w.org\/{rel}","templated":true}]}}