{"id":1591,"date":"2025-01-30T10:23:28","date_gmt":"2025-01-30T15:23:28","guid":{"rendered":"https:\/\/fablabazuero.utp.ac.pa\/?page_id=1591"},"modified":"2025-01-30T10:27:23","modified_gmt":"2025-01-30T15:27:23","slug":"noticia-21","status":"publish","type":"page","link":"https:\/\/fablabazuero.utp.ac.pa\/?page_id=1591","title":{"rendered":"Noticia 21"},"content":{"rendered":"\t\t<div data-elementor-type=\"wp-page\" data-elementor-id=\"1591\" class=\"elementor elementor-1591\">\n\t\t\t\t\t\t<section class=\"elementor-section elementor-top-section elementor-element elementor-element-c7b0873 elementor-section-boxed elementor-section-height-default elementor-section-height-default\" data-id=\"c7b0873\" data-element_type=\"section\">\n\t\t\t\t\t\t<div class=\"elementor-container elementor-column-gap-default\">\n\t\t\t\t\t<div class=\"elementor-column elementor-col-100 elementor-top-column elementor-element elementor-element-3dc65f1\" data-id=\"3dc65f1\" data-element_type=\"column\">\n\t\t\t<div class=\"elementor-widget-wrap elementor-element-populated\">\n\t\t\t\t\t\t<div class=\"elementor-element elementor-element-f9a44a1 elementor-widget elementor-widget-heading\" data-id=\"f9a44a1\" data-element_type=\"widget\" data-widget_type=\"heading.default\">\n\t\t\t\t<div class=\"elementor-widget-container\">\n\t\t\t\t\t<h2 class=\"elementor-heading-title elementor-size-default\">Centro Regional de Azuero recibe visita del Dr. Leopoldo Ruiz Huerta<\/h2>\t\t\t\t<\/div>\n\t\t\t\t<\/div>\n\t\t\t\t\t<\/div>\n\t\t<\/div>\n\t\t\t\t\t<\/div>\n\t\t<\/section>\n\t\t\t\t<section class=\"elementor-section elementor-top-section elementor-element elementor-element-b9aa767 elementor-section-boxed elementor-section-height-default elementor-section-height-default\" data-id=\"b9aa767\" data-element_type=\"section\">\n\t\t\t\t\t\t<div class=\"elementor-container elementor-column-gap-default\">\n\t\t\t\t\t<div class=\"elementor-column elementor-col-100 elementor-top-column elementor-element elementor-element-ba6016f\" data-id=\"ba6016f\" data-element_type=\"column\">\n\t\t\t<div class=\"elementor-widget-wrap elementor-element-populated\">\n\t\t\t\t\t\t<div class=\"elementor-element elementor-element-a8c4166 elementor-widget elementor-widget-text-editor\" data-id=\"a8c4166\" data-element_type=\"widget\" data-widget_type=\"text-editor.default\">\n\t\t\t\t<div class=\"elementor-widget-container\">\n\t\t\t\t\t\t\t\t\t<div class=\"group-right region-noticias-2\" style=\"color: rgb(0, 0, 0); font-family: Verdana, Tahoma, &quot;DejaVu Sans&quot;, sans-serif; font-size: 14px;\"><div class=\"field field-name-body field-type-text-with-summary field-label-hidden\"><div class=\"field-items\"><div class=\"field-item even\"><p style=\"margin: 1.5em 0px;\">La primera promoci\u00f3n en Centros Regionales, del Programa de Maestr\u00eda en Ciencias de la Ingenier\u00eda Mec\u00e1nica (Azuero), cont\u00f3 con la visita del Dr. Leopoldo Ruiz Huerta, Coordinador Acad\u00e9mico y T\u00e9cnico del Laboratorio de Manufactura Aditiva y Digital (MADIT), del Instituto de Ciencias Aplicadas y Tecnolog\u00eda (ICAT), de la Universidad Nacional Aut\u00f3noma de M\u00e9xico.<\/p><p style=\"margin: 1.5em 0px;\">Del 3 al 5 de julio, el Dr. Ruiz Huerta ofreci\u00f3 un curso\/conversatorio en donde se abordaron temas desde la Manufactura Aditiva y Digital, su integraci\u00f3n con la cadena de valor, estrategias orientadas al desempe\u00f1o de componentes construidos, par\u00e1metros de construcci\u00f3n y su impacto en la producci\u00f3n de componentes y las oportunidades de colaboraci\u00f3n internacional.<\/p><p style=\"margin: 1.5em 0px;\">En este curso\/conversatorio participaron tanto los estudiantes del Programa de Maestr\u00eda, como autoridades y docentes del Centro Regional de Azuero, considerando la relevancia de esta actividad acad\u00e9mica y de investigaci\u00f3n, con participaci\u00f3n de un especialista internacional. As\u00ed mismo, durante su visita el Dr. Ruiz Huerta orient\u00f3 a los estudiantes del Programa de Maestr\u00eda en temas de investigaci\u00f3n, a trav\u00e9s de consejos pr\u00e1cticos.<\/p><p style=\"margin: 1.5em 0px;\">El Dr. Ruiz Huerta ha sido co-asesor de tesis de la Cuarta Promoci\u00f3n del Programa. As\u00ed mismo, ha recibido movilidades internacionales de la UTP, que incluyen a miembros del Programa de Maestr\u00eda y estudiantes del Centro Regional de Azuero, desde el a\u00f1o 2018, lo que ha permito que los estudiantes conozcan y adquieran conocimientos sobre equipos de manufactura aditiva y tomograf\u00eda computarizada.<\/p><p style=\"margin: 1.5em 0px;\">Durante su visita recorri\u00f3&nbsp;las instalaciones del FABLAB UTP Azuero, verificando el potencial que tienen los equipos y el personal de este, en la realizaci\u00f3n de proyectos acad\u00e9micos y de investigaci\u00f3n, para beneficio del Centro Regional y de la comunidad en general.<\/p><\/div><\/div><\/div><\/div><div class=\"group-footer region-noticias-3\" style=\"clear: both; color: rgb(0, 0, 0); font-family: Verdana, Tahoma, &quot;DejaVu Sans&quot;, sans-serif; font-size: 14px;\"><div class=\"field field-name-field-noticias-fotos field-type-image field-label-hidden noticia-imagen\" style=\"margin-top: 20px;\"><div class=\"field-items\"><div class=\"field-item even\" style=\"float: left; border: 1px solid rgb(204, 204, 204); padding: 2px; margin: 10px 8px;\"><\/div><\/div><\/div><\/div>\t\t\t\t\t\t\t\t<\/div>\n\t\t\t\t<\/div>\n\t\t\t\t\t<\/div>\n\t\t<\/div>\n\t\t\t\t\t<\/div>\n\t\t<\/section>\n\t\t\t\t<section class=\"elementor-section elementor-top-section elementor-element elementor-element-86b0027 elementor-section-height-min-height elementor-section-boxed elementor-section-height-default elementor-section-items-middle\" data-id=\"86b0027\" data-element_type=\"section\">\n\t\t\t\t\t\t<div class=\"elementor-container elementor-column-gap-default\">\n\t\t\t\t\t<div class=\"elementor-column elementor-col-100 elementor-top-column elementor-element elementor-element-5a7a2b9\" data-id=\"5a7a2b9\" data-element_type=\"column\">\n\t\t\t<div class=\"elementor-widget-wrap elementor-element-populated\">\n\t\t\t\t\t\t<div class=\"elementor-element elementor-element-a50b7ce elementor-widget elementor-widget-image\" data-id=\"a50b7ce\" data-element_type=\"widget\" data-widget_type=\"image.default\">\n\t\t\t\t<div class=\"elementor-widget-container\">\n\t\t\t\t\t\t\t\t\t\t\t\t\t\t\t<img decoding=\"async\" src=\"https:\/\/fablabazuero.utp.ac.pa\/wp-content\/uploads\/2025\/01\/foto_3lrh.jpeg\" title=\"foto_3lrh\" alt=\"foto_3lrh\" loading=\"lazy\" \/>\t\t\t\t\t\t\t\t\t\t\t\t\t\t\t<\/div>\n\t\t\t\t<\/div>\n\t\t\t\t\t<\/div>\n\t\t<\/div>\n\t\t\t\t\t<\/div>\n\t\t<\/section>\n\t\t\t\t<section class=\"elementor-section elementor-top-section elementor-element elementor-element-b4e3d31 elementor-section-boxed elementor-section-height-default elementor-section-height-default\" data-id=\"b4e3d31\" data-element_type=\"section\">\n\t\t\t\t\t\t<div class=\"elementor-container elementor-column-gap-default\">\n\t\t\t\t\t<div class=\"elementor-column elementor-col-50 elementor-top-column elementor-element elementor-element-a83dd2e\" data-id=\"a83dd2e\" data-element_type=\"column\">\n\t\t\t<div class=\"elementor-widget-wrap elementor-element-populated\">\n\t\t\t\t\t\t<div class=\"elementor-element elementor-element-5a76140 elementor-widget elementor-widget-image\" data-id=\"5a76140\" data-element_type=\"widget\" data-widget_type=\"image.default\">\n\t\t\t\t<div class=\"elementor-widget-container\">\n\t\t\t\t\t\t\t\t\t\t\t\t\t\t\t<img fetchpriority=\"high\" decoding=\"async\" width=\"1024\" height=\"573\" src=\"https:\/\/fablabazuero.utp.ac.pa\/wp-content\/uploads\/2025\/01\/whatsapp_image_2024-07-05_at_15.38.57-1024x573.jpeg\" class=\"attachment-large size-large wp-image-1593\" alt=\"\" srcset=\"https:\/\/fablabazuero.utp.ac.pa\/wp-content\/uploads\/2025\/01\/whatsapp_image_2024-07-05_at_15.38.57-1024x573.jpeg 1024w, https:\/\/fablabazuero.utp.ac.pa\/wp-content\/uploads\/2025\/01\/whatsapp_image_2024-07-05_at_15.38.57-300x168.jpeg 300w, https:\/\/fablabazuero.utp.ac.pa\/wp-content\/uploads\/2025\/01\/whatsapp_image_2024-07-05_at_15.38.57-768x430.jpeg 768w, https:\/\/fablabazuero.utp.ac.pa\/wp-content\/uploads\/2025\/01\/whatsapp_image_2024-07-05_at_15.38.57-1536x860.jpeg 1536w, https:\/\/fablabazuero.utp.ac.pa\/wp-content\/uploads\/2025\/01\/whatsapp_image_2024-07-05_at_15.38.57.jpeg 1600w\" sizes=\"(max-width: 1024px) 100vw, 1024px\" \/>\t\t\t\t\t\t\t\t\t\t\t\t\t\t\t<\/div>\n\t\t\t\t<\/div>\n\t\t\t\t\t<\/div>\n\t\t<\/div>\n\t\t\t\t<div class=\"elementor-column elementor-col-50 elementor-top-column elementor-element elementor-element-4c77a9f\" data-id=\"4c77a9f\" data-element_type=\"column\">\n\t\t\t<div class=\"elementor-widget-wrap elementor-element-populated\">\n\t\t\t\t\t\t<div class=\"elementor-element elementor-element-b0fcaa4 elementor-widget elementor-widget-image\" data-id=\"b0fcaa4\" data-element_type=\"widget\" data-widget_type=\"image.default\">\n\t\t\t\t<div class=\"elementor-widget-container\">\n\t\t\t\t\t\t\t\t\t\t\t\t\t\t\t<img decoding=\"async\" width=\"1024\" height=\"573\" src=\"https:\/\/fablabazuero.utp.ac.pa\/wp-content\/uploads\/2025\/01\/foto_2_lrh.jpg\" class=\"attachment-large size-large wp-image-1594\" alt=\"\" srcset=\"https:\/\/fablabazuero.utp.ac.pa\/wp-content\/uploads\/2025\/01\/foto_2_lrh.jpg 1024w, https:\/\/fablabazuero.utp.ac.pa\/wp-content\/uploads\/2025\/01\/foto_2_lrh-300x168.jpg 300w, https:\/\/fablabazuero.utp.ac.pa\/wp-content\/uploads\/2025\/01\/foto_2_lrh-768x430.jpg 768w\" sizes=\"(max-width: 1024px) 100vw, 1024px\" \/>\t\t\t\t\t\t\t\t\t\t\t\t\t\t\t<\/div>\n\t\t\t\t<\/div>\n\t\t\t\t\t<\/div>\n\t\t<\/div>\n\t\t\t\t\t<\/div>\n\t\t<\/section>\n\t\t\t\t<\/div>\n\t\t","protected":false},"excerpt":{"rendered":"<p>Centro Regional de Azuero recibe visita del Dr. Leopoldo Ruiz Huerta La primera promoci\u00f3n en Centros Regionales, del Programa de Maestr\u00eda en Ciencias de la Ingenier\u00eda Mec\u00e1nica (Azuero), cont\u00f3 con la visita del Dr. Leopoldo Ruiz Huerta, Coordinador Acad\u00e9mico y T\u00e9cnico del Laboratorio de Manufactura Aditiva y Digital (MADIT), del Instituto de Ciencias Aplicadas y [&hellip;]<\/p>\n","protected":false},"author":2,"featured_media":0,"parent":0,"menu_order":0,"comment_status":"closed","ping_status":"closed","template":"","meta":{"saved_in_kubio":false,"footnotes":""},"class_list":["post-1591","page","type-page","status-publish","hentry"],"kubio_ai_page_context":{"short_desc":"","purpose":"general"},"_links":{"self":[{"href":"https:\/\/fablabazuero.utp.ac.pa\/index.php?rest_route=\/wp\/v2\/pages\/1591","targetHints":{"allow":["GET"]}}],"collection":[{"href":"https:\/\/fablabazuero.utp.ac.pa\/index.php?rest_route=\/wp\/v2\/pages"}],"about":[{"href":"https:\/\/fablabazuero.utp.ac.pa\/index.php?rest_route=\/wp\/v2\/types\/page"}],"author":[{"embeddable":true,"href":"https:\/\/fablabazuero.utp.ac.pa\/index.php?rest_route=\/wp\/v2\/users\/2"}],"replies":[{"embeddable":true,"href":"https:\/\/fablabazuero.utp.ac.pa\/index.php?rest_route=%2Fwp%2Fv2%2Fcomments&post=1591"}],"version-history":[{"count":4,"href":"https:\/\/fablabazuero.utp.ac.pa\/index.php?rest_route=\/wp\/v2\/pages\/1591\/revisions"}],"predecessor-version":[{"id":1599,"href":"https:\/\/fablabazuero.utp.ac.pa\/index.php?rest_route=\/wp\/v2\/pages\/1591\/revisions\/1599"}],"wp:attachment":[{"href":"https:\/\/fablabazuero.utp.ac.pa\/index.php?rest_route=%2Fwp%2Fv2%2Fmedia&parent=1591"}],"curies":[{"name":"wp","href":"https:\/\/api.w.org\/{rel}","templated":true}]}}