{"id":1601,"date":"2025-01-30T10:29:20","date_gmt":"2025-01-30T15:29:20","guid":{"rendered":"https:\/\/fablabazuero.utp.ac.pa\/?page_id=1601"},"modified":"2025-01-30T10:31:19","modified_gmt":"2025-01-30T15:31:19","slug":"noticia-22","status":"publish","type":"page","link":"https:\/\/fablabazuero.utp.ac.pa\/?page_id=1601","title":{"rendered":"Noticia 22"},"content":{"rendered":"\t\t<div data-elementor-type=\"wp-page\" data-elementor-id=\"1601\" class=\"elementor elementor-1601\">\n\t\t\t\t\t\t<section class=\"elementor-section elementor-top-section elementor-element elementor-element-eab8974 elementor-section-boxed elementor-section-height-default elementor-section-height-default\" data-id=\"eab8974\" data-element_type=\"section\">\n\t\t\t\t\t\t<div class=\"elementor-container elementor-column-gap-default\">\n\t\t\t\t\t<div class=\"elementor-column elementor-col-100 elementor-top-column elementor-element elementor-element-435a846\" data-id=\"435a846\" data-element_type=\"column\">\n\t\t\t<div class=\"elementor-widget-wrap elementor-element-populated\">\n\t\t\t\t\t\t<div class=\"elementor-element elementor-element-a43bf00 elementor-widget elementor-widget-heading\" data-id=\"a43bf00\" data-element_type=\"widget\" data-widget_type=\"heading.default\">\n\t\t\t\t<div class=\"elementor-widget-container\">\n\t\t\t\t\t<h2 class=\"elementor-heading-title elementor-size-default\">Centro Regional de Azuero recibe a visitante del Programa de Maestr\u00eda en Ciencias de la Ingenier\u00eda Mec\u00e1nica<\/h2>\t\t\t\t<\/div>\n\t\t\t\t<\/div>\n\t\t\t\t\t<\/div>\n\t\t<\/div>\n\t\t\t\t\t<\/div>\n\t\t<\/section>\n\t\t\t\t<section class=\"elementor-section elementor-top-section elementor-element elementor-element-5a1a43d elementor-section-boxed elementor-section-height-default elementor-section-height-default\" data-id=\"5a1a43d\" data-element_type=\"section\">\n\t\t\t\t\t\t<div class=\"elementor-container elementor-column-gap-default\">\n\t\t\t\t\t<div class=\"elementor-column elementor-col-100 elementor-top-column elementor-element elementor-element-4fd5ca0\" data-id=\"4fd5ca0\" data-element_type=\"column\">\n\t\t\t<div class=\"elementor-widget-wrap elementor-element-populated\">\n\t\t\t\t\t\t<div class=\"elementor-element elementor-element-76a119c elementor-widget elementor-widget-text-editor\" data-id=\"76a119c\" data-element_type=\"widget\" data-widget_type=\"text-editor.default\">\n\t\t\t\t<div class=\"elementor-widget-container\">\n\t\t\t\t\t\t\t\t\t<p style=\"margin: 1.5em 0px; color: rgb(0, 0, 0); font-family: Verdana, Tahoma, &quot;DejaVu Sans&quot;, sans-serif; font-size: 14px;\">La primera promoci\u00f3n del Programa de Maestr\u00eda en Ciencias de la Ingenier\u00eda Mec\u00e1nica (Azuero) cont\u00f3 con la visita del Dr. Salvador S\u00e1nchez Minero, del Instituto de Ciencias Aplicadas y Tecnolog\u00eda (ICAT), de la Universidad Nacional Aut\u00f3noma de M\u00e9xico.<\/p><p style=\"margin: 1.5em 0px; color: rgb(0, 0, 0); font-family: Verdana, Tahoma, &quot;DejaVu Sans&quot;, sans-serif; font-size: 14px;\">Del 20 al 23 de agosto, el Dr. S\u00e1nchez ofreci\u00f3 una capacitaci\u00f3n sobre la \u201cImplementaci\u00f3n de sistema de energ\u00eda solar, presente y futuro del sector energ\u00e9tico, retos a\u00fan por afrontar\u201d. As\u00ed mismo tuvo la oportunidad de conversar con los estudiantes del Programa de Maestr\u00eda, autoridades y docentes del Centro Regional de Azuero, considerando la relevancia de esta actividad acad\u00e9mica y de investigaci\u00f3n, con participaci\u00f3n de un especialista internacional. El Dr. S\u00e1nchez orient\u00f3 a los estudiantes del Programa de Maestr\u00eda en temas de investigaci\u00f3n, a trav\u00e9s de consejos pr\u00e1cticos.<\/p><p style=\"margin: 1.5em 0px; color: rgb(0, 0, 0); font-family: Verdana, Tahoma, &quot;DejaVu Sans&quot;, sans-serif; font-size: 14px;\">Cabe destacar, que el Dr. Salvador S\u00e1nchez ha recibido movilidades internacionales de la UTP, estudiantes del Centro Regional de Azuero y durante su visita al centro,&nbsp;realiz\u00f3 un recorrido por las instalaciones del FABLAB UTP Azuero, con lo que se identificaron temas potenciales de colaboraci\u00f3n futura.<\/p>\t\t\t\t\t\t\t\t<\/div>\n\t\t\t\t<\/div>\n\t\t\t\t\t<\/div>\n\t\t<\/div>\n\t\t\t\t\t<\/div>\n\t\t<\/section>\n\t\t\t\t<section class=\"elementor-section elementor-top-section elementor-element elementor-element-de9fe6e elementor-section-boxed elementor-section-height-default elementor-section-height-default\" data-id=\"de9fe6e\" data-element_type=\"section\">\n\t\t\t\t\t\t<div class=\"elementor-container elementor-column-gap-default\">\n\t\t\t\t\t<div class=\"elementor-column elementor-col-50 elementor-top-column elementor-element elementor-element-30aca53\" data-id=\"30aca53\" data-element_type=\"column\">\n\t\t\t<div class=\"elementor-widget-wrap elementor-element-populated\">\n\t\t\t\t\t\t<div class=\"elementor-element elementor-element-c88782e elementor-widget elementor-widget-image\" data-id=\"c88782e\" data-element_type=\"widget\" data-widget_type=\"image.default\">\n\t\t\t\t<div class=\"elementor-widget-container\">\n\t\t\t\t\t\t\t\t\t\t\t\t\t\t\t<img fetchpriority=\"high\" decoding=\"async\" width=\"1024\" height=\"768\" src=\"https:\/\/fablabazuero.utp.ac.pa\/wp-content\/uploads\/2025\/01\/primera_adicional-1024x768.jpeg\" class=\"attachment-large size-large wp-image-1603\" alt=\"\" srcset=\"https:\/\/fablabazuero.utp.ac.pa\/wp-content\/uploads\/2025\/01\/primera_adicional-1024x768.jpeg 1024w, https:\/\/fablabazuero.utp.ac.pa\/wp-content\/uploads\/2025\/01\/primera_adicional-300x225.jpeg 300w, https:\/\/fablabazuero.utp.ac.pa\/wp-content\/uploads\/2025\/01\/primera_adicional-768x576.jpeg 768w, https:\/\/fablabazuero.utp.ac.pa\/wp-content\/uploads\/2025\/01\/primera_adicional-1536x1152.jpeg 1536w, https:\/\/fablabazuero.utp.ac.pa\/wp-content\/uploads\/2025\/01\/primera_adicional-1440x1080.jpeg 1440w, https:\/\/fablabazuero.utp.ac.pa\/wp-content\/uploads\/2025\/01\/primera_adicional.jpeg 1600w\" sizes=\"(max-width: 1024px) 100vw, 1024px\" \/>\t\t\t\t\t\t\t\t\t\t\t\t\t\t\t<\/div>\n\t\t\t\t<\/div>\n\t\t\t\t\t<\/div>\n\t\t<\/div>\n\t\t\t\t<div class=\"elementor-column elementor-col-50 elementor-top-column elementor-element elementor-element-6ef9d5f\" data-id=\"6ef9d5f\" data-element_type=\"column\">\n\t\t\t<div class=\"elementor-widget-wrap elementor-element-populated\">\n\t\t\t\t\t\t<div class=\"elementor-element elementor-element-519cc56 elementor-widget elementor-widget-image\" data-id=\"519cc56\" data-element_type=\"widget\" data-widget_type=\"image.default\">\n\t\t\t\t<div class=\"elementor-widget-container\">\n\t\t\t\t\t\t\t\t\t\t\t\t\t\t\t<img decoding=\"async\" width=\"1024\" height=\"768\" src=\"https:\/\/fablabazuero.utp.ac.pa\/wp-content\/uploads\/2025\/01\/foto_1_9.jpeg\" class=\"attachment-large size-large wp-image-1605\" alt=\"\" srcset=\"https:\/\/fablabazuero.utp.ac.pa\/wp-content\/uploads\/2025\/01\/foto_1_9.jpeg 1024w, https:\/\/fablabazuero.utp.ac.pa\/wp-content\/uploads\/2025\/01\/foto_1_9-300x225.jpeg 300w, https:\/\/fablabazuero.utp.ac.pa\/wp-content\/uploads\/2025\/01\/foto_1_9-768x576.jpeg 768w\" sizes=\"(max-width: 1024px) 100vw, 1024px\" \/>\t\t\t\t\t\t\t\t\t\t\t\t\t\t\t<\/div>\n\t\t\t\t<\/div>\n\t\t\t\t\t<\/div>\n\t\t<\/div>\n\t\t\t\t\t<\/div>\n\t\t<\/section>\n\t\t\t\t<\/div>\n\t\t","protected":false},"excerpt":{"rendered":"<p>Centro Regional de Azuero recibe a visitante del Programa de Maestr\u00eda en Ciencias de la Ingenier\u00eda Mec\u00e1nica La primera promoci\u00f3n del Programa de Maestr\u00eda en Ciencias de la Ingenier\u00eda Mec\u00e1nica (Azuero) cont\u00f3 con la visita del Dr. Salvador S\u00e1nchez Minero, del Instituto de Ciencias Aplicadas y Tecnolog\u00eda (ICAT), de la Universidad Nacional Aut\u00f3noma de M\u00e9xico. [&hellip;]<\/p>\n","protected":false},"author":2,"featured_media":0,"parent":0,"menu_order":0,"comment_status":"closed","ping_status":"closed","template":"","meta":{"saved_in_kubio":false,"footnotes":""},"class_list":["post-1601","page","type-page","status-publish","hentry"],"kubio_ai_page_context":{"short_desc":"","purpose":"general"},"_links":{"self":[{"href":"https:\/\/fablabazuero.utp.ac.pa\/index.php?rest_route=\/wp\/v2\/pages\/1601","targetHints":{"allow":["GET"]}}],"collection":[{"href":"https:\/\/fablabazuero.utp.ac.pa\/index.php?rest_route=\/wp\/v2\/pages"}],"about":[{"href":"https:\/\/fablabazuero.utp.ac.pa\/index.php?rest_route=\/wp\/v2\/types\/page"}],"author":[{"embeddable":true,"href":"https:\/\/fablabazuero.utp.ac.pa\/index.php?rest_route=\/wp\/v2\/users\/2"}],"replies":[{"embeddable":true,"href":"https:\/\/fablabazuero.utp.ac.pa\/index.php?rest_route=%2Fwp%2Fv2%2Fcomments&post=1601"}],"version-history":[{"count":4,"href":"https:\/\/fablabazuero.utp.ac.pa\/index.php?rest_route=\/wp\/v2\/pages\/1601\/revisions"}],"predecessor-version":[{"id":1608,"href":"https:\/\/fablabazuero.utp.ac.pa\/index.php?rest_route=\/wp\/v2\/pages\/1601\/revisions\/1608"}],"wp:attachment":[{"href":"https:\/\/fablabazuero.utp.ac.pa\/index.php?rest_route=%2Fwp%2Fv2%2Fmedia&parent=1601"}],"curies":[{"name":"wp","href":"https:\/\/api.w.org\/{rel}","templated":true}]}}