{"id":1611,"date":"2025-01-30T10:44:10","date_gmt":"2025-01-30T15:44:10","guid":{"rendered":"https:\/\/fablabazuero.utp.ac.pa\/?page_id=1611"},"modified":"2025-01-30T10:45:48","modified_gmt":"2025-01-30T15:45:48","slug":"elementor-pagina-1611","status":"publish","type":"page","link":"https:\/\/fablabazuero.utp.ac.pa\/?page_id=1611","title":{"rendered":"Noticia 23"},"content":{"rendered":"\t\t<div data-elementor-type=\"wp-page\" data-elementor-id=\"1611\" class=\"elementor elementor-1611\">\n\t\t\t\t\t\t<section class=\"elementor-section elementor-top-section elementor-element elementor-element-bca0dd7 elementor-section-boxed elementor-section-height-default elementor-section-height-default\" data-id=\"bca0dd7\" data-element_type=\"section\">\n\t\t\t\t\t\t<div class=\"elementor-container elementor-column-gap-default\">\n\t\t\t\t\t<div class=\"elementor-column elementor-col-100 elementor-top-column elementor-element elementor-element-cadd0d3\" data-id=\"cadd0d3\" data-element_type=\"column\">\n\t\t\t<div class=\"elementor-widget-wrap elementor-element-populated\">\n\t\t\t\t\t\t<div class=\"elementor-element elementor-element-7642197 elementor-widget elementor-widget-heading\" data-id=\"7642197\" data-element_type=\"widget\" data-widget_type=\"heading.default\">\n\t\t\t\t<div class=\"elementor-widget-container\">\n\t\t\t\t\t<h2 class=\"elementor-heading-title elementor-size-default\">Expositores de Espa\u00f1a, M\u00e9xico y Colombia participan en Congreso de Azuero 2024<\/h2>\t\t\t\t<\/div>\n\t\t\t\t<\/div>\n\t\t\t\t\t<\/div>\n\t\t<\/div>\n\t\t\t\t\t<\/div>\n\t\t<\/section>\n\t\t\t\t<section class=\"elementor-section elementor-top-section elementor-element elementor-element-a8cd261 elementor-section-boxed elementor-section-height-default elementor-section-height-default\" data-id=\"a8cd261\" data-element_type=\"section\">\n\t\t\t\t\t\t<div class=\"elementor-container elementor-column-gap-default\">\n\t\t\t\t\t<div class=\"elementor-column elementor-col-100 elementor-top-column elementor-element elementor-element-a0576fb\" data-id=\"a0576fb\" data-element_type=\"column\">\n\t\t\t<div class=\"elementor-widget-wrap elementor-element-populated\">\n\t\t\t\t\t\t<div class=\"elementor-element elementor-element-59a2180 elementor-widget elementor-widget-text-editor\" data-id=\"59a2180\" data-element_type=\"widget\" data-widget_type=\"text-editor.default\">\n\t\t\t\t<div class=\"elementor-widget-container\">\n\t\t\t\t\t\t\t\t\t<p>Como parte de las estrategias de internacionalizaci\u00f3n del Centro Regional de Azuero de la UTP, en el marco del XI Congreso de Ingenier\u00eda en Azuero 2024, se cont\u00f3 con la participaci\u00f3n de expositores de Espa\u00f1a y Colombia.<\/p><p>Por parte de Espa\u00f1a, se cont\u00f3 con la exposici\u00f3n de la Dra. Marina Arrieta, de la Universidad Polit\u00e9cnica de Madrid, quien a su vez es profesora visitante de la Primera Promoci\u00f3n en Centros Regionales del Programa de Maestr\u00eda en Ciencias de la Ingenier\u00eda Mec\u00e1nica (Azuero). La Dra. Marina ha recibido a dos movilidades salientes de nuestro Centro Regional de Azuero, durante 2023 y 2024.<\/p><p>Como parte de la sesi\u00f3n de clausura, se cont\u00f3 con la participaci\u00f3n de la Dra. Edna Bravo y el Dr. Efr\u00e9n Romero, ambos expositores provenientes de Colombia. Los temas presentados se centraron en las \u00e1reas de innovaci\u00f3n.<\/p><p>Tambi\u00e9n\u00a0particip\u00f3\u00a0el Dr. Gabriel Ascanio y el Dr. Gerardo Ruiz, ambos de la Universidad Nacional Aut\u00f3noma de M\u00e9xico (UNAM), quienes asistieron a dos\u00a0d\u00edas del Congreso con la intenci\u00f3n de verificar la posibilidad de realizar el IV Congreso Iberoamericano de Instrumentaci\u00f3n y Ciencias Aplicadas-SOMI en este pa\u00eds. Ambos doctores tuvieron la oportunidad de conversar con las autoridades universitarias. Cabe mencionar que el Dr. Gabriel Ascanio ha recibido a una movilidad saliente de nuestro Centro Regional.<\/p><p>Los docentes internacionales tuvieron tambi\u00e9n la oportunidad de conocer las instalaciones del FABLAB UTP Azuero, en donde se exploraron las oportunidades de colaboraci\u00f3n y el potencial de desarrollo de proyectos futuros, considerando a su vez las experiencias previas de movilidad saliente.<\/p><p>El XI Congreso de Ingenier\u00eda en Azuero se desarroll\u00f3 del 17 al 20 de septiembre de 2024.<\/p>\t\t\t\t\t\t\t\t<\/div>\n\t\t\t\t<\/div>\n\t\t\t\t\t<\/div>\n\t\t<\/div>\n\t\t\t\t\t<\/div>\n\t\t<\/section>\n\t\t\t\t<section class=\"elementor-section elementor-top-section elementor-element elementor-element-ebe8005 elementor-section-boxed elementor-section-height-default elementor-section-height-default\" data-id=\"ebe8005\" data-element_type=\"section\">\n\t\t\t\t\t\t<div class=\"elementor-container elementor-column-gap-default\">\n\t\t\t\t\t<div class=\"elementor-column elementor-col-33 elementor-top-column elementor-element elementor-element-3c60bfa\" data-id=\"3c60bfa\" data-element_type=\"column\">\n\t\t\t<div class=\"elementor-widget-wrap elementor-element-populated\">\n\t\t\t\t\t\t<div class=\"elementor-element elementor-element-88e8996 elementor-widget elementor-widget-image\" data-id=\"88e8996\" data-element_type=\"widget\" data-widget_type=\"image.default\">\n\t\t\t\t<div class=\"elementor-widget-container\">\n\t\t\t\t\t\t\t\t\t\t\t\t\t\t\t<img fetchpriority=\"high\" decoding=\"async\" width=\"1024\" height=\"683\" src=\"https:\/\/fablabazuero.utp.ac.pa\/wp-content\/uploads\/2025\/01\/primera_1-1024x683.jpg\" class=\"attachment-large size-large wp-image-1614\" alt=\"\" srcset=\"https:\/\/fablabazuero.utp.ac.pa\/wp-content\/uploads\/2025\/01\/primera_1-1024x683.jpg 1024w, https:\/\/fablabazuero.utp.ac.pa\/wp-content\/uploads\/2025\/01\/primera_1-300x200.jpg 300w, https:\/\/fablabazuero.utp.ac.pa\/wp-content\/uploads\/2025\/01\/primera_1-768x512.jpg 768w, https:\/\/fablabazuero.utp.ac.pa\/wp-content\/uploads\/2025\/01\/primera_1.jpg 1500w\" sizes=\"(max-width: 1024px) 100vw, 1024px\" \/>\t\t\t\t\t\t\t\t\t\t\t\t\t\t\t<\/div>\n\t\t\t\t<\/div>\n\t\t\t\t\t<\/div>\n\t\t<\/div>\n\t\t\t\t<div class=\"elementor-column elementor-col-33 elementor-top-column elementor-element elementor-element-3c00a1d\" data-id=\"3c00a1d\" data-element_type=\"column\">\n\t\t\t<div class=\"elementor-widget-wrap elementor-element-populated\">\n\t\t\t\t\t\t<div class=\"elementor-element elementor-element-96ae97d elementor-widget elementor-widget-image\" data-id=\"96ae97d\" data-element_type=\"widget\" data-widget_type=\"image.default\">\n\t\t\t\t<div class=\"elementor-widget-container\">\n\t\t\t\t\t\t\t\t\t\t\t\t\t\t\t<img decoding=\"async\" width=\"768\" height=\"576\" src=\"https:\/\/fablabazuero.utp.ac.pa\/wp-content\/uploads\/2025\/01\/whatsapp_image_2024-10-02_at_4.04.17_pm-768x576.jpeg\" class=\"attachment-medium_large size-medium_large wp-image-1616\" alt=\"\" srcset=\"https:\/\/fablabazuero.utp.ac.pa\/wp-content\/uploads\/2025\/01\/whatsapp_image_2024-10-02_at_4.04.17_pm-768x576.jpeg 768w, https:\/\/fablabazuero.utp.ac.pa\/wp-content\/uploads\/2025\/01\/whatsapp_image_2024-10-02_at_4.04.17_pm-300x225.jpeg 300w, https:\/\/fablabazuero.utp.ac.pa\/wp-content\/uploads\/2025\/01\/whatsapp_image_2024-10-02_at_4.04.17_pm.jpeg 1024w\" sizes=\"(max-width: 768px) 100vw, 768px\" \/>\t\t\t\t\t\t\t\t\t\t\t\t\t\t\t<\/div>\n\t\t\t\t<\/div>\n\t\t\t\t\t<\/div>\n\t\t<\/div>\n\t\t\t\t<div class=\"elementor-column elementor-col-33 elementor-top-column elementor-element elementor-element-3979461\" data-id=\"3979461\" data-element_type=\"column\">\n\t\t\t<div class=\"elementor-widget-wrap elementor-element-populated\">\n\t\t\t\t\t\t<div class=\"elementor-element elementor-element-9090a5d elementor-widget elementor-widget-image\" data-id=\"9090a5d\" data-element_type=\"widget\" data-widget_type=\"image.default\">\n\t\t\t\t<div class=\"elementor-widget-container\">\n\t\t\t\t\t\t\t\t\t\t\t\t\t\t\t<img decoding=\"async\" width=\"1024\" height=\"768\" src=\"https:\/\/fablabazuero.utp.ac.pa\/wp-content\/uploads\/2025\/01\/segunda.jpeg\" class=\"attachment-large size-large wp-image-1615\" alt=\"\" srcset=\"https:\/\/fablabazuero.utp.ac.pa\/wp-content\/uploads\/2025\/01\/segunda.jpeg 1024w, https:\/\/fablabazuero.utp.ac.pa\/wp-content\/uploads\/2025\/01\/segunda-300x225.jpeg 300w, https:\/\/fablabazuero.utp.ac.pa\/wp-content\/uploads\/2025\/01\/segunda-768x576.jpeg 768w\" sizes=\"(max-width: 1024px) 100vw, 1024px\" \/>\t\t\t\t\t\t\t\t\t\t\t\t\t\t\t<\/div>\n\t\t\t\t<\/div>\n\t\t\t\t\t<\/div>\n\t\t<\/div>\n\t\t\t\t\t<\/div>\n\t\t<\/section>\n\t\t\t\t<\/div>\n\t\t","protected":false},"excerpt":{"rendered":"<p>Expositores de Espa\u00f1a, M\u00e9xico y Colombia participan en Congreso de Azuero 2024 Como parte de las estrategias de internacionalizaci\u00f3n del Centro Regional de Azuero de la UTP, en el marco del XI Congreso de Ingenier\u00eda en Azuero 2024, se cont\u00f3 con la participaci\u00f3n de expositores de Espa\u00f1a y Colombia. Por parte de Espa\u00f1a, se cont\u00f3 [&hellip;]<\/p>\n","protected":false},"author":2,"featured_media":0,"parent":0,"menu_order":0,"comment_status":"closed","ping_status":"closed","template":"","meta":{"saved_in_kubio":false,"footnotes":""},"class_list":["post-1611","page","type-page","status-publish","hentry"],"kubio_ai_page_context":{"short_desc":"","purpose":"general"},"_links":{"self":[{"href":"https:\/\/fablabazuero.utp.ac.pa\/index.php?rest_route=\/wp\/v2\/pages\/1611","targetHints":{"allow":["GET"]}}],"collection":[{"href":"https:\/\/fablabazuero.utp.ac.pa\/index.php?rest_route=\/wp\/v2\/pages"}],"about":[{"href":"https:\/\/fablabazuero.utp.ac.pa\/index.php?rest_route=\/wp\/v2\/types\/page"}],"author":[{"embeddable":true,"href":"https:\/\/fablabazuero.utp.ac.pa\/index.php?rest_route=\/wp\/v2\/users\/2"}],"replies":[{"embeddable":true,"href":"https:\/\/fablabazuero.utp.ac.pa\/index.php?rest_route=%2Fwp%2Fv2%2Fcomments&post=1611"}],"version-history":[{"count":5,"href":"https:\/\/fablabazuero.utp.ac.pa\/index.php?rest_route=\/wp\/v2\/pages\/1611\/revisions"}],"predecessor-version":[{"id":1620,"href":"https:\/\/fablabazuero.utp.ac.pa\/index.php?rest_route=\/wp\/v2\/pages\/1611\/revisions\/1620"}],"wp:attachment":[{"href":"https:\/\/fablabazuero.utp.ac.pa\/index.php?rest_route=%2Fwp%2Fv2%2Fmedia&parent=1611"}],"curies":[{"name":"wp","href":"https:\/\/api.w.org\/{rel}","templated":true}]}}