{"id":1635,"date":"2025-01-30T11:32:12","date_gmt":"2025-01-30T16:32:12","guid":{"rendered":"https:\/\/fablabazuero.utp.ac.pa\/?page_id=1635"},"modified":"2025-01-30T11:32:46","modified_gmt":"2025-01-30T16:32:46","slug":"noticia-25","status":"publish","type":"page","link":"https:\/\/fablabazuero.utp.ac.pa\/?page_id=1635","title":{"rendered":"Noticia 25"},"content":{"rendered":"\t\t<div data-elementor-type=\"wp-page\" data-elementor-id=\"1635\" class=\"elementor elementor-1635\">\n\t\t\t\t\t\t<section class=\"elementor-section elementor-top-section elementor-element elementor-element-4cbd230 elementor-section-boxed elementor-section-height-default elementor-section-height-default\" data-id=\"4cbd230\" data-element_type=\"section\">\n\t\t\t\t\t\t<div class=\"elementor-container elementor-column-gap-default\">\n\t\t\t\t\t<div class=\"elementor-column elementor-col-100 elementor-top-column elementor-element elementor-element-b13bfe9\" data-id=\"b13bfe9\" data-element_type=\"column\">\n\t\t\t<div class=\"elementor-widget-wrap elementor-element-populated\">\n\t\t\t\t\t\t<div class=\"elementor-element elementor-element-a6566cd elementor-widget elementor-widget-heading\" data-id=\"a6566cd\" data-element_type=\"widget\" data-widget_type=\"heading.default\">\n\t\t\t\t<div class=\"elementor-widget-container\">\n\t\t\t\t\t<h2 class=\"elementor-heading-title elementor-size-default\">Centro Regional de Azuero realiza XI Congreso de Ingenier\u00eda<\/h2>\t\t\t\t<\/div>\n\t\t\t\t<\/div>\n\t\t\t\t\t<\/div>\n\t\t<\/div>\n\t\t\t\t\t<\/div>\n\t\t<\/section>\n\t\t\t\t<section class=\"elementor-section elementor-top-section elementor-element elementor-element-86d3f74 elementor-section-boxed elementor-section-height-default elementor-section-height-default\" data-id=\"86d3f74\" data-element_type=\"section\">\n\t\t\t\t\t\t<div class=\"elementor-container elementor-column-gap-default\">\n\t\t\t\t\t<div class=\"elementor-column elementor-col-100 elementor-top-column elementor-element elementor-element-436e3f6\" data-id=\"436e3f6\" data-element_type=\"column\">\n\t\t\t<div class=\"elementor-widget-wrap elementor-element-populated\">\n\t\t\t\t\t\t<div class=\"elementor-element elementor-element-f5db0cf elementor-widget elementor-widget-text-editor\" data-id=\"f5db0cf\" data-element_type=\"widget\" data-widget_type=\"text-editor.default\">\n\t\t\t\t<div class=\"elementor-widget-container\">\n\t\t\t\t\t\t\t\t\t<p style=\"margin: 1.5em 0px; color: rgb(0, 0, 0); font-family: Verdana, Tahoma, &quot;DejaVu Sans&quot;, sans-serif; font-size: 14px;\">El Centro Regional de Azuero de la Universidad Tecnol\u00f3gica de Panam\u00e1 (UTP), bajo el lema: \u00abTecnolog\u00edas Disruptivas e Investigaci\u00f3n Aplicada al Servicio del Emprendimiento y de la Innovaci\u00f3n\u00bb&nbsp;realiz\u00f3 su inauguraci\u00f3n el 17 de septiembre de 2024 en la Sala de Conferencias del Centro Regional de Azuero. Este congreso cont\u00f3 con dos sesiones inaugurales, una en la ma\u00f1ana y otra en horas de la tarde. Las palabras de bienvenida estuvieron a cargo del Director del Centro Regional de Azuero, el Lic. Ismael Batista. La Rectora Encargada, la Dra. Angela Laguna tuvo el honor de dar las palabras de inauguraci\u00f3n.<\/p><p style=\"margin: 1.5em 0px; color: rgb(0, 0, 0); font-family: Verdana, Tahoma, &quot;DejaVu Sans&quot;, sans-serif; font-size: 14px;\">En la sesi\u00f3n inaugural del d\u00eda 17 de septiembre en horas de la ma\u00f1ana se cont\u00f3 con la participaci\u00f3n de Karin Sempf, con la conferencia: \u00ab\u00bfQu\u00e9 impulsa la innovaci\u00f3n? Un camino para innovar e impactar con sus ideas\u00bb. La Lic. Sempf es CEO de InnovaNation, que es un laboratorio educativo del Siglo XXI que promueve emprendimiento, innovaci\u00f3n y sostenibilidad en Panam\u00e1.<\/p><p style=\"margin: 1.5em 0px; color: rgb(0, 0, 0); font-family: Verdana, Tahoma, &quot;DejaVu Sans&quot;, sans-serif; font-size: 14px;\">En la secci\u00f3n nocturna se cont\u00f3 con la participaci\u00f3n del Licenciado Juan Carlos Monterrey, actual Director Nacional de Cambio Clim\u00e1tico del Ministerio de Ambiente, quien&nbsp;present\u00f3 el tema: \u00abTrabajando juntos para un Azuero m\u00e1s verde\u00bb.<\/p><p style=\"margin: 1.5em 0px; color: rgb(0, 0, 0); font-family: Verdana, Tahoma, &quot;DejaVu Sans&quot;, sans-serif; font-size: 14px;\">Este congreso se convierte en un espacio donde se propicia la actualizaci\u00f3n y aprendizaje, no solo para estudiantes y profesionales que desean mantenerse a la vanguardia, sino para todos los miembros de la comunidad, conscientes de que en el desarrollo cient\u00edfico y tecnol\u00f3gico de un pa\u00eds se logra el progreso econ\u00f3mico del mismo.<\/p><p style=\"margin: 1.5em 0px; color: rgb(0, 0, 0); font-family: Verdana, Tahoma, &quot;DejaVu Sans&quot;, sans-serif; font-size: 14px;\">La investigaci\u00f3n, la innovaci\u00f3n y el emprendimiento impactan en gran medida el nivel de desarrollo de un pa\u00eds y el nivel de bienestar de los ciudadanos. La UTP, instituci\u00f3n de ense\u00f1anza superior, consciente de su rol en la sociedad, estimulan precisamente el desarrollo cient\u00edfico, educativo, de emprendimiento e innovaci\u00f3n, que impacten directamente su entorno.<\/p>\t\t\t\t\t\t\t\t<\/div>\n\t\t\t\t<\/div>\n\t\t\t\t\t<\/div>\n\t\t<\/div>\n\t\t\t\t\t<\/div>\n\t\t<\/section>\n\t\t\t\t<section class=\"elementor-section elementor-top-section elementor-element elementor-element-95d8495 elementor-section-boxed elementor-section-height-default elementor-section-height-default\" data-id=\"95d8495\" data-element_type=\"section\">\n\t\t\t\t\t\t<div class=\"elementor-container elementor-column-gap-default\">\n\t\t\t\t\t<div class=\"elementor-column elementor-col-50 elementor-top-column elementor-element elementor-element-b203b3a\" data-id=\"b203b3a\" data-element_type=\"column\">\n\t\t\t<div class=\"elementor-widget-wrap elementor-element-populated\">\n\t\t\t\t\t\t<div class=\"elementor-element elementor-element-1b0644a elementor-widget elementor-widget-image\" data-id=\"1b0644a\" data-element_type=\"widget\" data-widget_type=\"image.default\">\n\t\t\t\t<div class=\"elementor-widget-container\">\n\t\t\t\t\t\t\t\t\t\t\t\t\t\t\t<img fetchpriority=\"high\" decoding=\"async\" width=\"1024\" height=\"683\" src=\"https:\/\/fablabazuero.utp.ac.pa\/wp-content\/uploads\/2025\/01\/foto_1_21-1024x683.jpg\" class=\"attachment-large size-large wp-image-1637\" alt=\"\" srcset=\"https:\/\/fablabazuero.utp.ac.pa\/wp-content\/uploads\/2025\/01\/foto_1_21-1024x683.jpg 1024w, https:\/\/fablabazuero.utp.ac.pa\/wp-content\/uploads\/2025\/01\/foto_1_21-300x200.jpg 300w, https:\/\/fablabazuero.utp.ac.pa\/wp-content\/uploads\/2025\/01\/foto_1_21-768x512.jpg 768w, https:\/\/fablabazuero.utp.ac.pa\/wp-content\/uploads\/2025\/01\/foto_1_21.jpg 1500w\" sizes=\"(max-width: 1024px) 100vw, 1024px\" \/>\t\t\t\t\t\t\t\t\t\t\t\t\t\t\t<\/div>\n\t\t\t\t<\/div>\n\t\t\t\t\t<\/div>\n\t\t<\/div>\n\t\t\t\t<div class=\"elementor-column elementor-col-50 elementor-top-column elementor-element elementor-element-d6c655d\" data-id=\"d6c655d\" data-element_type=\"column\">\n\t\t\t<div class=\"elementor-widget-wrap elementor-element-populated\">\n\t\t\t\t\t\t<div class=\"elementor-element elementor-element-44f39e5 elementor-widget elementor-widget-image\" data-id=\"44f39e5\" data-element_type=\"widget\" data-widget_type=\"image.default\">\n\t\t\t\t<div class=\"elementor-widget-container\">\n\t\t\t\t\t\t\t\t\t\t\t\t\t\t\t<img decoding=\"async\" width=\"1024\" height=\"683\" src=\"https:\/\/fablabazuero.utp.ac.pa\/wp-content\/uploads\/2025\/01\/primera_adicional.jpg\" class=\"attachment-large size-large wp-image-1638\" alt=\"\" srcset=\"https:\/\/fablabazuero.utp.ac.pa\/wp-content\/uploads\/2025\/01\/primera_adicional.jpg 1024w, https:\/\/fablabazuero.utp.ac.pa\/wp-content\/uploads\/2025\/01\/primera_adicional-300x200.jpg 300w, https:\/\/fablabazuero.utp.ac.pa\/wp-content\/uploads\/2025\/01\/primera_adicional-768x512.jpg 768w\" sizes=\"(max-width: 1024px) 100vw, 1024px\" \/>\t\t\t\t\t\t\t\t\t\t\t\t\t\t\t<\/div>\n\t\t\t\t<\/div>\n\t\t\t\t\t<\/div>\n\t\t<\/div>\n\t\t\t\t\t<\/div>\n\t\t<\/section>\n\t\t\t\t<\/div>\n\t\t","protected":false},"excerpt":{"rendered":"<p>Centro Regional de Azuero realiza XI Congreso de Ingenier\u00eda El Centro Regional de Azuero de la Universidad Tecnol\u00f3gica de Panam\u00e1 (UTP), bajo el lema: \u00abTecnolog\u00edas Disruptivas e Investigaci\u00f3n Aplicada al Servicio del Emprendimiento y de la Innovaci\u00f3n\u00bb&nbsp;realiz\u00f3 su inauguraci\u00f3n el 17 de septiembre de 2024 en la Sala de Conferencias del Centro Regional de Azuero. [&hellip;]<\/p>\n","protected":false},"author":2,"featured_media":0,"parent":0,"menu_order":0,"comment_status":"closed","ping_status":"closed","template":"","meta":{"saved_in_kubio":false,"footnotes":""},"class_list":["post-1635","page","type-page","status-publish","hentry"],"kubio_ai_page_context":{"short_desc":"","purpose":"general"},"_links":{"self":[{"href":"https:\/\/fablabazuero.utp.ac.pa\/index.php?rest_route=\/wp\/v2\/pages\/1635","targetHints":{"allow":["GET"]}}],"collection":[{"href":"https:\/\/fablabazuero.utp.ac.pa\/index.php?rest_route=\/wp\/v2\/pages"}],"about":[{"href":"https:\/\/fablabazuero.utp.ac.pa\/index.php?rest_route=\/wp\/v2\/types\/page"}],"author":[{"embeddable":true,"href":"https:\/\/fablabazuero.utp.ac.pa\/index.php?rest_route=\/wp\/v2\/users\/2"}],"replies":[{"embeddable":true,"href":"https:\/\/fablabazuero.utp.ac.pa\/index.php?rest_route=%2Fwp%2Fv2%2Fcomments&post=1635"}],"version-history":[{"count":4,"href":"https:\/\/fablabazuero.utp.ac.pa\/index.php?rest_route=\/wp\/v2\/pages\/1635\/revisions"}],"predecessor-version":[{"id":1641,"href":"https:\/\/fablabazuero.utp.ac.pa\/index.php?rest_route=\/wp\/v2\/pages\/1635\/revisions\/1641"}],"wp:attachment":[{"href":"https:\/\/fablabazuero.utp.ac.pa\/index.php?rest_route=%2Fwp%2Fv2%2Fmedia&parent=1635"}],"curies":[{"name":"wp","href":"https:\/\/api.w.org\/{rel}","templated":true}]}}