{"id":837,"date":"2022-05-24T15:22:00","date_gmt":"2022-05-24T20:22:00","guid":{"rendered":"http:\/\/fablabazuero.utp.ac.pa\/?page_id=837"},"modified":"2022-05-24T15:23:37","modified_gmt":"2022-05-24T20:23:37","slug":"noticia1","status":"publish","type":"page","link":"https:\/\/fablabazuero.utp.ac.pa\/?page_id=837","title":{"rendered":"Noticia1"},"content":{"rendered":"\t\t<div data-elementor-type=\"wp-page\" data-elementor-id=\"837\" class=\"elementor elementor-837\">\n\t\t\t\t\t\t<section class=\"elementor-section elementor-top-section elementor-element elementor-element-ad4cf05 elementor-section-boxed elementor-section-height-default elementor-section-height-default\" data-id=\"ad4cf05\" data-element_type=\"section\">\n\t\t\t\t\t\t<div class=\"elementor-container elementor-column-gap-default\">\n\t\t\t\t\t<div class=\"elementor-column elementor-col-100 elementor-top-column elementor-element elementor-element-1dff850\" data-id=\"1dff850\" data-element_type=\"column\">\n\t\t\t<div class=\"elementor-widget-wrap elementor-element-populated\">\n\t\t\t\t\t\t<div class=\"elementor-element elementor-element-04097f6 elementor-widget elementor-widget-heading\" data-id=\"04097f6\" data-element_type=\"widget\" data-widget_type=\"heading.default\">\n\t\t\t\t<div class=\"elementor-widget-container\">\n\t\t\t\t\t<h2 class=\"elementor-heading-title elementor-size-default\">Inauguran FABLAB UTP Azuero<\/h2>\t\t\t\t<\/div>\n\t\t\t\t<\/div>\n\t\t\t\t\t<\/div>\n\t\t<\/div>\n\t\t\t\t\t<\/div>\n\t\t<\/section>\n\t\t\t\t<section class=\"elementor-section elementor-top-section elementor-element elementor-element-2f74bf0 elementor-section-boxed elementor-section-height-default elementor-section-height-default\" data-id=\"2f74bf0\" data-element_type=\"section\">\n\t\t\t\t\t\t<div class=\"elementor-container elementor-column-gap-default\">\n\t\t\t\t\t<div class=\"elementor-column elementor-col-100 elementor-top-column elementor-element elementor-element-5d8e40e\" data-id=\"5d8e40e\" data-element_type=\"column\">\n\t\t\t<div class=\"elementor-widget-wrap elementor-element-populated\">\n\t\t\t\t\t\t<div class=\"elementor-element elementor-element-f1befe0 elementor-widget elementor-widget-image\" data-id=\"f1befe0\" data-element_type=\"widget\" data-widget_type=\"image.default\">\n\t\t\t\t<div class=\"elementor-widget-container\">\n\t\t\t\t\t\t\t\t\t\t\t\t\t\t\t<img fetchpriority=\"high\" decoding=\"async\" width=\"768\" height=\"432\" src=\"https:\/\/fablabazuero.utp.ac.pa\/wp-content\/uploads\/2022\/03\/inauguracionfablab-768x432.jpg\" class=\"attachment-medium_large size-medium_large wp-image-704\" alt=\"\" srcset=\"https:\/\/fablabazuero.utp.ac.pa\/wp-content\/uploads\/2022\/03\/inauguracionfablab-768x432.jpg 768w, https:\/\/fablabazuero.utp.ac.pa\/wp-content\/uploads\/2022\/03\/inauguracionfablab-300x169.jpg 300w, https:\/\/fablabazuero.utp.ac.pa\/wp-content\/uploads\/2022\/03\/inauguracionfablab-1024x576.jpg 1024w, https:\/\/fablabazuero.utp.ac.pa\/wp-content\/uploads\/2022\/03\/inauguracionfablab.jpg 1366w\" sizes=\"(max-width: 768px) 100vw, 768px\" \/>\t\t\t\t\t\t\t\t\t\t\t\t\t\t\t<\/div>\n\t\t\t\t<\/div>\n\t\t\t\t\t<\/div>\n\t\t<\/div>\n\t\t\t\t\t<\/div>\n\t\t<\/section>\n\t\t\t\t<section class=\"elementor-section elementor-top-section elementor-element elementor-element-8834ed5 elementor-section-boxed elementor-section-height-default elementor-section-height-default\" data-id=\"8834ed5\" data-element_type=\"section\">\n\t\t\t\t\t\t<div class=\"elementor-container elementor-column-gap-default\">\n\t\t\t\t\t<div class=\"elementor-column elementor-col-100 elementor-top-column elementor-element elementor-element-096053d\" data-id=\"096053d\" data-element_type=\"column\">\n\t\t\t<div class=\"elementor-widget-wrap elementor-element-populated\">\n\t\t\t\t\t\t<div class=\"elementor-element elementor-element-212ab2b elementor-widget elementor-widget-text-editor\" data-id=\"212ab2b\" data-element_type=\"widget\" data-widget_type=\"text-editor.default\">\n\t\t\t\t<div class=\"elementor-widget-container\">\n\t\t\t\t\t\t\t\t\t<p>El FABLAB UTP Azuero es un proyecto que consiste en la instalaci\u00f3n y puesta en marcha de un Laboratorio de Prototipado y Manufactura Digital, en el marco del Programa Nacional de Fabricaci\u00f3n Digital y Cultura Maker de Infoplazas AIP. El FABLAB UTP Azuero pretende prestar servicios de asesor\u00eda t\u00e9cnica, as\u00ed como cursos y talleres de certificaci\u00f3n en el uso de equipos de fabricaci\u00f3n con el fin de generar capacidades t\u00e9cnicas en la comunidad de la regi\u00f3n, desde estudiantes, profesores, administrativos e investigadores, as\u00ed como a emprendedores y p\u00fablico de la comunidad en general.\u00a0 La inauguraci\u00f3n del FABLAB UTP Azuero se llev\u00f3 a cabo el d\u00eda 26 de noviembre de 2021 en presencia de autoridades de la UTP, de Infoplazas AIP y del Secretario Nacional de SENACYT, el Dr. Eduardo Ortega.<\/p>\t\t\t\t\t\t\t\t<\/div>\n\t\t\t\t<\/div>\n\t\t\t\t\t<\/div>\n\t\t<\/div>\n\t\t\t\t\t<\/div>\n\t\t<\/section>\n\t\t\t\t<\/div>\n\t\t","protected":false},"excerpt":{"rendered":"<p>Inauguran FABLAB UTP Azuero El FABLAB UTP Azuero es un proyecto que consiste en la instalaci\u00f3n y puesta en marcha de un Laboratorio de Prototipado y Manufactura Digital, en el marco del Programa Nacional de Fabricaci\u00f3n Digital y Cultura Maker de Infoplazas AIP. El FABLAB UTP Azuero pretende prestar servicios de asesor\u00eda t\u00e9cnica, as\u00ed como [&hellip;]<\/p>\n","protected":false},"author":1,"featured_media":0,"parent":0,"menu_order":0,"comment_status":"closed","ping_status":"closed","template":"","meta":{"saved_in_kubio":false,"footnotes":""},"class_list":["post-837","page","type-page","status-publish","hentry"],"kubio_ai_page_context":{"short_desc":"","purpose":"general"},"_links":{"self":[{"href":"https:\/\/fablabazuero.utp.ac.pa\/index.php?rest_route=\/wp\/v2\/pages\/837","targetHints":{"allow":["GET"]}}],"collection":[{"href":"https:\/\/fablabazuero.utp.ac.pa\/index.php?rest_route=\/wp\/v2\/pages"}],"about":[{"href":"https:\/\/fablabazuero.utp.ac.pa\/index.php?rest_route=\/wp\/v2\/types\/page"}],"author":[{"embeddable":true,"href":"https:\/\/fablabazuero.utp.ac.pa\/index.php?rest_route=\/wp\/v2\/users\/1"}],"replies":[{"embeddable":true,"href":"https:\/\/fablabazuero.utp.ac.pa\/index.php?rest_route=%2Fwp%2Fv2%2Fcomments&post=837"}],"version-history":[{"count":4,"href":"https:\/\/fablabazuero.utp.ac.pa\/index.php?rest_route=\/wp\/v2\/pages\/837\/revisions"}],"predecessor-version":[{"id":841,"href":"https:\/\/fablabazuero.utp.ac.pa\/index.php?rest_route=\/wp\/v2\/pages\/837\/revisions\/841"}],"wp:attachment":[{"href":"https:\/\/fablabazuero.utp.ac.pa\/index.php?rest_route=%2Fwp%2Fv2%2Fmedia&parent=837"}],"curies":[{"name":"wp","href":"https:\/\/api.w.org\/{rel}","templated":true}]}}