{"id":951,"date":"2024-01-15T09:34:30","date_gmt":"2024-01-15T14:34:30","guid":{"rendered":"https:\/\/fablabazuero.utp.ac.pa\/?page_id=951"},"modified":"2024-01-15T09:37:22","modified_gmt":"2024-01-15T14:37:22","slug":"elementor-951","status":"publish","type":"page","link":"https:\/\/fablabazuero.utp.ac.pa\/?page_id=951","title":{"rendered":"Noticia-1"},"content":{"rendered":"\t\t<div data-elementor-type=\"wp-page\" data-elementor-id=\"951\" class=\"elementor elementor-951\">\n\t\t\t\t\t\t<section class=\"elementor-section elementor-top-section elementor-element elementor-element-3407a67 elementor-section-boxed elementor-section-height-default elementor-section-height-default\" data-id=\"3407a67\" data-element_type=\"section\">\n\t\t\t\t\t\t<div class=\"elementor-container elementor-column-gap-default\">\n\t\t\t\t\t<div class=\"elementor-column elementor-col-100 elementor-top-column elementor-element elementor-element-3a8fdf0\" data-id=\"3a8fdf0\" data-element_type=\"column\">\n\t\t\t<div class=\"elementor-widget-wrap elementor-element-populated\">\n\t\t\t\t\t\t<div class=\"elementor-element elementor-element-6e20f0c elementor-widget elementor-widget-heading\" data-id=\"6e20f0c\" data-element_type=\"widget\" data-widget_type=\"heading.default\">\n\t\t\t\t<div class=\"elementor-widget-container\">\n\t\t\t\t\t<h2 class=\"elementor-heading-title elementor-size-default\">FABLAB UTP Azuero participa en el Lanzamiento de la Red Nacional de Fabricaci\u00f3n Digital<\/h2>\t\t\t\t<\/div>\n\t\t\t\t<\/div>\n\t\t\t\t\t<\/div>\n\t\t<\/div>\n\t\t\t\t\t<\/div>\n\t\t<\/section>\n\t\t\t\t<section class=\"elementor-section elementor-top-section elementor-element elementor-element-d5b9b91 elementor-section-boxed elementor-section-height-default elementor-section-height-default\" data-id=\"d5b9b91\" data-element_type=\"section\">\n\t\t\t\t\t\t<div class=\"elementor-container elementor-column-gap-default\">\n\t\t\t\t\t<div class=\"elementor-column elementor-col-100 elementor-top-column elementor-element elementor-element-156bd3e\" data-id=\"156bd3e\" data-element_type=\"column\">\n\t\t\t<div class=\"elementor-widget-wrap elementor-element-populated\">\n\t\t\t\t\t\t<div class=\"elementor-element elementor-element-8766e88 elementor-widget elementor-widget-text-editor\" data-id=\"8766e88\" data-element_type=\"widget\" data-widget_type=\"text-editor.default\">\n\t\t\t\t<div class=\"elementor-widget-container\">\n\t\t\t\t\t\t\t\t\t<p><strong>\u00a0<\/strong><\/p><p>El 12 de septiembre de 2023 se llev\u00f3 a cabo el Lanzamiento de la Red Nacional de Fabricaci\u00f3n Digital, con el objetivo de brindar informaci\u00f3n sobre los laboratorios de fabricaci\u00f3n digital (FabLabs) y su impacto socioecon\u00f3mico en nuestro pa\u00eds. Este evento se llev\u00f3 a cabo en el Hotel El Panam\u00e1, el 12 de septiembre, con participaci\u00f3n de los 4 FABLAB de la red, as\u00ed como universidades y empresas que se benefician de los servicios ofrecidos por estos. Por parte del Centro Regional de Azuero, participaron de este evento miembros del FABLAB UTP Azuero, as\u00ed como la Lic. Larissa V\u00e1squez, responsable de la Unidad de Gesti\u00f3n y de Transferencia de Conocimiento del Centro Regional de Azuero de la UTP y la Lic. Eny Serrano por parte de la Subdirecci\u00f3n de Investigaci\u00f3n, Postgrado y Extensi\u00f3n.<\/p><p>En este evento el FABLAB UTP Azuero present\u00f3 los proyectos desarrollados en el mismo, as\u00ed como los avances del proyecto: \u201cAdquisici\u00f3n de equipos para el FABLAB UTP Azuero, Universidad Tecnol\u00f3gica de Panam\u00e1 DINE 68-2022\u201d, el cual cuenta con financiamiento de SENACYT, gracias a la Convocatoria P\u00fablica para proyectos de innovaci\u00f3n empresarial de la Direcci\u00f3n de Innovaci\u00f3n de SENACYT.<\/p><p>La Universidad Tecnol\u00f3gica de Panam\u00e1 (UTP) tiene el compromiso de aportar en el fortalecimiento y generaci\u00f3n de capacidades necesarias para el desarrollo de su entorno. Es as\u00ed como en el Centro Regional de Azuero de la UTP, como parte del v\u00ednculo que mantiene con la comunidad, a trav\u00e9s del Laboratorio de Prototipado y de Fabricaci\u00f3n Digital, FABLAB UTP Azuero y de la Oficina de Gesti\u00f3n y de Transferencia de Conocimiento (UGTC Azuero), fomentan y promueven actividades orientadas a la asesor\u00eda y desarrollo de proyectos de innovaci\u00f3n e investigaci\u00f3n, generaci\u00f3n de capacidades locales, as\u00ed como el desarrollo de ideas de negocios, la creaci\u00f3n de empresas de bases tecnol\u00f3gicas, la protecci\u00f3n del conocimiento, la vinculaci\u00f3n con actores claves del entorno local e internacional y la transferencia de resultados producto del conocimiento. La sinergia entre el FABLAB UTP Azuero y la UGTC Azuero es vital para incentivar el emprendimiento y la innovaci\u00f3n.<\/p>\t\t\t\t\t\t\t\t<\/div>\n\t\t\t\t<\/div>\n\t\t\t\t\t<\/div>\n\t\t<\/div>\n\t\t\t\t\t<\/div>\n\t\t<\/section>\n\t\t\t\t<section class=\"elementor-section elementor-top-section elementor-element elementor-element-ae9a108 elementor-section-boxed elementor-section-height-default elementor-section-height-default\" data-id=\"ae9a108\" data-element_type=\"section\">\n\t\t\t\t\t\t<div class=\"elementor-container elementor-column-gap-default\">\n\t\t\t\t\t<div class=\"elementor-column elementor-col-100 elementor-top-column elementor-element elementor-element-0a75ad9\" data-id=\"0a75ad9\" data-element_type=\"column\">\n\t\t\t<div class=\"elementor-widget-wrap elementor-element-populated\">\n\t\t\t\t\t\t<div class=\"elementor-element elementor-element-cd9990d elementor-widget elementor-widget-image\" data-id=\"cd9990d\" data-element_type=\"widget\" data-widget_type=\"image.default\">\n\t\t\t\t<div class=\"elementor-widget-container\">\n\t\t\t\t\t\t\t\t\t\t\t\t\t\t\t<img fetchpriority=\"high\" decoding=\"async\" width=\"461\" height=\"445\" src=\"https:\/\/fablabazuero.utp.ac.pa\/wp-content\/uploads\/2024\/01\/Noticia1-e1705333392788.png\" class=\"attachment-large size-large wp-image-943\" alt=\"\" srcset=\"https:\/\/fablabazuero.utp.ac.pa\/wp-content\/uploads\/2024\/01\/Noticia1-e1705333392788.png 461w, https:\/\/fablabazuero.utp.ac.pa\/wp-content\/uploads\/2024\/01\/Noticia1-e1705333392788-300x290.png 300w\" sizes=\"(max-width: 461px) 100vw, 461px\" \/>\t\t\t\t\t\t\t\t\t\t\t\t\t\t\t<\/div>\n\t\t\t\t<\/div>\n\t\t\t\t\t<\/div>\n\t\t<\/div>\n\t\t\t\t\t<\/div>\n\t\t<\/section>\n\t\t\t\t<\/div>\n\t\t","protected":false},"excerpt":{"rendered":"<p>FABLAB UTP Azuero participa en el Lanzamiento de la Red Nacional de Fabricaci\u00f3n Digital \u00a0 El 12 de septiembre de 2023 se llev\u00f3 a cabo el Lanzamiento de la Red Nacional de Fabricaci\u00f3n Digital, con el objetivo de brindar informaci\u00f3n sobre los laboratorios de fabricaci\u00f3n digital (FabLabs) y su impacto socioecon\u00f3mico en nuestro pa\u00eds. Este [&hellip;]<\/p>\n","protected":false},"author":1,"featured_media":0,"parent":0,"menu_order":0,"comment_status":"closed","ping_status":"closed","template":"","meta":{"saved_in_kubio":false,"footnotes":""},"class_list":["post-951","page","type-page","status-publish","hentry"],"kubio_ai_page_context":{"short_desc":"","purpose":"general"},"_links":{"self":[{"href":"https:\/\/fablabazuero.utp.ac.pa\/index.php?rest_route=\/wp\/v2\/pages\/951","targetHints":{"allow":["GET"]}}],"collection":[{"href":"https:\/\/fablabazuero.utp.ac.pa\/index.php?rest_route=\/wp\/v2\/pages"}],"about":[{"href":"https:\/\/fablabazuero.utp.ac.pa\/index.php?rest_route=\/wp\/v2\/types\/page"}],"author":[{"embeddable":true,"href":"https:\/\/fablabazuero.utp.ac.pa\/index.php?rest_route=\/wp\/v2\/users\/1"}],"replies":[{"embeddable":true,"href":"https:\/\/fablabazuero.utp.ac.pa\/index.php?rest_route=%2Fwp%2Fv2%2Fcomments&post=951"}],"version-history":[{"count":5,"href":"https:\/\/fablabazuero.utp.ac.pa\/index.php?rest_route=\/wp\/v2\/pages\/951\/revisions"}],"predecessor-version":[{"id":956,"href":"https:\/\/fablabazuero.utp.ac.pa\/index.php?rest_route=\/wp\/v2\/pages\/951\/revisions\/956"}],"wp:attachment":[{"href":"https:\/\/fablabazuero.utp.ac.pa\/index.php?rest_route=%2Fwp%2Fv2%2Fmedia&parent=951"}],"curies":[{"name":"wp","href":"https:\/\/api.w.org\/{rel}","templated":true}]}}