{"id":976,"date":"2024-01-15T10:20:33","date_gmt":"2024-01-15T15:20:33","guid":{"rendered":"https:\/\/fablabazuero.utp.ac.pa\/?page_id=976"},"modified":"2024-01-15T10:26:17","modified_gmt":"2024-01-15T15:26:17","slug":"noticia-2","status":"publish","type":"page","link":"https:\/\/fablabazuero.utp.ac.pa\/?page_id=976","title":{"rendered":"Noticia-2"},"content":{"rendered":"\t\t<div data-elementor-type=\"wp-page\" data-elementor-id=\"976\" class=\"elementor elementor-976\">\n\t\t\t\t\t\t<section class=\"elementor-section elementor-top-section elementor-element elementor-element-2dd9a16 elementor-section-boxed elementor-section-height-default elementor-section-height-default\" data-id=\"2dd9a16\" data-element_type=\"section\">\n\t\t\t\t\t\t<div class=\"elementor-container elementor-column-gap-default\">\n\t\t\t\t\t<div class=\"elementor-column elementor-col-100 elementor-top-column elementor-element elementor-element-94cdc89\" data-id=\"94cdc89\" data-element_type=\"column\">\n\t\t\t<div class=\"elementor-widget-wrap elementor-element-populated\">\n\t\t\t\t\t\t<div class=\"elementor-element elementor-element-efc4e4a elementor-widget elementor-widget-heading\" data-id=\"efc4e4a\" data-element_type=\"widget\" data-widget_type=\"heading.default\">\n\t\t\t\t<div class=\"elementor-widget-container\">\n\t\t\t\t\t<h2 class=\"elementor-heading-title elementor-size-default\">Proyectos UTP Azuero -  FABLAB UTP Azuero participan en APANAC 2023<\/h2>\t\t\t\t<\/div>\n\t\t\t\t<\/div>\n\t\t\t\t\t<\/div>\n\t\t<\/div>\n\t\t\t\t\t<\/div>\n\t\t<\/section>\n\t\t\t\t<section class=\"elementor-section elementor-top-section elementor-element elementor-element-68f7cde elementor-section-boxed elementor-section-height-default elementor-section-height-default\" data-id=\"68f7cde\" data-element_type=\"section\">\n\t\t\t\t\t\t<div class=\"elementor-container elementor-column-gap-default\">\n\t\t\t\t\t<div class=\"elementor-column elementor-col-100 elementor-top-column elementor-element elementor-element-a3c4d37\" data-id=\"a3c4d37\" data-element_type=\"column\">\n\t\t\t<div class=\"elementor-widget-wrap elementor-element-populated\">\n\t\t\t\t\t\t<div class=\"elementor-element elementor-element-60ed9f5 elementor-widget elementor-widget-text-editor\" data-id=\"60ed9f5\" data-element_type=\"widget\" data-widget_type=\"text-editor.default\">\n\t\t\t\t<div class=\"elementor-widget-container\">\n\t\t\t\t\t\t\t\t\t<p>Estudiantes, docentes e investigadores del Centro Regional de Azuero de la UTP participaron del en el XIX Congreso Nacional de Ciencia y Tecnolog\u00eda APANAC 2023, evento que se llev\u00f3 a cabo del 27 al 29 de septiembre de 2023, en Ciudad de Panam\u00e1. La delegaci\u00f3n de UTP Azuero particip\u00f3 de las diferentes actividades que se realizaron en el marco del Congreso: JIC final 2023, presentaciones de posters y presentaciones orales.<\/p><p>Concretamente, el FABLAB UTP Azuero apoyo en el proyecto: Dise\u00f1o, construcci\u00f3n y validaci\u00f3n de un prototipo que mantenga la temperatura constante y reduzca la humedad durante el proceso de secado de filamento PLA, desarrollado por los estudiantes: Virna Montenegro, Roberto Calder\u00f3n, asesorado por el Dr. Domingo Vega<\/p>\t\t\t\t\t\t\t\t<\/div>\n\t\t\t\t<\/div>\n\t\t\t\t\t<\/div>\n\t\t<\/div>\n\t\t\t\t\t<\/div>\n\t\t<\/section>\n\t\t\t\t<section class=\"elementor-section elementor-top-section elementor-element elementor-element-93bf00e elementor-section-boxed elementor-section-height-default elementor-section-height-default\" data-id=\"93bf00e\" data-element_type=\"section\">\n\t\t\t\t\t\t<div class=\"elementor-container elementor-column-gap-default\">\n\t\t\t\t\t<div class=\"elementor-column elementor-col-100 elementor-top-column elementor-element elementor-element-5ff0a25\" data-id=\"5ff0a25\" data-element_type=\"column\">\n\t\t\t<div class=\"elementor-widget-wrap elementor-element-populated\">\n\t\t\t\t\t\t<div class=\"elementor-element elementor-element-59dbd72 elementor-widget elementor-widget-image\" data-id=\"59dbd72\" data-element_type=\"widget\" data-widget_type=\"image.default\">\n\t\t\t\t<div class=\"elementor-widget-container\">\n\t\t\t\t\t\t\t\t\t\t\t\t\t\t\t<img fetchpriority=\"high\" decoding=\"async\" width=\"464\" height=\"289\" src=\"https:\/\/fablabazuero.utp.ac.pa\/wp-content\/uploads\/2024\/01\/Noticia2.png\" class=\"attachment-large size-large wp-image-970\" alt=\"\" srcset=\"https:\/\/fablabazuero.utp.ac.pa\/wp-content\/uploads\/2024\/01\/Noticia2.png 464w, https:\/\/fablabazuero.utp.ac.pa\/wp-content\/uploads\/2024\/01\/Noticia2-300x187.png 300w\" sizes=\"(max-width: 464px) 100vw, 464px\" \/>\t\t\t\t\t\t\t\t\t\t\t\t\t\t\t<\/div>\n\t\t\t\t<\/div>\n\t\t\t\t\t<\/div>\n\t\t<\/div>\n\t\t\t\t\t<\/div>\n\t\t<\/section>\n\t\t\t\t<section class=\"elementor-section elementor-top-section elementor-element elementor-element-e4f3967 elementor-section-boxed elementor-section-height-default elementor-section-height-default\" data-id=\"e4f3967\" data-element_type=\"section\">\n\t\t\t\t\t\t<div class=\"elementor-container elementor-column-gap-default\">\n\t\t\t\t\t<div class=\"elementor-column elementor-col-100 elementor-top-column elementor-element elementor-element-3500e5e\" data-id=\"3500e5e\" data-element_type=\"column\">\n\t\t\t<div class=\"elementor-widget-wrap elementor-element-populated\">\n\t\t\t\t\t\t<div class=\"elementor-element elementor-element-63610b6 elementor-widget elementor-widget-text-editor\" data-id=\"63610b6\" data-element_type=\"widget\" data-widget_type=\"text-editor.default\">\n\t\t\t\t<div class=\"elementor-widget-container\">\n\t\t\t\t\t\t\t\t\t<p>Tambi\u00e9n la Dra. Mar\u00edn asesor\u00f3 el proyecto en la Facultad de Ingenier\u00eda Mec\u00e1nica: Estudio de un material compuesto a base de cascarilla de arroz y papel peri\u00f3dico reciclado, pegamento blanco y bor\u00e1x. Estudiantes: Sergio Gonz\u00e1lez y Dayana Saavedra, estudiantes de Licenciatura en Ingenier\u00eda Mec\u00e1nica y Licenciatura en Ingenier\u00eda Civil, respectivamente. Este proyecto ha sido desarrollado con apoyo del FABLAB UTP Azuero, en lo que se refiere a la fabricaci\u00f3n de moldes.<\/p>\t\t\t\t\t\t\t\t<\/div>\n\t\t\t\t<\/div>\n\t\t\t\t\t<\/div>\n\t\t<\/div>\n\t\t\t\t\t<\/div>\n\t\t<\/section>\n\t\t\t\t<section class=\"elementor-section elementor-top-section elementor-element elementor-element-671194f elementor-section-boxed elementor-section-height-default elementor-section-height-default\" data-id=\"671194f\" data-element_type=\"section\">\n\t\t\t\t\t\t<div class=\"elementor-container elementor-column-gap-default\">\n\t\t\t\t\t<div class=\"elementor-column elementor-col-100 elementor-top-column elementor-element elementor-element-4554c70\" data-id=\"4554c70\" data-element_type=\"column\">\n\t\t\t<div class=\"elementor-widget-wrap elementor-element-populated\">\n\t\t\t\t\t\t<div class=\"elementor-element elementor-element-ad99db1 elementor-widget elementor-widget-image\" data-id=\"ad99db1\" data-element_type=\"widget\" data-widget_type=\"image.default\">\n\t\t\t\t<div class=\"elementor-widget-container\">\n\t\t\t\t\t\t\t\t\t\t\t\t\t\t\t<img decoding=\"async\" width=\"501\" height=\"335\" src=\"https:\/\/fablabazuero.utp.ac.pa\/wp-content\/uploads\/2024\/01\/Noticia3.png\" class=\"attachment-large size-large wp-image-971\" alt=\"\" srcset=\"https:\/\/fablabazuero.utp.ac.pa\/wp-content\/uploads\/2024\/01\/Noticia3.png 501w, https:\/\/fablabazuero.utp.ac.pa\/wp-content\/uploads\/2024\/01\/Noticia3-300x201.png 300w\" sizes=\"(max-width: 501px) 100vw, 501px\" \/>\t\t\t\t\t\t\t\t\t\t\t\t\t\t\t<\/div>\n\t\t\t\t<\/div>\n\t\t\t\t\t<\/div>\n\t\t<\/div>\n\t\t\t\t\t<\/div>\n\t\t<\/section>\n\t\t\t\t<section class=\"elementor-section elementor-top-section elementor-element elementor-element-f44152d elementor-section-boxed elementor-section-height-default elementor-section-height-default\" data-id=\"f44152d\" data-element_type=\"section\">\n\t\t\t\t\t\t<div class=\"elementor-container elementor-column-gap-default\">\n\t\t\t\t\t<div class=\"elementor-column elementor-col-100 elementor-top-column elementor-element elementor-element-ed5d8ee\" data-id=\"ed5d8ee\" data-element_type=\"column\">\n\t\t\t<div class=\"elementor-widget-wrap elementor-element-populated\">\n\t\t\t\t\t\t<div class=\"elementor-element elementor-element-533e489 elementor-widget elementor-widget-text-editor\" data-id=\"533e489\" data-element_type=\"widget\" data-widget_type=\"text-editor.default\">\n\t\t\t\t<div class=\"elementor-widget-container\">\n\t\t\t\t\t\t\t\t\t<p>La Dra. Nacar\u00ed Mar\u00edn present\u00f3 el trabajo \u201cAvances en el aprovechamiento de fibras naturales y papel reciclado como materiales aislantes t\u00e9rmicos\u201d, en el XIX Congreso Nacional de Ciencia y Tecnolog\u00eda APANAC 2023. Este trabajo fue presentado en la secci\u00f3n t\u00e9cnica de ingenier\u00eda. Se presentaron los avances en el desarrollo de materiales, en la Universidad Tecnol\u00f3gica de Panam\u00e1, Centro Regional de Azuero, Facultades de Ingenier\u00eda Mec\u00e1nica e Ingenier\u00eda El\u00e9ctrica, como parte de las l\u00edneas de investigaci\u00f3n de Manufactura y Materiales y de Energ\u00eda y Ambiente.<\/p><p>Los autores de esta presentaci\u00f3n son Nacar\u00ed Mar\u00edn, Sergio Gonz\u00e1lez, Aristides Quintero y Adalberto Nieto.<\/p>\t\t\t\t\t\t\t\t<\/div>\n\t\t\t\t<\/div>\n\t\t\t\t\t<\/div>\n\t\t<\/div>\n\t\t\t\t\t<\/div>\n\t\t<\/section>\n\t\t\t\t<section class=\"elementor-section elementor-top-section elementor-element elementor-element-737b3b0 elementor-section-boxed elementor-section-height-default elementor-section-height-default\" data-id=\"737b3b0\" data-element_type=\"section\">\n\t\t\t\t\t\t<div class=\"elementor-container elementor-column-gap-default\">\n\t\t\t\t\t<div class=\"elementor-column elementor-col-100 elementor-top-column elementor-element elementor-element-a99c031\" data-id=\"a99c031\" data-element_type=\"column\">\n\t\t\t<div class=\"elementor-widget-wrap elementor-element-populated\">\n\t\t\t\t\t\t<div class=\"elementor-element elementor-element-5c7e510 elementor-widget elementor-widget-image\" data-id=\"5c7e510\" data-element_type=\"widget\" data-widget_type=\"image.default\">\n\t\t\t\t<div class=\"elementor-widget-container\">\n\t\t\t\t\t\t\t\t\t\t\t\t\t\t\t<img decoding=\"async\" width=\"464\" height=\"319\" src=\"https:\/\/fablabazuero.utp.ac.pa\/wp-content\/uploads\/2024\/01\/Noticia4.png\" class=\"attachment-large size-large wp-image-972\" alt=\"\" srcset=\"https:\/\/fablabazuero.utp.ac.pa\/wp-content\/uploads\/2024\/01\/Noticia4.png 464w, https:\/\/fablabazuero.utp.ac.pa\/wp-content\/uploads\/2024\/01\/Noticia4-300x206.png 300w\" sizes=\"(max-width: 464px) 100vw, 464px\" \/>\t\t\t\t\t\t\t\t\t\t\t\t\t\t\t<\/div>\n\t\t\t\t<\/div>\n\t\t\t\t\t<\/div>\n\t\t<\/div>\n\t\t\t\t\t<\/div>\n\t\t<\/section>\n\t\t\t\t<section class=\"elementor-section elementor-top-section elementor-element elementor-element-4803543 elementor-section-boxed elementor-section-height-default elementor-section-height-default\" data-id=\"4803543\" data-element_type=\"section\">\n\t\t\t\t\t\t<div class=\"elementor-container elementor-column-gap-default\">\n\t\t\t\t\t<div class=\"elementor-column elementor-col-100 elementor-top-column elementor-element elementor-element-43490fa\" data-id=\"43490fa\" data-element_type=\"column\">\n\t\t\t<div class=\"elementor-widget-wrap elementor-element-populated\">\n\t\t\t\t\t\t<div class=\"elementor-element elementor-element-31a9dc7 elementor-widget elementor-widget-text-editor\" data-id=\"31a9dc7\" data-element_type=\"widget\" data-widget_type=\"text-editor.default\">\n\t\t\t\t<div class=\"elementor-widget-container\">\n\t\t\t\t\t\t\t\t\t<p>La Dra. Mar\u00edn tambi\u00e9n fue parte del proyecto presentado en APANAC: Techo ajustable para invernaderos en terrenos con pendiente (Hillside Greenhouse), autores: Anibal Fossatti, Karen Caballero, Nacar\u00ed Mar\u00edn, Giancarlo Ruiz y Yaxiela Salado. Cabe destacar el apoyo del FABLAB UTP Azuero en el desarrollo de este proyecto, concretamente en el dise\u00f1o y construcci\u00f3n de la maqueta del techo ajustable para invernaderos en terrenos con pendiente.<\/p>\t\t\t\t\t\t\t\t<\/div>\n\t\t\t\t<\/div>\n\t\t\t\t\t<\/div>\n\t\t<\/div>\n\t\t\t\t\t<\/div>\n\t\t<\/section>\n\t\t\t\t<section class=\"elementor-section elementor-top-section elementor-element elementor-element-926087a elementor-section-boxed elementor-section-height-default elementor-section-height-default\" data-id=\"926087a\" data-element_type=\"section\">\n\t\t\t\t\t\t<div class=\"elementor-container elementor-column-gap-default\">\n\t\t\t\t\t<div class=\"elementor-column elementor-col-100 elementor-top-column elementor-element elementor-element-5b3b0bc\" data-id=\"5b3b0bc\" data-element_type=\"column\">\n\t\t\t<div class=\"elementor-widget-wrap elementor-element-populated\">\n\t\t\t\t\t\t<div class=\"elementor-element elementor-element-c152fa1 elementor-widget elementor-widget-image\" data-id=\"c152fa1\" data-element_type=\"widget\" data-widget_type=\"image.default\">\n\t\t\t\t<div class=\"elementor-widget-container\">\n\t\t\t\t\t\t\t\t\t\t\t\t\t\t\t<img loading=\"lazy\" decoding=\"async\" width=\"382\" height=\"237\" src=\"https:\/\/fablabazuero.utp.ac.pa\/wp-content\/uploads\/2024\/01\/Noticia5.png\" class=\"attachment-large size-large wp-image-984\" alt=\"\" srcset=\"https:\/\/fablabazuero.utp.ac.pa\/wp-content\/uploads\/2024\/01\/Noticia5.png 382w, https:\/\/fablabazuero.utp.ac.pa\/wp-content\/uploads\/2024\/01\/Noticia5-300x186.png 300w\" sizes=\"(max-width: 382px) 100vw, 382px\" \/>\t\t\t\t\t\t\t\t\t\t\t\t\t\t\t<\/div>\n\t\t\t\t<\/div>\n\t\t\t\t\t<\/div>\n\t\t<\/div>\n\t\t\t\t\t<\/div>\n\t\t<\/section>\n\t\t\t\t<\/div>\n\t\t","protected":false},"excerpt":{"rendered":"<p>Proyectos UTP Azuero &#8211; FABLAB UTP Azuero participan en APANAC 2023 Estudiantes, docentes e investigadores del Centro Regional de Azuero de la UTP participaron del en el XIX Congreso Nacional de Ciencia y Tecnolog\u00eda APANAC 2023, evento que se llev\u00f3 a cabo del 27 al 29 de septiembre de 2023, en Ciudad de Panam\u00e1. La [&hellip;]<\/p>\n","protected":false},"author":1,"featured_media":0,"parent":0,"menu_order":0,"comment_status":"closed","ping_status":"closed","template":"","meta":{"saved_in_kubio":false,"footnotes":""},"class_list":["post-976","page","type-page","status-publish","hentry"],"kubio_ai_page_context":{"short_desc":"","purpose":"general"},"_links":{"self":[{"href":"https:\/\/fablabazuero.utp.ac.pa\/index.php?rest_route=\/wp\/v2\/pages\/976","targetHints":{"allow":["GET"]}}],"collection":[{"href":"https:\/\/fablabazuero.utp.ac.pa\/index.php?rest_route=\/wp\/v2\/pages"}],"about":[{"href":"https:\/\/fablabazuero.utp.ac.pa\/index.php?rest_route=\/wp\/v2\/types\/page"}],"author":[{"embeddable":true,"href":"https:\/\/fablabazuero.utp.ac.pa\/index.php?rest_route=\/wp\/v2\/users\/1"}],"replies":[{"embeddable":true,"href":"https:\/\/fablabazuero.utp.ac.pa\/index.php?rest_route=%2Fwp%2Fv2%2Fcomments&post=976"}],"version-history":[{"count":7,"href":"https:\/\/fablabazuero.utp.ac.pa\/index.php?rest_route=\/wp\/v2\/pages\/976\/revisions"}],"predecessor-version":[{"id":987,"href":"https:\/\/fablabazuero.utp.ac.pa\/index.php?rest_route=\/wp\/v2\/pages\/976\/revisions\/987"}],"wp:attachment":[{"href":"https:\/\/fablabazuero.utp.ac.pa\/index.php?rest_route=%2Fwp%2Fv2%2Fmedia&parent=976"}],"curies":[{"name":"wp","href":"https:\/\/api.w.org\/{rel}","templated":true}]}}